{"id":4028,"date":"2025-09-10T10:33:36","date_gmt":"2025-09-10T08:33:36","guid":{"rendered":"https:\/\/vozolpuff.de\/?post_type=product&#038;p=4028"},"modified":"2025-09-10T10:33:36","modified_gmt":"2025-09-10T08:33:36","slug":"randm-tornado-7000-pacific-cooler","status":"publish","type":"product","link":"https:\/\/vozolpuff.de\/pl\/produkt\/randm-tornado-7000-pacific-cooler\/","title":{"rendered":"RandM Tornado 7000 Pacific Cooler"},"content":{"rendered":"<h2 class=\"text-xl font-bold text-text-100 mt-1 -mb-0.5\">RandM Tornado 7000 Pacific Cooler Tropical jednorazowy Vape<\/h2>\n<p class=\"whitespace-normal break-words\">Przenie\u015b si\u0119 w tropikalne klimaty dzi\u0119ki RandM Tornado 7000 Pacific Cooler. Ta egzotyczna mieszanka \u0142\u0105czy w sobie orze\u017awiaj\u0105ce owoce tropikalne i oferuje 7000 zaci\u0105gni\u0119\u0107 czystej wakacyjnej przyjemno\u015bci z pojemnego 14 ml zbiornika z opcjami nikotyny od 0% do 5%.<\/p>\n<h3 class=\"text-lg font-bold text-text-100 mt-1 -mb-1.5\">Pacific Cooler Tropikalny raj:<\/h3>\n<p class=\"whitespace-normal break-words\">Pacific Cooler uciele\u015bnia najlepsze tropikalne doznania dzi\u0119ki starannie dobranej mieszance egzotycznych owoc\u00f3w. Ta rajska kombinacja smak\u00f3w jest optymalnie rozwijana przez precyzyjn\u0105 technologi\u0119 cewki siatkowej i zapewnia autentyczne tropikalne wibracje.<\/p>\n<p class=\"whitespace-normal break-words\">Pot\u0119\u017cny magazyn energii o pojemno\u015bci 850 mAh z funkcj\u0105 szybkiego \u0142adowania typu C zapewnia ci\u0105g\u0142\u0105 dost\u0119pno\u015b\u0107, a precyzyjna kontrola przep\u0142ywu powietrza umo\u017cliwia spersonalizowane wra\u017cenia z waporyzacji. To techniczne zaawansowanie sprawia, \u017ce ka\u017cda sesja staje si\u0119 podr\u00f3\u017c\u0105 do raju.<\/p>\n<p class=\"whitespace-normal break-words\">Natychmiastowa aktywacja zaci\u0105gania i elegancka obudowa sprawiaj\u0105, \u017ce ten e-papieros jest idealn\u0105 ucieczk\u0105 dla mi\u0142o\u015bnik\u00f3w tropikalnych smak\u00f3w, kt\u00f3rzy oczekuj\u0105 najwy\u017cszych standard\u00f3w jako\u015bci.<\/p>\n<h3 class=\"text-lg font-bold text-text-100 mt-1 -mb-1.5\">Sprz\u0119t Pacific Cooler:<\/h3>\n<p class=\"whitespace-normal break-words\">Spektrum nikotyny: 0%, 2%, 3%, 5%<br \/>\nRozmiar zbiornika: 14 ML<br \/>\nZakres dmuchania: 7000<br \/>\nRegulacja przep\u0142ywu powietrza<br \/>\n\u2611 Port \u0142adowania typu C<br \/>\nAkumulator 850 mAh<br \/>\nProfesjonalne odparowywanie siatki<\/p>\n<p class=\"whitespace-normal break-words\">Zapraszamy do zapoznania si\u0119 z nasz\u0105 bogat\u0105 ofert\u0105 <strong><a class=\"underline\" href=\"https:\/\/vozolpuff.de\/pl\/\">Asortyment online<\/a><\/strong> lub odkryj ekskluzywne <strong><a class=\"underline\" href=\"https:\/\/vozolpuff.de\/pl\/product-category\/fumot-vape\/\">Linia produkt\u00f3w FUMOT VAPE<\/a><\/strong>. Wszystko <strong><a class=\"underline\" href=\"https:\/\/vozolpuff.de\/pl\/product-category\/fumot-vape\/randm-tornado-7000\/\">Opcje smakowe RandM Tornado 7000<\/a><\/strong> s\u0105 dost\u0119pne.<\/p>","protected":false},"excerpt":{"rendered":"<p class=\"whitespace-normal break-words\">Jednorazowy waporyzator RandM Tornado 7000 Pacific Cooler przeniesie Ci\u0119 do raju dzi\u0119ki egzotycznym owocom tropikalnym. 7000 zaci\u0105gni\u0119\u0107, 14 ml e-liquidu, akumulator 850 mAh z \u0142adowaniem typu C. Siatkowa cewka zapewnia autentyczne tropikalne wibracje. Dost\u0119pny w wersjach 0%, 2%, 3% i 5%.<\/p>\n<p class=\"whitespace-normal break-words\">","protected":false},"featured_media":4032,"comment_status":"open","ping_status":"closed","template":"","meta":{"_acf_changed":false},"product_brand":[],"product_cat":[50],"product_tag":[],"class_list":{"0":"post-4028","1":"product","2":"type-product","3":"status-publish","4":"has-post-thumbnail","6":"product_cat-randm-tornado-7000","8":"first","9":"instock","10":"shipping-taxable","11":"purchasable","12":"product-type-variable"},"acf":[],"_links":{"self":[{"href":"https:\/\/vozolpuff.de\/pl\/wp-json\/wp\/v2\/product\/4028","targetHints":{"allow":["GET"]}}],"collection":[{"href":"https:\/\/vozolpuff.de\/pl\/wp-json\/wp\/v2\/product"}],"about":[{"href":"https:\/\/vozolpuff.de\/pl\/wp-json\/wp\/v2\/types\/product"}],"replies":[{"embeddable":true,"href":"https:\/\/vozolpuff.de\/pl\/wp-json\/wp\/v2\/comments?post=4028"}],"wp:featuredmedia":[{"embeddable":true,"href":"https:\/\/vozolpuff.de\/pl\/wp-json\/wp\/v2\/media\/4032"}],"wp:attachment":[{"href":"https:\/\/vozolpuff.de\/pl\/wp-json\/wp\/v2\/media?parent=4028"}],"wp:term":[{"taxonomy":"product_brand","embeddable":true,"href":"https:\/\/vozolpuff.de\/pl\/wp-json\/wp\/v2\/product_brand?post=4028"},{"taxonomy":"product_cat","embeddable":true,"href":"https:\/\/vozolpuff.de\/pl\/wp-json\/wp\/v2\/product_cat?post=4028"},{"taxonomy":"product_tag","embeddable":true,"href":"https:\/\/vozolpuff.de\/pl\/wp-json\/wp\/v2\/product_tag?post=4028"}],"curies":[{"name":"wp","href":"https:\/\/api.w.org\/{rel}","templated":true}]}}