{"id":4037,"date":"2025-09-10T10:36:18","date_gmt":"2025-09-10T08:36:18","guid":{"rendered":"https:\/\/vozolpuff.de\/?post_type=product&#038;p=4037"},"modified":"2025-09-10T10:36:18","modified_gmt":"2025-09-10T08:36:18","slug":"randm-tornado-7000-ice-pop","status":"publish","type":"product","link":"https:\/\/vozolpuff.de\/pl\/produkt\/randm-tornado-7000-ice-pop\/","title":{"rendered":"RandM Tornado 7000 Ice Pop"},"content":{"rendered":"<h2 class=\"text-xl font-bold text-text-100 mt-1 -mb-0.5\">RandM Tornado 7000 Ice Pop Ch\u0142odz\u0105ce orze\u017awienie Jednorazowe<\/h2>\n<p class=\"whitespace-normal break-words\">Ciesz si\u0119 lodowatym orze\u017awieniem dzi\u0119ki RandM Tornado 7000 Ice Pop. Ten ch\u0142odz\u0105cy smak \u0142\u0105czy s\u0142odkie aromaty owocowe z orze\u017awiaj\u0105cym efektem ch\u0142odzenia i zapewnia 7000 orze\u017awiaj\u0105cych zaci\u0105gni\u0119\u0107 z 14 ml zapasu o elastycznym st\u0119\u017ceniu nikotyny od 0% do 5%.<\/p>\n<h3 class=\"text-lg font-bold text-text-100 mt-1 -mb-1.5\">Lody na patyku Lodowata s\u0142odycz:<\/h3>\n<p class=\"whitespace-normal break-words\">Ice Pop tworzy autentyczne wra\u017cenie mro\u017conego owocowego loda dzi\u0119ki idealnej r\u00f3wnowadze s\u0142odkich owoc\u00f3w i intensywnego efektu ch\u0142odzenia. Ta orze\u017awiaj\u0105ca kombinacja aromat\u00f3w jest optymalnie realizowana przez zaawansowany system cewki siatkowej i zapewnia maksymaln\u0105 intensywno\u015b\u0107 smaku.<\/p>\n<p class=\"whitespace-normal break-words\">Sprawdzony system akumulator\u00f3w o pojemno\u015bci 850 mAh z praktycznym \u0142adowaniem typu C gwarantuje niezawodne dzia\u0142anie, a indywidualnie regulowany przep\u0142yw powietrza umo\u017cliwia dostosowanie urz\u0105dzenia do osobistych preferencji. Ta innowacja techniczna zapewnia niezr\u00f3wnane wra\u017cenia zwi\u0105zane z ch\u0142odzeniem.<\/p>\n<p class=\"whitespace-normal break-words\">Natychmiastowa gotowo\u015b\u0107 do u\u017cycia dzi\u0119ki automatycznej aktywacji zaci\u0105gni\u0119cia si\u0119 oraz smuk\u0142a konstrukcja sprawiaj\u0105, \u017ce ten e-papieros jest idealnym wyborem dla wszystkich, kt\u00f3rzy chc\u0105 do\u015bwiadczy\u0107 doskona\u0142ego po\u0142\u0105czenia intensywnego ch\u0142odu i s\u0142odkich owocowych aromat\u00f3w.<\/p>\n<h3 class=\"text-lg font-bold text-text-100 mt-1 -mb-1.5\">Specyfikacja urz\u0105dzenia Ice Pop:<\/h3>\n<p class=\"whitespace-normal break-words\">\u2611 0% \/ 2% \/ 3% \/ 5% Wyb\u00f3r nikotyny<br \/>\n\u2611 14 ml obj\u0119to\u015bci e-liquidu<br \/>\n\u2611 Pojemno\u015b\u0107 7000 poci\u0105g\u00f3w<br \/>\n\u2611 Regulowana cyrkulacja powietrza<br \/>\n\u2611 Szybka \u0142adowarka USB-C<br \/>\n\u2611 Bateria o du\u017cej pojemno\u015bci 850 mAh<br \/>\n\u2611 Zaawansowana technologia siateczkowa<\/p>\n<p class=\"whitespace-normal break-words\">Przegl\u0105daj nasze <strong><a class=\"underline\" href=\"https:\/\/vozolpuff.de\/pl\/\">G\u0142\u00f3wny sklep internetowy<\/a><\/strong> szukaj\u0105c dalszych opcji ch\u0142odzenia lub odkrywaj\u0105c r\u00f3\u017cnorodno\u015b\u0107 <strong><a class=\"underline\" href=\"https:\/\/vozolpuff.de\/pl\/product-category\/fumot-vape\/\">Wyb\u00f3r FUMOT VAPE<\/a><\/strong>. Kompletny <strong><a class=\"underline\" href=\"https:\/\/vozolpuff.de\/pl\/product-category\/fumot-vape\/randm-tornado-7000\/\">Kolekcja smak\u00f3w RandM Tornado 7000<\/a><\/strong> jest do Pa\u0144stwa dyspozycji.<\/p>","protected":false},"excerpt":{"rendered":"<p class=\"whitespace-normal break-words\">Jednorazowy vape RandM Tornado 7000 Ice Pop \u0142\u0105czy s\u0142odkie aromaty owocowe z intensywnym efektem ch\u0142odzenia, zapewniaj\u0105c lodowate orze\u017awienie. 7000 zaci\u0105gni\u0119\u0107, 14 ml e-liquidu, akumulator 850 mAh z \u0142adowaniem typu C. Cewka siatkowa zapewniaj\u0105ca maksymalne ch\u0142odzenie. Dost\u0119pny z nikotyn\u0105 0%, 2%, 3% i 5%.<\/p>\n<p class=\"whitespace-normal break-words\">","protected":false},"featured_media":4041,"comment_status":"open","ping_status":"closed","template":"","meta":{"_acf_changed":false},"product_brand":[],"product_cat":[50],"product_tag":[],"class_list":{"0":"post-4037","1":"product","2":"type-product","3":"status-publish","4":"has-post-thumbnail","6":"product_cat-randm-tornado-7000","8":"first","9":"instock","10":"shipping-taxable","11":"purchasable","12":"product-type-variable"},"acf":[],"_links":{"self":[{"href":"https:\/\/vozolpuff.de\/pl\/wp-json\/wp\/v2\/product\/4037","targetHints":{"allow":["GET"]}}],"collection":[{"href":"https:\/\/vozolpuff.de\/pl\/wp-json\/wp\/v2\/product"}],"about":[{"href":"https:\/\/vozolpuff.de\/pl\/wp-json\/wp\/v2\/types\/product"}],"replies":[{"embeddable":true,"href":"https:\/\/vozolpuff.de\/pl\/wp-json\/wp\/v2\/comments?post=4037"}],"wp:featuredmedia":[{"embeddable":true,"href":"https:\/\/vozolpuff.de\/pl\/wp-json\/wp\/v2\/media\/4041"}],"wp:attachment":[{"href":"https:\/\/vozolpuff.de\/pl\/wp-json\/wp\/v2\/media?parent=4037"}],"wp:term":[{"taxonomy":"product_brand","embeddable":true,"href":"https:\/\/vozolpuff.de\/pl\/wp-json\/wp\/v2\/product_brand?post=4037"},{"taxonomy":"product_cat","embeddable":true,"href":"https:\/\/vozolpuff.de\/pl\/wp-json\/wp\/v2\/product_cat?post=4037"},{"taxonomy":"product_tag","embeddable":true,"href":"https:\/\/vozolpuff.de\/pl\/wp-json\/wp\/v2\/product_tag?post=4037"}],"curies":[{"name":"wp","href":"https:\/\/api.w.org\/{rel}","templated":true}]}}