{"id":4046,"date":"2025-09-10T10:38:57","date_gmt":"2025-09-10T08:38:57","guid":{"rendered":"https:\/\/vozolpuff.de\/?post_type=product&#038;p=4046"},"modified":"2025-09-10T10:38:57","modified_gmt":"2025-09-10T08:38:57","slug":"randm-tornado-7000-bingo-crush","status":"publish","type":"product","link":"https:\/\/vozolpuff.de\/pl\/produkt\/randm-tornado-7000-bingo-crush\/","title":{"rendered":"RandM Tornado 7000 Bingo Crush"},"content":{"rendered":"<h2 class=\"text-xl font-bold text-text-100 mt-1 -mb-0.5\">RandM Tornado 7000 Bingo Crush S\u0142odka inspiracja do gier vape<\/h2>\n<p class=\"whitespace-normal break-words\">Do\u015bwiadcz zabawnej s\u0142odyczy dzi\u0119ki RandM Tornado 7000 Bingo Crush. Ta zabawna kreacja smakowa \u0142\u0105czy w sobie kolorowe smaki cukierk\u00f3w i oferuje 7000 zaci\u0105gni\u0119\u0107 z pojemnika o pojemno\u015bci 14 ml z wariantami nikotyny od 0% do 5%.<\/p>\n<h3 class=\"text-lg font-bold text-text-100 mt-1 -mb-1.5\">Cukierkowa przygoda w Bingo Crush:<\/h3>\n<p class=\"whitespace-normal break-words\">Bingo Crush przenosi do \u015bwiata kolorowych s\u0142odyczy z ekscytuj\u0105c\u0105 mieszank\u0105 r\u00f3\u017cnych smak\u00f3w cukierk\u00f3w. To zabawne po\u0142\u0105czenie smak\u00f3w jest precyzyjnie odtwarzane przez innowacyjn\u0105 technologi\u0119 zwoj\u00f3w siatki i zapewnia autentyczn\u0105 cukiernicz\u0105 nostalgi\u0119.<\/p>\n<p class=\"whitespace-normal break-words\">Wydajna bateria 850 mAh z nowoczesn\u0105 funkcj\u0105 \u0142adowania typu C zapewnia d\u0142ugotrwa\u0142\u0105 dost\u0119pno\u015b\u0107, a zmienna regulacja przep\u0142ywu powietrza umo\u017cliwia idealn\u0105 personalizacj\u0119. Ta techniczna doskona\u0142o\u015b\u0107 sprawia, \u017ce ka\u017cde zaci\u0105gni\u0119cie si\u0119 jest s\u0142odk\u0105 przyjemno\u015bci\u0105.<\/p>\n<p class=\"whitespace-normal break-words\">Przyjazna dla u\u017cytkownika funkcja aktywacji przez naci\u015bni\u0119cie i atrakcyjny wygl\u0105d sprawiaj\u0105, \u017ce ten e-papieros jest idealnym towarzyszem dla ka\u017cdego, kto ceni sobie s\u0142odkie, zabawne smaki i nowoczesn\u0105 technologi\u0119 w r\u00f3wnym stopniu.<\/p>\n<h3 class=\"text-lg font-bold text-text-100 mt-1 -mb-1.5\">Cechy produktu Bingo Crush:<\/h3>\n<p class=\"whitespace-normal break-words\">Opcje nikotyny: 0%, 2%, 3%, 5%<br \/>\nIlo\u015b\u0107 p\u0142ynu: 14 ML<br \/>\nLiczba poci\u0105g\u00f3w: 7000 na jednostk\u0119<br \/>\nRegulowany przep\u0142yw powietrza<br \/>\n\u0141adowanie typu C<br \/>\nZintegrowana bateria 850 mAh<br \/>\nStruktura cewki z siatki premium<\/p>\n<p class=\"whitespace-normal break-words\">Odkryj nasz\u0105 pe\u0142n\u0105 ofert\u0119 <strong><a class=\"underline\" href=\"https:\/\/vozolpuff.de\/pl\/\">Portfolio produkt\u00f3w<\/a><\/strong> lub poznaj innowacyjne <strong><a class=\"underline\" href=\"https:\/\/vozolpuff.de\/pl\/product-category\/fumot-vape\/\">Kategoria FUMOT VAPE<\/a><\/strong>. Ca\u0142y <strong><a class=\"underline\" href=\"https:\/\/vozolpuff.de\/pl\/product-category\/fumot-vape\/randm-tornado-7000\/\">\u015awiat smaku RandM Tornado 7000<\/a><\/strong> czeka na Twoj\u0105 odkrywcz\u0105 podr\u00f3\u017c.<\/p>","protected":false},"excerpt":{"rendered":"<p class=\"whitespace-normal break-words\">Jednorazowy waporyzator RandM Tornado 7000 Bingo Crush oferuje zabawne, cukierkowe smaki dla kolorowej, cukierkowej przygody. 7000 zaci\u0105gni\u0119\u0107, 14 ml e-liquidu, akumulator 850 mAh z \u0142adowaniem typu C. Siatkowa cewka zapewnia autentyczn\u0105 cukierkow\u0105 nostalgi\u0119. Dost\u0119pny w wersjach 0%, 2%, 3% i 5%.<\/p>\n<p class=\"whitespace-normal break-words\">","protected":false},"featured_media":4049,"comment_status":"open","ping_status":"closed","template":"","meta":{"_acf_changed":false},"product_brand":[],"product_cat":[50],"product_tag":[],"class_list":{"0":"post-4046","1":"product","2":"type-product","3":"status-publish","4":"has-post-thumbnail","6":"product_cat-randm-tornado-7000","8":"first","9":"instock","10":"shipping-taxable","11":"purchasable","12":"product-type-variable"},"acf":[],"_links":{"self":[{"href":"https:\/\/vozolpuff.de\/pl\/wp-json\/wp\/v2\/product\/4046","targetHints":{"allow":["GET"]}}],"collection":[{"href":"https:\/\/vozolpuff.de\/pl\/wp-json\/wp\/v2\/product"}],"about":[{"href":"https:\/\/vozolpuff.de\/pl\/wp-json\/wp\/v2\/types\/product"}],"replies":[{"embeddable":true,"href":"https:\/\/vozolpuff.de\/pl\/wp-json\/wp\/v2\/comments?post=4046"}],"wp:featuredmedia":[{"embeddable":true,"href":"https:\/\/vozolpuff.de\/pl\/wp-json\/wp\/v2\/media\/4049"}],"wp:attachment":[{"href":"https:\/\/vozolpuff.de\/pl\/wp-json\/wp\/v2\/media?parent=4046"}],"wp:term":[{"taxonomy":"product_brand","embeddable":true,"href":"https:\/\/vozolpuff.de\/pl\/wp-json\/wp\/v2\/product_brand?post=4046"},{"taxonomy":"product_cat","embeddable":true,"href":"https:\/\/vozolpuff.de\/pl\/wp-json\/wp\/v2\/product_cat?post=4046"},{"taxonomy":"product_tag","embeddable":true,"href":"https:\/\/vozolpuff.de\/pl\/wp-json\/wp\/v2\/product_tag?post=4046"}],"curies":[{"name":"wp","href":"https:\/\/api.w.org\/{rel}","templated":true}]}}