{"id":4243,"date":"2025-09-12T04:08:00","date_gmt":"2025-09-12T02:08:00","guid":{"rendered":"https:\/\/vozolpuff.de\/?post_type=product&#038;p=4243"},"modified":"2025-09-29T12:52:47","modified_gmt":"2025-09-29T10:52:47","slug":"waspe-aiviou-60000-watermelon-ice-strawberry-kiwi-lemon-lime","status":"publish","type":"product","link":"https:\/\/vozolpuff.de\/pl\/produkt\/waspe-aiviou-60000-watermelon-ice-strawberry-kiwi-lemon-lime\/","title":{"rendered":"WASPE AIVIOU 60000 Watermelon Ice\/Strawberry Kiwi\/Lemon Lime"},"content":{"rendered":"<h2 class=\"text-xl font-bold text-text-100 mt-1 -mb-0.5\">WASPE AIVIOU 60000 Arbuzowy l\u00f3d\/Truskawka Kiwi\/Cytryna Limonka Jednorazowy vape<\/h2>\n<p class=\"whitespace-normal break-words\">WASPE AIVIOU 60000 z kombinacj\u0105 smak\u00f3w Watermelon Ice, Strawberry Kiwi i Lemon Lime oferuje trzy wyj\u0105tkowe doznania smakowe w jednym innowacyjnym urz\u0105dzeniu. Dzi\u0119ki imponuj\u0105cej pojemno\u015bci 60 000 zaci\u0105gni\u0119\u0107, trzem prze\u0142\u0105czanym trybom smaku i regulowanej zawarto\u015bci nikotyny od 0% do 5%, ten jednorazowy papieros premium \u0142\u0105czy w sobie wszechstronno\u015b\u0107 z najwy\u017csz\u0105 wydajno\u015bci\u0105. Du\u017cy zbiornik na e-liquid o pojemno\u015bci 54 ml i inteligentny wy\u015bwietlacz LED zapewniaj\u0105 p\u0142ynn\u0105 przyjemno\u015b\u0107 z wapowania.<\/p>\n<h3 class=\"text-lg font-bold text-text-100 mt-1 -mb-1.5\">Potr\u00f3jna r\u00f3\u017cnorodno\u015b\u0107 smak\u00f3w<\/h3>\n<p class=\"whitespace-normal break-words\">Ten rewolucyjny jednorazowy e-papieros umo\u017cliwia swobodne prze\u0142\u0105czanie si\u0119 mi\u0119dzy trzema r\u00f3\u017cnymi smakami: orze\u017awiaj\u0105cym arbuzem o ch\u0142odz\u0105cym dzia\u0142aniu, tropikaln\u0105 mieszank\u0105 truskawki i kiwi oraz pobudzaj\u0105c\u0105 \u015bwie\u017co\u015bci\u0105 cytrus\u00f3w i limonki. Ka\u017cdy smak jest optymalnie podkre\u015blony przez oddzielne cewki siatkowe 0,9 \u03a9 i zapewnia indywidualne doznania podczas wapowania.<\/p>\n<p class=\"whitespace-normal break-words\">Wydajny akumulator o pojemno\u015bci 650 mAh z funkcj\u0105 szybkiego \u0142adowania typu C gwarantuje niezawodn\u0105 wydajno\u015b\u0107 dla wszystkich trzech smak\u00f3w. Inteligentny wy\u015bwietlacz na bie\u017c\u0105co informuje o czasie pracy baterii i poziomie nape\u0142nienia ka\u017cdego zbiornika aromatu.<\/p>\n<h3 class=\"text-lg font-bold text-text-100 mt-1 -mb-1.5\">Odkryj wi\u0119cej WASPE VAPE na vozolpuff<\/h3>\n<p class=\"whitespace-normal break-words\">Odkryj wi\u0119cej najwy\u017cszej klasy produkt\u00f3w vapour w naszej ofercie <strong><a class=\"underline\" href=\"https:\/\/vozolpuff.de\/pl\/\">Sklep internetowy z e-papierosami<\/a><\/strong>zapoznaj si\u0119 z pe\u0142n\u0105 <strong><a class=\"underline\" href=\"https:\/\/vozolpuff.de\/pl\/product-category\/waspe-vape\/\">Kolekcja WASPE VAPE<\/a><\/strong> lub wybra\u0107 spo\u015br\u00f3d wszystkich <strong><a class=\"underline\" href=\"https:\/\/vozolpuff.de\/pl\/product-category\/waspe-vape\/waspe-aiviou-60000\/\">WASPE AIVIOU 60000 Paleta smak\u00f3w<\/a><\/strong>.<\/p>","protected":false},"excerpt":{"rendered":"<div>\n<div class=\"grid-cols-1 grid gap-2.5 [&amp;_&gt;_*]:min-w-0 !gap-3.5\">\n<p class=\"whitespace-normal break-words\">Die WASPE AIVIOU 60000 Watermelon Ice\/Strawberry Kiwi\/Lemon Lime Einweg-Vape vereint drei Premium-Aromen in einem Ger\u00e4t. 60.000 Z\u00fcge Kapazit\u00e4t, umschaltbare Modi, 54ml E-Liquid-Tank, 0-5% Nikotin und 650mAh Akku mit Type-C Ladefunktion f\u00fcr ultimativen Dampfgenuss.<\/p>\n<\/div>\n<\/div>\n<div class=\"h-8\"><\/div>\n","protected":false},"featured_media":4246,"comment_status":"open","ping_status":"closed","template":"","meta":{"_acf_changed":false},"product_brand":[],"product_cat":[53],"product_tag":[],"class_list":{"0":"post-4243","1":"product","2":"type-product","3":"status-publish","4":"has-post-thumbnail","6":"product_cat-waspe-aiviou-60000","8":"first","9":"instock","10":"shipping-taxable","11":"purchasable","12":"product-type-variable"},"acf":[],"_links":{"self":[{"href":"https:\/\/vozolpuff.de\/pl\/wp-json\/wp\/v2\/product\/4243","targetHints":{"allow":["GET"]}}],"collection":[{"href":"https:\/\/vozolpuff.de\/pl\/wp-json\/wp\/v2\/product"}],"about":[{"href":"https:\/\/vozolpuff.de\/pl\/wp-json\/wp\/v2\/types\/product"}],"replies":[{"embeddable":true,"href":"https:\/\/vozolpuff.de\/pl\/wp-json\/wp\/v2\/comments?post=4243"}],"wp:featuredmedia":[{"embeddable":true,"href":"https:\/\/vozolpuff.de\/pl\/wp-json\/wp\/v2\/media\/4246"}],"wp:attachment":[{"href":"https:\/\/vozolpuff.de\/pl\/wp-json\/wp\/v2\/media?parent=4243"}],"wp:term":[{"taxonomy":"product_brand","embeddable":true,"href":"https:\/\/vozolpuff.de\/pl\/wp-json\/wp\/v2\/product_brand?post=4243"},{"taxonomy":"product_cat","embeddable":true,"href":"https:\/\/vozolpuff.de\/pl\/wp-json\/wp\/v2\/product_cat?post=4243"},{"taxonomy":"product_tag","embeddable":true,"href":"https:\/\/vozolpuff.de\/pl\/wp-json\/wp\/v2\/product_tag?post=4243"}],"curies":[{"name":"wp","href":"https:\/\/api.w.org\/{rel}","templated":true}]}}