{"id":4252,"date":"2025-09-12T04:13:16","date_gmt":"2025-09-12T02:13:16","guid":{"rendered":"https:\/\/vozolpuff.de\/?post_type=product&#038;p=4252"},"modified":"2025-09-29T12:52:37","modified_gmt":"2025-09-29T10:52:37","slug":"waspe-aiviou-60000-strawberry-watermelon-strawberry-raspberry-candy-grape-ice","status":"publish","type":"product","link":"https:\/\/vozolpuff.de\/pl\/produkt\/waspe-aiviou-60000-strawberry-watermelon-strawberry-raspberry-candy-grape-ice\/","title":{"rendered":"WASPE AIVIOU 60000 Truskawkowy arbuz\/truskawkowo-malinowy cukierek\/l\u00f3d winogronowy"},"content":{"rendered":"<h2 class=\"text-xl font-bold text-text-100 mt-1 -mb-0.5\">WASPE AIVIOU 60000 Truskawka i arbuz\/Truskawka i malina\/Winogrono lodowe Jednorazowy vape<\/h2>\n<p class=\"whitespace-normal break-words\">Odkryj trzy owocowe smaki dzi\u0119ki WASPE AIVIOU 60000 w kombinacji truskawka-arbuz, truskawka-malina i winogrono-l\u00f3d. Ten wyj\u0105tkowy jednorazowy e-papieros zapewnia 60 000 aromatycznych zaci\u0105gni\u0119\u0107 dzi\u0119ki zaawansowanej technologii potr\u00f3jnej cewki i elastycznym opcjom nikotyny od 0% do 5%. Obfity zbiornik o pojemno\u015bci 54 ml i intuicyjny wy\u015bwietlacz LED sprawiaj\u0105, \u017ce ka\u017cda sesja wapowania jest indywidualnym doznaniem przyjemno\u015bci.<\/p>\n<h3 class=\"text-lg font-bold text-text-100 mt-1 -mb-1.5\">Trio aromat\u00f3w owocowych klasy premium<\/h3>\n<p class=\"whitespace-normal break-words\">Innowacyjna technologia potr\u00f3jnego smaku \u0142\u0105czy s\u0142odk\u0105 truskawk\u0119 z soczystym arbuzem, s\u0142odko-kwa\u015bn\u0105 truskawk\u0105 i malin\u0105 w wersji cukierkowej oraz ch\u0142odnymi winogronami o orze\u017awiaj\u0105cym efekcie. Ka\u017cdy aromat jest doskonale wydobywany przez specjalistyczne cewki siatkowe 0,9 \u03a9 i zapewnia wyj\u0105tkow\u0105 przyjemno\u015b\u0107 z wapowania za jednym naci\u015bni\u0119ciem przycisku.<\/p>\n<p class=\"whitespace-normal break-words\">Niezawodny akumulator litowy o pojemno\u015bci 650 mAh z technologi\u0105 szybkiego \u0142adowania typu C zapewnia sta\u0142\u0105 wydajno\u015b\u0107 dla wszystkich smak\u00f3w. Inteligentny system monitorowania wy\u015bwietla dok\u0142adny poziom na\u0142adowania akumulatora i poziomu p\u0142ynu dla ka\u017cdego zbiornika aromatu.<\/p>\n<h3 class=\"text-lg font-bold text-text-100 mt-1 -mb-1.5\">Odkryj wi\u0119cej WASPE VAPE na vozolpuff<\/h3>\n<p class=\"whitespace-normal break-words\">Odwied\u017a nasz\u0105 stron\u0119 <strong><a class=\"underline\" href=\"https:\/\/vozolpuff.de\/pl\/\">Sklep Premium Vape<\/a><\/strong> Aby zapozna\u0107 si\u0119 z innymi produktami wysokiej jako\u015bci, przejrzyj nasz\u0105 ofert\u0119. <strong><a class=\"underline\" href=\"https:\/\/vozolpuff.de\/pl\/product-category\/waspe-vape\/\">Seria produkt\u00f3w WASPE VAPE<\/a><\/strong> lub odkryj wszystko <strong><a class=\"underline\" href=\"https:\/\/vozolpuff.de\/pl\/product-category\/waspe-vape\/waspe-aiviou-60000\/\">WASPE AIVIOU 60000 wariant\u00f3w smakowych<\/a><\/strong>.<\/p>","protected":false},"excerpt":{"rendered":"<div>\n<div class=\"grid-cols-1 grid gap-2.5 [&amp;_&gt;_*]:min-w-0 !gap-3.5\">\n<p class=\"whitespace-normal break-words\">Die WASPE AIVIOU 60000 Strawberry Watermelon\/Strawberry Raspberry Candy\/Grape Ice Einweg-Vape bietet drei fruchtige Aromen in einem Ger\u00e4t. 60.000 Z\u00fcge, Dreifach-Coil-Technologie, 54ml Tank, 0-5% Nikotin und 650mAh Akku f\u00fcr individuellen Genuss.<\/p>\n<\/div>\n<\/div>\n<div class=\"h-8\"><\/div>\n","protected":false},"featured_media":4254,"comment_status":"open","ping_status":"closed","template":"","meta":{"_acf_changed":false},"product_brand":[],"product_cat":[53],"product_tag":[],"class_list":{"0":"post-4252","1":"product","2":"type-product","3":"status-publish","4":"has-post-thumbnail","6":"product_cat-waspe-aiviou-60000","8":"first","9":"instock","10":"shipping-taxable","11":"purchasable","12":"product-type-variable"},"acf":[],"_links":{"self":[{"href":"https:\/\/vozolpuff.de\/pl\/wp-json\/wp\/v2\/product\/4252","targetHints":{"allow":["GET"]}}],"collection":[{"href":"https:\/\/vozolpuff.de\/pl\/wp-json\/wp\/v2\/product"}],"about":[{"href":"https:\/\/vozolpuff.de\/pl\/wp-json\/wp\/v2\/types\/product"}],"replies":[{"embeddable":true,"href":"https:\/\/vozolpuff.de\/pl\/wp-json\/wp\/v2\/comments?post=4252"}],"wp:featuredmedia":[{"embeddable":true,"href":"https:\/\/vozolpuff.de\/pl\/wp-json\/wp\/v2\/media\/4254"}],"wp:attachment":[{"href":"https:\/\/vozolpuff.de\/pl\/wp-json\/wp\/v2\/media?parent=4252"}],"wp:term":[{"taxonomy":"product_brand","embeddable":true,"href":"https:\/\/vozolpuff.de\/pl\/wp-json\/wp\/v2\/product_brand?post=4252"},{"taxonomy":"product_cat","embeddable":true,"href":"https:\/\/vozolpuff.de\/pl\/wp-json\/wp\/v2\/product_cat?post=4252"},{"taxonomy":"product_tag","embeddable":true,"href":"https:\/\/vozolpuff.de\/pl\/wp-json\/wp\/v2\/product_tag?post=4252"}],"curies":[{"name":"wp","href":"https:\/\/api.w.org\/{rel}","templated":true}]}}