{"id":4260,"date":"2025-09-12T04:16:16","date_gmt":"2025-09-12T02:16:16","guid":{"rendered":"https:\/\/vozolpuff.de\/?post_type=product&#038;p=4260"},"modified":"2025-09-29T12:52:25","modified_gmt":"2025-09-29T10:52:25","slug":"waspe-aiviou-60000-blueberry-ice-black-dragon-ice-fizzy-cherry-ice","status":"publish","type":"product","link":"https:\/\/vozolpuff.de\/pl\/produkt\/waspe-aiviou-60000-blueberry-ice-black-dragon-ice-fizzy-cherry-ice\/","title":{"rendered":"WASPE AIVIOU 60000 Blueberry Ice\/Black Dragon Ice\/Fizzy Cherry Ice"},"content":{"rendered":"<h2 class=\"text-xl font-bold text-text-100 mt-1 -mb-0.5\">WASPE AIVIOU 60000 Blueberry Ice\/Black Dragon Ice\/Fizzy Cherry Ice jednorazowy vape<\/h2>\n<p class=\"whitespace-normal break-words\">WASPE AIVIOU 60000 z Blueberry Ice, Black Dragon Ice i Fizzy Cherry Ice \u0142\u0105czy w sobie trzy ch\u0142odne smaki zapewniaj\u0105ce doskona\u0142e orze\u017awienie. Dzi\u0119ki pojemno\u015bci 60 000 zaci\u0105gni\u0119\u0107 i trzem prze\u0142\u0105czanym trybom smakowym, ten innowacyjny jednorazowy papieros oferuje maksymaln\u0105 elastyczno\u015b\u0107 przy st\u0119\u017ceniach nikotyny od 0% do 5%. Du\u017cy pojemnik na e-liquid o pojemno\u015bci 54 ml i inteligentny wy\u015bwietlacz cyfrowy gwarantuj\u0105 d\u0142ugotrwa\u0142\u0105 przyjemno\u015b\u0107 z waporyzacji.<\/p>\n<h3 class=\"text-lg font-bold text-text-100 mt-1 -mb-1.5\">Fajna eksplozja smaku<\/h3>\n<p class=\"whitespace-normal break-words\">Ten wysokiej jako\u015bci jednorazowy e-papieros wykorzystuje najnowocze\u015bniejsz\u0105 technologi\u0119 potr\u00f3jnej siatki dla optymalnego rozwoju orze\u017awiaj\u0105cych smak\u00f3w: s\u0142odkich jag\u00f3d z efektem ch\u0142odzenia, tajemniczego Black Dragon z intensywnym ch\u0142odem i b\u0105belkowej wi\u015bni z mrowi\u0105cym wyko\u0144czeniem. Ka\u017cdy smak jest precyzyjnie temperowany przez oddzielne cewki 0,9\u03a9.<\/p>\n<p class=\"whitespace-normal break-words\">Wytrzyma\u0142a bateria 650 mAh z funkcj\u0105 szybkiego \u0142adowania typu C zapewnia niezawodne dzia\u0142anie wszystkich trzech wariant\u00f3w ch\u0142odzenia. System monitorowania LED zapewnia informacje w czasie rzeczywistym na temat \u017cywotno\u015bci baterii i poziomu cieczy w ka\u017cdym zbiorniku smakowym.<\/p>\n<h3 class=\"text-lg font-bold text-text-100 mt-1 -mb-1.5\">Odkryj wi\u0119cej WASPE VAPE na vozolpuff<\/h3>\n<p class=\"whitespace-normal break-words\">Odkryj wi\u0119cej produkt\u00f3w premium do waporyzacji w naszej ofercie <strong><a class=\"underline\" href=\"https:\/\/vozolpuff.de\/pl\/\">Sklep internetowy z jednorazowymi vape<\/a><\/strong>odkryj kompletne <strong><a class=\"underline\" href=\"https:\/\/vozolpuff.de\/pl\/product-category\/waspe-vape\/\">Wyb\u00f3r WASPE VAPE<\/a><\/strong> lub przegl\u0105da\u0107 wszystkie <strong><a class=\"underline\" href=\"https:\/\/vozolpuff.de\/pl\/product-category\/waspe-vape\/waspe-aiviou-60000\/\">Opcje smakowe WASPE AIVIOU 60000<\/a><\/strong>.<\/p>","protected":false},"excerpt":{"rendered":"<div>\n<div class=\"grid-cols-1 grid gap-2.5 [&amp;_&gt;_*]:min-w-0 !gap-3.5\">\n<p class=\"whitespace-normal break-words\">Die WASPE AIVIOU 60000 Blueberry Ice\/Black Dragon Ice\/Fizzy Cherry Ice Einweg-Vape vereint drei k\u00fchle Geschmackserlebnisse in einem Ger\u00e4t. 60.000 Z\u00fcge, Dreifach-Mesh-Technologie, 54ml Tank, 0-5% Nikotin und 650mAh Akku f\u00fcr ultimative Erfrischung.<\/p>\n<\/div>\n<\/div>\n<div class=\"h-8\"><\/div>\n","protected":false},"featured_media":4262,"comment_status":"open","ping_status":"closed","template":"","meta":{"_acf_changed":false},"product_brand":[],"product_cat":[53],"product_tag":[],"class_list":{"0":"post-4260","1":"product","2":"type-product","3":"status-publish","4":"has-post-thumbnail","6":"product_cat-waspe-aiviou-60000","8":"first","9":"instock","10":"shipping-taxable","11":"purchasable","12":"product-type-variable"},"acf":[],"_links":{"self":[{"href":"https:\/\/vozolpuff.de\/pl\/wp-json\/wp\/v2\/product\/4260","targetHints":{"allow":["GET"]}}],"collection":[{"href":"https:\/\/vozolpuff.de\/pl\/wp-json\/wp\/v2\/product"}],"about":[{"href":"https:\/\/vozolpuff.de\/pl\/wp-json\/wp\/v2\/types\/product"}],"replies":[{"embeddable":true,"href":"https:\/\/vozolpuff.de\/pl\/wp-json\/wp\/v2\/comments?post=4260"}],"wp:featuredmedia":[{"embeddable":true,"href":"https:\/\/vozolpuff.de\/pl\/wp-json\/wp\/v2\/media\/4262"}],"wp:attachment":[{"href":"https:\/\/vozolpuff.de\/pl\/wp-json\/wp\/v2\/media?parent=4260"}],"wp:term":[{"taxonomy":"product_brand","embeddable":true,"href":"https:\/\/vozolpuff.de\/pl\/wp-json\/wp\/v2\/product_brand?post=4260"},{"taxonomy":"product_cat","embeddable":true,"href":"https:\/\/vozolpuff.de\/pl\/wp-json\/wp\/v2\/product_cat?post=4260"},{"taxonomy":"product_tag","embeddable":true,"href":"https:\/\/vozolpuff.de\/pl\/wp-json\/wp\/v2\/product_tag?post=4260"}],"curies":[{"name":"wp","href":"https:\/\/api.w.org\/{rel}","templated":true}]}}