{"id":4268,"date":"2025-09-12T04:19:20","date_gmt":"2025-09-12T02:19:20","guid":{"rendered":"https:\/\/vozolpuff.de\/?post_type=product&#038;p=4268"},"modified":"2025-09-29T12:52:13","modified_gmt":"2025-09-29T10:52:13","slug":"waspe-aiviou-60000-strawberry-raspberry-cherry-love-666-cherry-candy-ice","status":"publish","type":"product","link":"https:\/\/vozolpuff.de\/pl\/produkt\/waspe-aiviou-60000-strawberry-raspberry-cherry-love-666-cherry-candy-ice\/","title":{"rendered":"WASPE AIVIOU 60000 Strawberry Raspberry Cherry\/Love 666\/Cherry Candy Ice"},"content":{"rendered":"<h2 class=\"text-xl font-bold text-text-100 mt-1 -mb-0.5\">WASPE AIVIOU 60000 Strawberry Raspberry Cherry\/Love 666\/Cherry Candy Ice jednorazowy vape<\/h2>\n<p class=\"whitespace-normal break-words\">Do\u015bwiadcz trzech intensywnych kompozycji smakowych z WASPE AIVIOU 60000 w wariantach Strawberry Raspberry Cherry, Love 666 i Cherry Candy Ice. Ten niezwyk\u0142y jednorazowy e-papieros oferuje 60 000 intensywnych w smaku zaci\u0105gni\u0119\u0107 dzi\u0119ki najnowocze\u015bniejszej architekturze potr\u00f3jnej cewki i zmiennej mocy nikotyny od 0% do 5%. Pojemny zbiornik na liquid o pojemno\u015bci 54 ml i przyjazny dla u\u017cytkownika wy\u015bwietlacz LED umo\u017cliwiaj\u0105 indywidualn\u0105 przyjemno\u015b\u0107 z waporyzacji bez kompromis\u00f3w.<\/p>\n<h3 class=\"text-lg font-bold text-text-100 mt-1 -mb-1.5\">Intensywne po\u0142\u0105czenia smakowe<\/h3>\n<p class=\"whitespace-normal break-words\">Zaawansowana potr\u00f3jna innowacja smakowa prezentuje harmonijn\u0105 mieszank\u0119 truskawki, maliny i wi\u015bni, tajemniczy profil smakowy Love 666 i s\u0142odkie wi\u015bniowe cukierki z ch\u0142odz\u0105cym wyko\u0144czeniem. Ka\u017cdy smak jest doskonale zbalansowany przez zoptymalizowane waporyzatory siatkowe 0,9\u03a9 i zapewnia autentyczne niuanse smakowe.<\/p>\n<p class=\"whitespace-normal break-words\">Dzi\u0119ki baterii o pojemno\u015bci 650 mAh i szybkiemu \u0142adowaniu typu C, urz\u0105dzenie to oferuje maksymaln\u0105 niezawodno\u015b\u0107 dla wszystkich trzech profili smakowych. Inteligentne monitorowanie informuje u\u017cytkownika o stanie ka\u017cdego zbiornika aromatu.<\/p>\n<h3 class=\"text-lg font-bold text-text-100 mt-1 -mb-1.5\">Odkryj wi\u0119cej WASPE VAPE na vozolpuff<\/h3>\n<p class=\"whitespace-normal break-words\">Znajd\u017a wi\u0119cej ekskluzywnych produkt\u00f3w vape w naszym <strong><a class=\"underline\" href=\"https:\/\/vozolpuff.de\/pl\/\">Sklep Steam<\/a><\/strong>przegl\u0105daj kompletne <strong><a class=\"underline\" href=\"https:\/\/vozolpuff.de\/pl\/product-category\/waspe-vape\/\">Kolekcja WASPE VAPE<\/a><\/strong> lub wybra\u0107 spo\u015br\u00f3d wszystkich <strong><a class=\"underline\" href=\"https:\/\/vozolpuff.de\/pl\/product-category\/waspe-vape\/waspe-aiviou-60000\/\">WASPE AIVIOU 60000 R\u00f3\u017cnorodno\u015b\u0107 smak\u00f3w<\/a><\/strong>.<\/p>","protected":false},"excerpt":{"rendered":"<div>\n<div class=\"grid-cols-1 grid gap-2.5 [&amp;_&gt;_*]:min-w-0 !gap-3.5\">\n<p class=\"whitespace-normal break-words\">Die WASPE AIVIOU 60000 Strawberry Raspberry Cherry\/Love 666\/Cherry Candy Ice Einweg-Vape bietet drei intensive Geschmackskompositionen. 60.000 Z\u00fcge, Dreifach-Coil-Architektur, 54ml Tank, 0-5% Nikotin und 650mAh Akku f\u00fcr authentischen Genuss.<\/p>\n<\/div>\n<\/div>\n<div class=\"h-8\"><\/div>\n","protected":false},"featured_media":4270,"comment_status":"open","ping_status":"closed","template":"","meta":{"_acf_changed":false},"product_brand":[],"product_cat":[53],"product_tag":[],"class_list":{"0":"post-4268","1":"product","2":"type-product","3":"status-publish","4":"has-post-thumbnail","6":"product_cat-waspe-aiviou-60000","8":"first","9":"instock","10":"shipping-taxable","11":"purchasable","12":"product-type-variable"},"acf":[],"_links":{"self":[{"href":"https:\/\/vozolpuff.de\/pl\/wp-json\/wp\/v2\/product\/4268","targetHints":{"allow":["GET"]}}],"collection":[{"href":"https:\/\/vozolpuff.de\/pl\/wp-json\/wp\/v2\/product"}],"about":[{"href":"https:\/\/vozolpuff.de\/pl\/wp-json\/wp\/v2\/types\/product"}],"replies":[{"embeddable":true,"href":"https:\/\/vozolpuff.de\/pl\/wp-json\/wp\/v2\/comments?post=4268"}],"wp:featuredmedia":[{"embeddable":true,"href":"https:\/\/vozolpuff.de\/pl\/wp-json\/wp\/v2\/media\/4270"}],"wp:attachment":[{"href":"https:\/\/vozolpuff.de\/pl\/wp-json\/wp\/v2\/media?parent=4268"}],"wp:term":[{"taxonomy":"product_brand","embeddable":true,"href":"https:\/\/vozolpuff.de\/pl\/wp-json\/wp\/v2\/product_brand?post=4268"},{"taxonomy":"product_cat","embeddable":true,"href":"https:\/\/vozolpuff.de\/pl\/wp-json\/wp\/v2\/product_cat?post=4268"},{"taxonomy":"product_tag","embeddable":true,"href":"https:\/\/vozolpuff.de\/pl\/wp-json\/wp\/v2\/product_tag?post=4268"}],"curies":[{"name":"wp","href":"https:\/\/api.w.org\/{rel}","templated":true}]}}