{"id":4276,"date":"2025-09-12T04:22:10","date_gmt":"2025-09-12T02:22:10","guid":{"rendered":"https:\/\/vozolpuff.de\/?post_type=product&#038;p=4276"},"modified":"2025-09-29T12:52:02","modified_gmt":"2025-09-29T10:52:02","slug":"waspe-aiviou-60000-peach-ice-pineapple-mango-peach-cranberry-lemon","status":"publish","type":"product","link":"https:\/\/vozolpuff.de\/pl\/produkt\/waspe-aiviou-60000-peach-ice-pineapple-mango-peach-cranberry-lemon\/","title":{"rendered":"WASPE AIVIOU 60000 Peach Ice\/Pineapple Mango Peach\/Cranberry Lemon"},"content":{"rendered":"<h2 class=\"text-xl font-bold text-text-100 mt-1 -mb-0.5\">WASPE AIVIOU 60000 Peach Ice\/Pineapple Mango Peach\/Cranberry Lemon Jednorazowy Vape<\/h2>\n<p class=\"whitespace-normal break-words\">WASPE AIVIOU 60000 z Peach Ice, Pineapple Mango Peach i Cranberry Lemon \u0142\u0105czy w sobie trzy egzotyczne kompozycje owocowe dla tropikalnej przyjemno\u015bci z waporyzacji. Dzi\u0119ki imponuj\u0105cej pojemno\u015bci 60 000 zaci\u0105gni\u0119\u0107, trzem elastycznym trybom smakowym i regulowanym poziomom nikotyny od 0% do 5%, ten jednorazowy papieros klasy premium wyznacza nowe standardy. Pojemny zbiornik e-liquidu o pojemno\u015bci 54 ml i inteligentny wy\u015bwietlacz stanu zapewniaj\u0105 nieprzerwan\u0105 przyjemno\u015b\u0107 z waporyzacji.<\/p>\n<h3 class=\"text-lg font-bold text-text-100 mt-1 -mb-1.5\">Tropikalna podr\u00f3\u017c smakowa<\/h3>\n<p class=\"whitespace-normal break-words\">Ten innowacyjny jednorazowy e-papieros pozwala p\u0142ynnie prze\u0142\u0105cza\u0107 si\u0119 mi\u0119dzy trzema tropikalnymi \u015bwiatami: soczyst\u0105 brzoskwini\u0105 z orze\u017awiaj\u0105cym efektem ch\u0142odzenia, egzotyczn\u0105 tr\u00f3jowocow\u0105 fuzj\u0105 ananasa, mango i brzoskwini oraz pikantno-\u015bwie\u017cym po\u0142\u0105czeniem \u017curawiny i cytryny. Ka\u017cdy smak jest autentycznie odtwarzany przy u\u017cyciu specjalistycznej technologii siatki 0,9\u03a9.<\/p>\n<p class=\"whitespace-normal break-words\">Wydajna bateria 650 mAh z funkcj\u0105 szybkiego \u0142adowania typu C gwarantuje sta\u0142\u0105 wydajno\u015b\u0107 dla wszystkich tropikalnych smak\u00f3w. Cyfrowy wy\u015bwietlacz stale monitoruje \u017cywotno\u015b\u0107 baterii i poziom nape\u0142nienia wszystkich trzech zbiornik\u00f3w smakowych.<\/p>\n<h3 class=\"text-lg font-bold text-text-100 mt-1 -mb-1.5\">Odkryj wi\u0119cej WASPE VAPE na vozolpuff<\/h3>\n<p class=\"whitespace-normal break-words\">Odwied\u017a nasz\u0105 stron\u0119 <strong><a class=\"underline\" href=\"https:\/\/vozolpuff.de\/pl\/\">Sprzedawca Vape<\/a><\/strong> Aby uzyska\u0107 wi\u0119cej produkt\u00f3w premium, zapoznaj si\u0119 z nasz\u0105 ofert\u0105 <strong><a class=\"underline\" href=\"https:\/\/vozolpuff.de\/pl\/product-category\/waspe-vape\/\">Linia produkt\u00f3w WASPE VAPE<\/a><\/strong> lub odkryj wszystko <strong><a class=\"underline\" href=\"https:\/\/vozolpuff.de\/pl\/product-category\/waspe-vape\/waspe-aiviou-60000\/\">WASPE AIVIOU 60000 kombinacji smakowych<\/a><\/strong>.<\/p>","protected":false},"excerpt":{"rendered":"<div>\n<div class=\"grid-cols-1 grid gap-2.5 [&amp;_&gt;_*]:min-w-0 !gap-3.5\">\n<p class=\"whitespace-normal break-words\">Die WASPE AIVIOU 60000 Peach Ice\/Pineapple Mango Peach\/Cranberry Lemon Einweg-Vape kombiniert drei exotische Fruchtkompositionen. 60.000 Z\u00fcge, Mesh-Technologie, 54ml Tank, 0-5% Nikotin und 650mAh Akku f\u00fcr tropisches Dampfvergn\u00fcgen.<\/p>\n<\/div>\n<\/div>\n<div class=\"h-8\"><\/div>\n","protected":false},"featured_media":4278,"comment_status":"open","ping_status":"closed","template":"","meta":{"_acf_changed":false},"product_brand":[],"product_cat":[53],"product_tag":[],"class_list":{"0":"post-4276","1":"product","2":"type-product","3":"status-publish","4":"has-post-thumbnail","6":"product_cat-waspe-aiviou-60000","8":"first","9":"instock","10":"shipping-taxable","11":"purchasable","12":"product-type-variable"},"acf":[],"_links":{"self":[{"href":"https:\/\/vozolpuff.de\/pl\/wp-json\/wp\/v2\/product\/4276","targetHints":{"allow":["GET"]}}],"collection":[{"href":"https:\/\/vozolpuff.de\/pl\/wp-json\/wp\/v2\/product"}],"about":[{"href":"https:\/\/vozolpuff.de\/pl\/wp-json\/wp\/v2\/types\/product"}],"replies":[{"embeddable":true,"href":"https:\/\/vozolpuff.de\/pl\/wp-json\/wp\/v2\/comments?post=4276"}],"wp:featuredmedia":[{"embeddable":true,"href":"https:\/\/vozolpuff.de\/pl\/wp-json\/wp\/v2\/media\/4278"}],"wp:attachment":[{"href":"https:\/\/vozolpuff.de\/pl\/wp-json\/wp\/v2\/media?parent=4276"}],"wp:term":[{"taxonomy":"product_brand","embeddable":true,"href":"https:\/\/vozolpuff.de\/pl\/wp-json\/wp\/v2\/product_brand?post=4276"},{"taxonomy":"product_cat","embeddable":true,"href":"https:\/\/vozolpuff.de\/pl\/wp-json\/wp\/v2\/product_cat?post=4276"},{"taxonomy":"product_tag","embeddable":true,"href":"https:\/\/vozolpuff.de\/pl\/wp-json\/wp\/v2\/product_tag?post=4276"}],"curies":[{"name":"wp","href":"https:\/\/api.w.org\/{rel}","templated":true}]}}