{"id":4284,"date":"2025-09-12T04:25:07","date_gmt":"2025-09-12T02:25:07","guid":{"rendered":"https:\/\/vozolpuff.de\/?post_type=product&#038;p=4284"},"modified":"2025-09-29T12:51:51","modified_gmt":"2025-09-29T10:51:51","slug":"waspe-aiviou-60000-red-bull-ice-strawberry-mango-strawberry-watermelon-bubblegum","status":"publish","type":"product","link":"https:\/\/vozolpuff.de\/pl\/produkt\/waspe-aiviou-60000-red-bull-ice-strawberry-mango-strawberry-watermelon-bubblegum\/","title":{"rendered":"WASPE AIVIOU 60000 Red Bull Ice\/Strawberry Mango\/Strawberry Watermelon Bubblegum"},"content":{"rendered":"<h2 class=\"text-xl font-bold text-text-100 mt-1 -mb-0.5\">WASPE AIVIOU 60000 Red Bull Ice\/Strawberry Mango\/Strawberry Watermelon Bubblegum Jednorazowy Vape<\/h2>\n<p class=\"whitespace-normal break-words\">Do\u015bwiadcz trzech wyj\u0105tkowych dozna\u0144 smakowych dzi\u0119ki WASPE AIVIOU 60000 w kombinacji Red Bull Ice, Strawberry Mango i Strawberry Watermelon Bubblegum. Ten rewolucyjny jednorazowy e-papieros zapewnia 60 000 aromatyzowanych zaci\u0105gni\u0119\u0107 dzi\u0119ki zaawansowanej technologii potr\u00f3jnej cewki i konfigurowalnym opcjom nikotyny od 0% do 5%. Pojemny zbiornik o pojemno\u015bci 54 ml i intuicyjny interfejs LED sprawiaj\u0105, \u017ce ka\u017cda sesja jest wyj\u0105tkow\u0105 chwil\u0105 przyjemno\u015bci.<\/p>\n<h3 class=\"text-lg font-bold text-text-100 mt-1 -mb-1.5\">Energetyzuj\u0105ca mieszanka smakowa<\/h3>\n<p class=\"whitespace-normal break-words\">Najnowocze\u015bniejsza technologia potr\u00f3jnego smaku prezentuje orze\u017awiaj\u0105cy smak Red Bulla z ch\u0142odz\u0105cym wyko\u0144czeniem, tropikaln\u0105 fuzj\u0119 truskawki i mango oraz nostalgiczny smak gumy balonowej z truskawk\u0105 i arbuzem. Ka\u017cdy profil jest optymalnie ekstrahowany przez precyzyjnie skalibrowane cewki o oczkach 0,9\u03a9 i oferuje niepowtarzalny charakter pary.<\/p>\n<p class=\"whitespace-normal break-words\">Niezawodna bateria litowa 650 mAh z szybkim \u0142adowaniem typu C zapewnia d\u0142ugotrwa\u0142\u0105 wydajno\u015b\u0107 dla wszystkich smak\u00f3w. Inteligentny system monitorowania wy\u015bwietla szczeg\u00f3\u0142owe informacje na temat poziomu na\u0142adowania baterii i poziomu p\u0142ynu w ka\u017cdym zbiorniku smakowym.<\/p>\n<h3 class=\"text-lg font-bold text-text-100 mt-1 -mb-1.5\">Odkryj wi\u0119cej WASPE VAPE na vozolpuff<\/h3>\n<p class=\"whitespace-normal break-words\">Odkryj wi\u0119cej wysokiej jako\u015bci urz\u0105dze\u0144 parowych w naszej ofercie <strong><a class=\"underline\" href=\"https:\/\/vozolpuff.de\/pl\/\">Gama e-papieros\u00f3w<\/a><\/strong>przegl\u0105da\u0107 <strong><a class=\"underline\" href=\"https:\/\/vozolpuff.de\/pl\/product-category\/waspe-vape\/\">Kategoria WASPE VAPE<\/a><\/strong> lub wybra\u0107 spo\u015br\u00f3d wszystkich <strong><a class=\"underline\" href=\"https:\/\/vozolpuff.de\/pl\/product-category\/waspe-vape\/waspe-aiviou-60000\/\">WASPE AIVIOU 60000 wersje smakowe<\/a><\/strong>.<\/p>","protected":false},"excerpt":{"rendered":"<div>\n<div class=\"grid-cols-1 grid gap-2.5 [&amp;_&gt;_*]:min-w-0 !gap-3.5\">\n<p class=\"whitespace-normal break-words\">Die WASPE AIVIOU 60000 Red Bull Ice\/Strawberry Mango\/Strawberry Watermelon Bubblegum Einweg-Vape bietet drei einzigartige Geschmackserlebnisse. 60.000 Z\u00fcge, Dreifach-Coil-Technologie, 54ml Tank, 0-5% Nikotin f\u00fcr besonderen Genuss.<\/p>\n<\/div>\n<\/div>\n<div class=\"h-8\"><\/div>\n","protected":false},"featured_media":4286,"comment_status":"open","ping_status":"closed","template":"","meta":{"_acf_changed":false},"product_brand":[],"product_cat":[53],"product_tag":[],"class_list":{"0":"post-4284","1":"product","2":"type-product","3":"status-publish","4":"has-post-thumbnail","6":"product_cat-waspe-aiviou-60000","8":"first","9":"instock","10":"shipping-taxable","11":"purchasable","12":"product-type-variable"},"acf":[],"_links":{"self":[{"href":"https:\/\/vozolpuff.de\/pl\/wp-json\/wp\/v2\/product\/4284","targetHints":{"allow":["GET"]}}],"collection":[{"href":"https:\/\/vozolpuff.de\/pl\/wp-json\/wp\/v2\/product"}],"about":[{"href":"https:\/\/vozolpuff.de\/pl\/wp-json\/wp\/v2\/types\/product"}],"replies":[{"embeddable":true,"href":"https:\/\/vozolpuff.de\/pl\/wp-json\/wp\/v2\/comments?post=4284"}],"wp:featuredmedia":[{"embeddable":true,"href":"https:\/\/vozolpuff.de\/pl\/wp-json\/wp\/v2\/media\/4286"}],"wp:attachment":[{"href":"https:\/\/vozolpuff.de\/pl\/wp-json\/wp\/v2\/media?parent=4284"}],"wp:term":[{"taxonomy":"product_brand","embeddable":true,"href":"https:\/\/vozolpuff.de\/pl\/wp-json\/wp\/v2\/product_brand?post=4284"},{"taxonomy":"product_cat","embeddable":true,"href":"https:\/\/vozolpuff.de\/pl\/wp-json\/wp\/v2\/product_cat?post=4284"},{"taxonomy":"product_tag","embeddable":true,"href":"https:\/\/vozolpuff.de\/pl\/wp-json\/wp\/v2\/product_tag?post=4284"}],"curies":[{"name":"wp","href":"https:\/\/api.w.org\/{rel}","templated":true}]}}