{"id":4292,"date":"2025-09-12T04:28:01","date_gmt":"2025-09-12T02:28:01","guid":{"rendered":"https:\/\/vozolpuff.de\/?post_type=product&#038;p=4292"},"modified":"2025-09-29T12:51:41","modified_gmt":"2025-09-29T10:51:41","slug":"waspe-aiviou-60000-mixed-berries-gummy-bear-mixed-fruit","status":"publish","type":"product","link":"https:\/\/vozolpuff.de\/pl\/produkt\/waspe-aiviou-60000-mixed-berries-gummy-bear-mixed-fruit\/","title":{"rendered":"WASPE AIVIOU 60000 Mieszane jagody \/ \u017celki \/ mieszane owoce"},"content":{"rendered":"<h2 class=\"text-xl font-bold text-text-100 mt-1 -mb-0.5\">WASPE AIVIOU 60000 Mixed Berries\/Gummy Bear\/Mixed Fruit jednorazowy vape<\/h2>\n<p class=\"whitespace-normal break-words\">WASPE AIVIOU 60000 z Mixed Berries, Gummy Bear i Mixed Fruit oferuje trzy r\u00f3\u017cnorodne \u015bwiaty smaku w jednym innowacyjnym urz\u0105dzeniu. Dzi\u0119ki pojemno\u015bci 60 000 zaci\u0105gni\u0119\u0107 i trzem prze\u0142\u0105czanym trybom smakowym, ten jednorazowy papieros premium \u0142\u0105czy r\u00f3\u017cnorodno\u015b\u0107 z najwy\u017csz\u0105 wydajno\u015bci\u0105 przy st\u0119\u017ceniach nikotyny od 0% do 5%. Pojemny zbiornik na e-liquid o pojemno\u015bci 54 ml i inteligentny wy\u015bwietlacz cyfrowy zapewniaj\u0105 ci\u0105g\u0142\u0105 przyjemno\u015b\u0107 z waporyzacji.<\/p>\n<h3 class=\"text-lg font-bold text-text-100 mt-1 -mb-1.5\">S\u0142odka r\u00f3\u017cnorodno\u015b\u0107 smak\u00f3w<\/h3>\n<p class=\"whitespace-normal break-words\">Ten zaawansowany jednorazowy e-papieros pozwala swobodnie prze\u0142\u0105cza\u0107 si\u0119 mi\u0119dzy trzema pysznymi profilami: harmonijn\u0105 mieszank\u0105 jag\u00f3d r\u00f3\u017cnych odmian, autentycznym smakiem gumijag\u00f3d i z\u0142o\u017con\u0105 kompozycj\u0105 wieloowocow\u0105. Ka\u017cdy smak jest precyzyjnie odwzorowywany przez zoptymalizowane waporyzatory siatkowe 0,9\u03a9 i zapewnia intensywne doznania smakowe.<\/p>\n<p class=\"whitespace-normal break-words\">Wytrzyma\u0142a bateria 650 mAh z technologi\u0105 szybkiego \u0142adowania typu C zapewnia niezawodne dzia\u0142anie wszystkich trzech smak\u00f3w. Inteligentny wy\u015bwietlacz oferuje monitorowanie w czasie rzeczywistym \u017cywotno\u015bci baterii i poziomu nape\u0142nienia ka\u017cdego zbiornika smakowego.<\/p>\n<h3 class=\"text-lg font-bold text-text-100 mt-1 -mb-1.5\">Odkryj wi\u0119cej WASPE VAPE na vozolpuff<\/h3>\n<p class=\"whitespace-normal break-words\">Znajd\u017a wi\u0119cej waporyzator\u00f3w premium w naszym <strong><a class=\"underline\" href=\"https:\/\/vozolpuff.de\/pl\/\">Internetowy sklep vape<\/a><\/strong>zapoznaj si\u0119 z pe\u0142n\u0105 <strong><a class=\"underline\" href=\"https:\/\/vozolpuff.de\/pl\/product-category\/waspe-vape\/\">Gama produkt\u00f3w WASPE VAPE<\/a><\/strong> lub przegl\u0105da\u0107 wszystkie <strong><a class=\"underline\" href=\"https:\/\/vozolpuff.de\/pl\/product-category\/waspe-vape\/waspe-aiviou-60000\/\">Opcje smakowe WASPE AIVIOU 60000<\/a><\/strong>.<\/p>","protected":false},"excerpt":{"rendered":"<div>\n<div class=\"grid-cols-1 grid gap-2.5 [&amp;_&gt;_*]:min-w-0 !gap-3.5\">\n<p class=\"whitespace-normal break-words\">Die WASPE AIVIOU 60000 Mixed Berries\/Gummy Bear\/Mixed Fruit Einweg-Vape bietet drei vielf\u00e4ltige Geschmackswelten. 60.000 Z\u00fcge, umschaltbare Aromamodi, 54ml Tank, 0-5% Nikotin und 650mAh Akku f\u00fcr kontinuierlichen Dampfgenuss.<\/p>\n<\/div>\n<\/div>\n<div class=\"h-8\"><\/div>\n","protected":false},"featured_media":4294,"comment_status":"open","ping_status":"closed","template":"","meta":{"_acf_changed":false},"product_brand":[],"product_cat":[53],"product_tag":[],"class_list":{"0":"post-4292","1":"product","2":"type-product","3":"status-publish","4":"has-post-thumbnail","6":"product_cat-waspe-aiviou-60000","8":"first","9":"instock","10":"shipping-taxable","11":"purchasable","12":"product-type-variable"},"acf":[],"_links":{"self":[{"href":"https:\/\/vozolpuff.de\/pl\/wp-json\/wp\/v2\/product\/4292","targetHints":{"allow":["GET"]}}],"collection":[{"href":"https:\/\/vozolpuff.de\/pl\/wp-json\/wp\/v2\/product"}],"about":[{"href":"https:\/\/vozolpuff.de\/pl\/wp-json\/wp\/v2\/types\/product"}],"replies":[{"embeddable":true,"href":"https:\/\/vozolpuff.de\/pl\/wp-json\/wp\/v2\/comments?post=4292"}],"wp:featuredmedia":[{"embeddable":true,"href":"https:\/\/vozolpuff.de\/pl\/wp-json\/wp\/v2\/media\/4294"}],"wp:attachment":[{"href":"https:\/\/vozolpuff.de\/pl\/wp-json\/wp\/v2\/media?parent=4292"}],"wp:term":[{"taxonomy":"product_brand","embeddable":true,"href":"https:\/\/vozolpuff.de\/pl\/wp-json\/wp\/v2\/product_brand?post=4292"},{"taxonomy":"product_cat","embeddable":true,"href":"https:\/\/vozolpuff.de\/pl\/wp-json\/wp\/v2\/product_cat?post=4292"},{"taxonomy":"product_tag","embeddable":true,"href":"https:\/\/vozolpuff.de\/pl\/wp-json\/wp\/v2\/product_tag?post=4292"}],"curies":[{"name":"wp","href":"https:\/\/api.w.org\/{rel}","templated":true}]}}