{"id":4308,"date":"2025-09-12T04:33:47","date_gmt":"2025-09-12T02:33:47","guid":{"rendered":"https:\/\/vozolpuff.de\/?post_type=product&#038;p=4308"},"modified":"2025-09-29T12:51:20","modified_gmt":"2025-09-29T10:51:20","slug":"waspe-aiviou-60000-grape-ice-strawberry-candy-strawberry-raspberry-cherry","status":"publish","type":"product","link":"https:\/\/vozolpuff.de\/pl\/produkt\/waspe-aiviou-60000-grape-ice-strawberry-candy-strawberry-raspberry-cherry\/","title":{"rendered":"WASPE AIVIOU 60000 Grape Ice\/Strawberry Candy\/Strawberry Raspberry Cherry"},"content":{"rendered":"<h2 class=\"text-xl font-bold text-text-100 mt-1 -mb-0.5\">WASPE AIVIOU 60000 Grape Ice\/Strawberry Candy\/Strawberry Raspberry Cherry jednorazowy vape<\/h2>\n<p class=\"whitespace-normal break-words\">WASPE AIVIOU 60000 z Grape Ice, Strawberry Candy i Strawberry Raspberry Cherry \u0142\u0105czy w sobie trzy klasyczne smaki owocowe dla autentycznej przyjemno\u015bci z waporyzacji. Dzi\u0119ki imponuj\u0105cej pojemno\u015bci 60 000 zaci\u0105gni\u0119\u0107, trzem prze\u0142\u0105czanym trybom smakowym i regulowanym poziomom nikotyny od 0% do 5%, ten jednorazowy papieros premium opiera si\u0119 na sprawdzonej jako\u015bci. Pojemny zbiornik na e-liquid o pojemno\u015bci 54 ml i inteligentny wy\u015bwietlacz stanu zapewniaj\u0105 niezawodn\u0105 przyjemno\u015b\u0107 z waporyzacji.<\/p>\n<h3 class=\"text-lg font-bold text-text-100 mt-1 -mb-1.5\">Klasyczne smaki owocowe<\/h3>\n<p class=\"whitespace-normal break-words\">Ten wyrafinowany jednorazowy e-papieros pozwala p\u0142ynnie prze\u0142\u0105cza\u0107 si\u0119 mi\u0119dzy trzema ponadczasowymi smakami: ch\u0142odnym winogronem z orze\u017awiaj\u0105cym wyko\u0144czeniem, s\u0142odkimi cukierkami truskawkowymi i harmonijn\u0105 potr\u00f3jn\u0105 owocow\u0105 mieszank\u0105 truskawki, maliny i wi\u015bni. Ka\u017cdy smak jest autentycznie odtwarzany przy u\u017cyciu zoptymalizowanej technologii siatki 0,9\u03a9.<\/p>\n<p class=\"whitespace-normal break-words\">Wydajna bateria 650 mAh z funkcj\u0105 szybkiego \u0142adowania typu C gwarantuje sta\u0142\u0105 wydajno\u015b\u0107 dla wszystkich klasycznych smak\u00f3w. Cyfrowy wy\u015bwietlacz precyzyjnie monitoruje \u017cywotno\u015b\u0107 baterii i poziom nape\u0142nienia wszystkich trzech zbiornik\u00f3w smakowych.<\/p>\n<h3 class=\"text-lg font-bold text-text-100 mt-1 -mb-1.5\">Odkryj wi\u0119cej WASPE VAPE na vozolpuff<\/h3>\n<p class=\"whitespace-normal break-words\">Odkryj wi\u0119cej wypr\u00f3bowanych i przetestowanych produkt\u00f3w vape w naszym sklepie <strong><a class=\"underline\" href=\"https:\/\/vozolpuff.de\/pl\/\">Sklep z urz\u0105dzeniami parowymi<\/a><\/strong>zbada\u0107 <strong><a class=\"underline\" href=\"https:\/\/vozolpuff.de\/pl\/product-category\/waspe-vape\/\">Rodzina produkt\u00f3w WASPE VAPE<\/a><\/strong> lub wybra\u0107 spo\u015br\u00f3d wszystkich <strong><a class=\"underline\" href=\"https:\/\/vozolpuff.de\/pl\/product-category\/waspe-vape\/waspe-aiviou-60000\/\">Profile smakowe WASPE AIVIOU 60000<\/a><\/strong>.<\/p>","protected":false},"excerpt":{"rendered":"<div>\n<div class=\"grid-cols-1 grid gap-2.5 [&amp;_&gt;_*]:min-w-0 !gap-3.5\">\n<p class=\"whitespace-normal break-words\">Die WASPE AIVIOU 60000 Grape Ice\/Strawberry Candy\/Strawberry Raspberry Cherry Einweg-Vape kombiniert drei klassische Fruchtaromen. 60.000 Z\u00fcge, schaltbare Modi, 54ml Tank, 0-5% Nikotin und 650mAh Akku f\u00fcr authentischen Genuss.<\/p>\n<\/div>\n<\/div>\n<div class=\"h-8\"><\/div>\n","protected":false},"featured_media":4310,"comment_status":"open","ping_status":"closed","template":"","meta":{"_acf_changed":false},"product_brand":[],"product_cat":[53],"product_tag":[],"class_list":{"0":"post-4308","1":"product","2":"type-product","3":"status-publish","4":"has-post-thumbnail","6":"product_cat-waspe-aiviou-60000","8":"first","9":"instock","10":"shipping-taxable","11":"purchasable","12":"product-type-variable"},"acf":[],"_links":{"self":[{"href":"https:\/\/vozolpuff.de\/pl\/wp-json\/wp\/v2\/product\/4308","targetHints":{"allow":["GET"]}}],"collection":[{"href":"https:\/\/vozolpuff.de\/pl\/wp-json\/wp\/v2\/product"}],"about":[{"href":"https:\/\/vozolpuff.de\/pl\/wp-json\/wp\/v2\/types\/product"}],"replies":[{"embeddable":true,"href":"https:\/\/vozolpuff.de\/pl\/wp-json\/wp\/v2\/comments?post=4308"}],"wp:featuredmedia":[{"embeddable":true,"href":"https:\/\/vozolpuff.de\/pl\/wp-json\/wp\/v2\/media\/4310"}],"wp:attachment":[{"href":"https:\/\/vozolpuff.de\/pl\/wp-json\/wp\/v2\/media?parent=4308"}],"wp:term":[{"taxonomy":"product_brand","embeddable":true,"href":"https:\/\/vozolpuff.de\/pl\/wp-json\/wp\/v2\/product_brand?post=4308"},{"taxonomy":"product_cat","embeddable":true,"href":"https:\/\/vozolpuff.de\/pl\/wp-json\/wp\/v2\/product_cat?post=4308"},{"taxonomy":"product_tag","embeddable":true,"href":"https:\/\/vozolpuff.de\/pl\/wp-json\/wp\/v2\/product_tag?post=4308"}],"curies":[{"name":"wp","href":"https:\/\/api.w.org\/{rel}","templated":true}]}}