{"id":4324,"date":"2025-09-12T04:39:19","date_gmt":"2025-09-12T02:39:19","guid":{"rendered":"https:\/\/vozolpuff.de\/?post_type=product&#038;p=4324"},"modified":"2025-09-29T12:50:56","modified_gmt":"2025-09-29T10:50:56","slug":"waspe-aiviou-60000-cherry-cola-ice-strawberry-cola-cola-ice","status":"publish","type":"product","link":"https:\/\/vozolpuff.de\/pl\/produkt\/waspe-aiviou-60000-cherry-cola-ice-strawberry-cola-cola-ice\/","title":{"rendered":"WASPE AIVIOU 60000 Cherry Cola Ice\/Strawberry Cola\/Cola Ice"},"content":{"rendered":"<h2 class=\"text-xl font-bold text-text-100 mt-1 -mb-0.5\">WASPE AIVIOU 60000 Cherry Cola Ice\/Strawberry Cola\/Cola Ice jednorazowy vape<\/h2>\n<p class=\"whitespace-normal break-words\">WASPE AIVIOU 60000 z Cherry Cola Ice, Strawberry Cola i Cola Ice oferuje trzy orze\u017awiaj\u0105ce smaki coli dla wyj\u0105tkowej przyjemno\u015bci z waporyzacji. Dzi\u0119ki pojemno\u015bci 60 000 zaci\u0105gni\u0119\u0107 i trzem prze\u0142\u0105czanym trybom smakowym, ten innowacyjny jednorazowy papieros \u0142\u0105czy nostalgiczne smaki z nowoczesn\u0105 technologi\u0105 przy st\u0119\u017ceniach nikotyny od 0% do 5%. Du\u017cy pojemnik na e-liquid o pojemno\u015bci 54 ml i inteligentny wy\u015bwietlacz cyfrowy zapewniaj\u0105 d\u0142ugotrwa\u0142\u0105 przyjemno\u015b\u0107.<\/p>\n<h3 class=\"text-lg font-bold text-text-100 mt-1 -mb-1.5\">Wariant smakowy coli<\/h3>\n<p class=\"whitespace-normal break-words\">Ten najnowocze\u015bniejszy jednorazowy e-papieros pozwala swobodnie prze\u0142\u0105cza\u0107 si\u0119 mi\u0119dzy trzema profilami inspirowanymi col\u0105: klasyczn\u0105 wi\u015bniow\u0105 col\u0105 z ch\u0142odz\u0105cym wyko\u0144czeniem, owocow\u0105 kombinacj\u0105 truskawkowej coli i czyst\u0105 col\u0105 z orze\u017awiaj\u0105cym efektem. Ka\u017cdy smak jest autentycznie odtwarzany przez wyspecjalizowane waporyzatory siatkowe 0,9\u03a9 i zapewnia nostalgiczne doznania podczas waporyzacji.<\/p>\n<p class=\"whitespace-normal break-words\">Wytrzyma\u0142a bateria 650 mAh z technologi\u0105 szybkiego \u0142adowania typu C zapewnia niezawodne dzia\u0142anie wszystkich smak\u00f3w coli. Inteligentny wy\u015bwietlacz oferuje monitorowanie w czasie rzeczywistym \u017cywotno\u015bci baterii i poziomu nape\u0142nienia ka\u017cdego zbiornika smakowego.<\/p>\n<h3 class=\"text-lg font-bold text-text-100 mt-1 -mb-1.5\">Odkryj wi\u0119cej WASPE VAPE na vozolpuff<\/h3>\n<p class=\"whitespace-normal break-words\">Odwied\u017a nasz\u0105 stron\u0119 <strong><a class=\"underline\" href=\"https:\/\/vozolpuff.de\/pl\/\">Specjalistyczny sklep z waporyzatorami jednorazowego u\u017cytku<\/a><\/strong> Wi\u0119cej nostalgicznych produkt\u00f3w mo\u017cna znale\u017a\u0107 na stronie <strong><a class=\"underline\" href=\"https:\/\/vozolpuff.de\/pl\/product-category\/waspe-vape\/\">Kolekcja WASPE VAPE<\/a><\/strong> lub odkryj wszystko <strong><a class=\"underline\" href=\"https:\/\/vozolpuff.de\/pl\/product-category\/waspe-vape\/waspe-aiviou-60000\/\">WASPE AIVIOU 60000 \u015bwiat\u00f3w smaku<\/a><\/strong>.<\/p>","protected":false},"excerpt":{"rendered":"<div>\n<div class=\"grid-cols-1 grid gap-2.5 [&amp;_&gt;_*]:min-w-0 !gap-3.5\">\n<p class=\"whitespace-normal break-words\">Die WASPE AIVIOU 60000 Cherry Cola Ice\/Strawberry Cola\/Cola Ice Einweg-Vape bietet drei erfrischende Cola-Variationen. 60.000 Z\u00fcge, umschaltbare Aromamodi, 54ml Tank, 0-5% Nikotin und 650mAh Akku f\u00fcr nostalgischen Genuss.<\/p>\n<\/div>\n<\/div>\n<div class=\"h-8\"><\/div>\n","protected":false},"featured_media":4326,"comment_status":"open","ping_status":"closed","template":"","meta":{"_acf_changed":false},"product_brand":[],"product_cat":[53],"product_tag":[],"class_list":{"0":"post-4324","1":"product","2":"type-product","3":"status-publish","4":"has-post-thumbnail","6":"product_cat-waspe-aiviou-60000","8":"first","9":"instock","10":"shipping-taxable","11":"purchasable","12":"product-type-variable"},"acf":[],"_links":{"self":[{"href":"https:\/\/vozolpuff.de\/pl\/wp-json\/wp\/v2\/product\/4324","targetHints":{"allow":["GET"]}}],"collection":[{"href":"https:\/\/vozolpuff.de\/pl\/wp-json\/wp\/v2\/product"}],"about":[{"href":"https:\/\/vozolpuff.de\/pl\/wp-json\/wp\/v2\/types\/product"}],"replies":[{"embeddable":true,"href":"https:\/\/vozolpuff.de\/pl\/wp-json\/wp\/v2\/comments?post=4324"}],"wp:featuredmedia":[{"embeddable":true,"href":"https:\/\/vozolpuff.de\/pl\/wp-json\/wp\/v2\/media\/4326"}],"wp:attachment":[{"href":"https:\/\/vozolpuff.de\/pl\/wp-json\/wp\/v2\/media?parent=4324"}],"wp:term":[{"taxonomy":"product_brand","embeddable":true,"href":"https:\/\/vozolpuff.de\/pl\/wp-json\/wp\/v2\/product_brand?post=4324"},{"taxonomy":"product_cat","embeddable":true,"href":"https:\/\/vozolpuff.de\/pl\/wp-json\/wp\/v2\/product_cat?post=4324"},{"taxonomy":"product_tag","embeddable":true,"href":"https:\/\/vozolpuff.de\/pl\/wp-json\/wp\/v2\/product_tag?post=4324"}],"curies":[{"name":"wp","href":"https:\/\/api.w.org\/{rel}","templated":true}]}}