{"id":4332,"date":"2025-09-12T04:42:11","date_gmt":"2025-09-12T02:42:11","guid":{"rendered":"https:\/\/vozolpuff.de\/?post_type=product&#038;p=4332"},"modified":"2025-09-29T12:50:45","modified_gmt":"2025-09-29T10:50:45","slug":"waspe-aiviou-60000-blueberry-raspberry-blueberry-cotton-candy-double-apple-ice","status":"publish","type":"product","link":"https:\/\/vozolpuff.de\/pl\/produkt\/waspe-aiviou-60000-blueberry-raspberry-blueberry-cotton-candy-double-apple-ice\/","title":{"rendered":"WASPE AIVIOU 60000 Blueberry Raspberry\/Blueberry Cotton Candy\/Double Apple Ice"},"content":{"rendered":"<h2 class=\"text-xl font-bold text-text-100 mt-1 -mb-0.5\">WASPE AIVIOU 60000 Blueberry Raspberry\/Blueberry Cotton Candy\/Double Apple Ice Jednorazowy Vape<\/h2>\n<p class=\"whitespace-normal break-words\">Do\u015bwiadcz trzech wyrafinowanych kompozycji smakowych z WASPE AIVIOU 60000 w kombinacji Blueberry Raspberry, Blueberry Cotton Candy i Double Apple Ice. Ten imponuj\u0105cy jednorazowy e-papieros oferuje 60 000 aromatycznych zaci\u0105gni\u0119\u0107 dzi\u0119ki zaawansowanej technologii potr\u00f3jnej cewki i konfigurowalnym opcjom nikotyny od 0% do 5%. Pojemny zbiornik liquidu o pojemno\u015bci 54 ml i przyjazny dla u\u017cytkownika system LED umo\u017cliwiaj\u0105 indywidualn\u0105 przyjemno\u015b\u0107 z waporyzacji na najwy\u017cszym poziomie.<\/p>\n<h3 class=\"text-lg font-bold text-text-100 mt-1 -mb-1.5\">Wyrafinowane kompozycje smakowe<\/h3>\n<p class=\"whitespace-normal break-words\">Rewolucyjna potr\u00f3jna innowacja smakowa prezentuje harmonijne po\u0142\u0105czenie jag\u00f3d i malin, nostalgiczn\u0105 jagodow\u0105 wat\u0119 cukrow\u0105 i intensywne podw\u00f3jne jab\u0142ko z ch\u0142odz\u0105cym wyko\u0144czeniem. Ka\u017cdy profil jest doskonale zbalansowany dzi\u0119ki zoptymalizowanym cewkom siatkowym 0,9\u03a9 i oferuje wyrafinowan\u0105 charakterystyk\u0119 pary dla wymagaj\u0105cych koneser\u00f3w.<\/p>\n<p class=\"whitespace-normal break-words\">Dzi\u0119ki baterii o pojemno\u015bci 650 mAh i szybkiemu \u0142adowaniu typu C, urz\u0105dzenie to oferuje maksymaln\u0105 niezawodno\u015b\u0107 dla wszystkich wyrafinowanych smak\u00f3w. Inteligentny system monitorowania zapewnia ci\u0105g\u0142e informacje na temat stanu i poziomu nape\u0142nienia ka\u017cdego zbiornika smakowego.<\/p>\n<h3 class=\"text-lg font-bold text-text-100 mt-1 -mb-1.5\">Odkryj wi\u0119cej WASPE VAPE na vozolpuff<\/h3>\n<p class=\"whitespace-normal break-words\">Wi\u0119cej zaawansowanych produkt\u00f3w vape mo\u017cna znale\u017a\u0107 w naszym <strong><a class=\"underline\" href=\"https:\/\/vozolpuff.de\/pl\/\">Sklep z waporyzacj\u0105 premium<\/a><\/strong>przegl\u0105daj nasze <strong><a class=\"underline\" href=\"https:\/\/vozolpuff.de\/pl\/product-category\/waspe-vape\/\">Seria premium WASPE VAPE<\/a><\/strong> lub wybierz jedn\u0105 z nast\u0119puj\u0105cych opcji <strong><a class=\"underline\" href=\"https:\/\/vozolpuff.de\/pl\/product-category\/waspe-vape\/waspe-aiviou-60000\/\">Kolekcja aromat\u00f3w WASPE AIVIOU 60000<\/a><\/strong>.<\/p>","protected":false},"excerpt":{"rendered":"<div>\n<div class=\"grid-cols-1 grid gap-2.5 [&amp;_&gt;_*]:min-w-0 !gap-3.5\">\n<p class=\"whitespace-normal break-words\">Die WASPE AIVIOU 60000 Blueberry Raspberry\/Blueberry Cotton Candy\/Double Apple Ice Einweg-Vape bietet drei raffinierte Geschmackskompositionen. 60.000 Z\u00fcge, Dreifach-Coil-Technologie, 54ml Tank, 0-5% Nikotin f\u00fcr individuellen Genuss.<\/p>\n<\/div>\n<\/div>\n<div class=\"h-8\"><\/div>\n","protected":false},"featured_media":4334,"comment_status":"open","ping_status":"closed","template":"","meta":{"_acf_changed":false},"product_brand":[],"product_cat":[53],"product_tag":[],"class_list":{"0":"post-4332","1":"product","2":"type-product","3":"status-publish","4":"has-post-thumbnail","6":"product_cat-waspe-aiviou-60000","8":"first","9":"instock","10":"shipping-taxable","11":"purchasable","12":"product-type-variable"},"acf":[],"_links":{"self":[{"href":"https:\/\/vozolpuff.de\/pl\/wp-json\/wp\/v2\/product\/4332","targetHints":{"allow":["GET"]}}],"collection":[{"href":"https:\/\/vozolpuff.de\/pl\/wp-json\/wp\/v2\/product"}],"about":[{"href":"https:\/\/vozolpuff.de\/pl\/wp-json\/wp\/v2\/types\/product"}],"replies":[{"embeddable":true,"href":"https:\/\/vozolpuff.de\/pl\/wp-json\/wp\/v2\/comments?post=4332"}],"wp:featuredmedia":[{"embeddable":true,"href":"https:\/\/vozolpuff.de\/pl\/wp-json\/wp\/v2\/media\/4334"}],"wp:attachment":[{"href":"https:\/\/vozolpuff.de\/pl\/wp-json\/wp\/v2\/media?parent=4332"}],"wp:term":[{"taxonomy":"product_brand","embeddable":true,"href":"https:\/\/vozolpuff.de\/pl\/wp-json\/wp\/v2\/product_brand?post=4332"},{"taxonomy":"product_cat","embeddable":true,"href":"https:\/\/vozolpuff.de\/pl\/wp-json\/wp\/v2\/product_cat?post=4332"},{"taxonomy":"product_tag","embeddable":true,"href":"https:\/\/vozolpuff.de\/pl\/wp-json\/wp\/v2\/product_tag?post=4332"}],"curies":[{"name":"wp","href":"https:\/\/api.w.org\/{rel}","templated":true}]}}