{"id":5414,"date":"2025-09-29T13:48:15","date_gmt":"2025-09-29T11:48:15","guid":{"rendered":"https:\/\/vozolpuff.de\/?post_type=product&#038;p=5414"},"modified":"2025-09-29T13:48:15","modified_gmt":"2025-09-29T11:48:15","slug":"bang-leader-85000-mixed-fruit-mojito-peach-blueberry-raspberry","status":"publish","type":"product","link":"https:\/\/vozolpuff.de\/pl\/produkt\/bang-leader-85000-mixed-fruit-mojito-peach-blueberry-raspberry\/","title":{"rendered":"Bang Leader 85000 Mixed Fruit\/Mojito Peach\/Blueberry Raspberry"},"content":{"rendered":"<h2 class=\"text-xl font-bold text-text-100 mt-1 -mb-0.5\">Bang Leader 85000 Mixed Fruit\/Mojito Peach\/Blueberry Raspberry Jednorazowy e-papieros<\/h2>\n<p class=\"whitespace-normal break-words\">Bang Leader 85000 to wszechstronny jednorazowy vape z trzema indywidualnie aktywowanymi smakami. Zanurz si\u0119 w r\u00f3\u017cnorodno\u015bci mieszanki owoc\u00f3w (Mixed Fruit), do\u015bwiadcz orze\u017awiaj\u0105cego mojito brzoskwiniowego (Mojito Peach) lub delektuj si\u0119 po\u0142\u0105czeniem jag\u00f3d i malin (Blueberry Raspberry). Ka\u017cdy aromat jest przechowywany w osobnym pojemniku i mo\u017cna go wybra\u0107 wed\u0142ug w\u0142asnego uznania. Imponuj\u0105ca wydajno\u015b\u0107 85 000 zaci\u0105gni\u0119\u0107 jest mo\u017cliwa dzi\u0119ki akumulatorowi 850 mAh, kt\u00f3ry mo\u017cna szybko na\u0142adowa\u0107 dzi\u0119ki technologii Type-C. Czytelny wy\u015bwietlacz LED na bie\u017c\u0105co pokazuje stan urz\u0105dzenia, a trzy zaawansowane cewki siatkowe 1,0 \u03a9 zapewniaj\u0105 doskona\u0142e doznania smakowe.<\/p>\n<h3 class=\"text-lg font-bold text-text-100 mt-1 -mb-1.5\">Zalety produktu:<\/h3>\n<p class=\"whitespace-normal break-words\"><strong>Rekordowa liczba poci\u0105g\u00f3w<\/strong> \u2013 Dzi\u0119ki 85 000 zaci\u0105gni\u0119\u0107 idealny dla os\u00f3b cz\u0119sto korzystaj\u0105cych z urz\u0105dzenia i d\u0142ugotrwa\u0142ych u\u017cytkownik\u00f3w.<\/p>\n<p class=\"whitespace-normal break-words\"><strong>Trzy dost\u0119pne smaki<\/strong> \u2013 Elastycznie przechod\u017a mi\u0119dzy owocow\u0105 r\u00f3\u017cnorodno\u015bci\u0105, orze\u017awiaj\u0105cym mojito-brzoskwini\u0105 a jagodowym duetem.<\/p>\n<p class=\"whitespace-normal break-words\"><strong>Gotowy do pod\u0142\u0105czenia<\/strong> \u2013 56 ml p\u0142ynu Premium E-Liquid w trzech fabrycznie nape\u0142nionych kapsu\u0142kach, zapewniaj\u0105cych natychmiastow\u0105 przyjemno\u015b\u0107 bez konieczno\u015bci oczekiwania.<\/p>\n<p class=\"whitespace-normal break-words\"><strong>Wysokiej jako\u015bci technologia siateczkowa<\/strong> \u2013 Trzy cewki siatkowe 1,0 \u03a9 zapewniaj\u0105 r\u00f3wnomiern\u0105 produkcj\u0119 pary i czysty smak.<\/p>\n<p class=\"whitespace-normal break-words\"><strong>Informacyjny wy\u015bwietlacz LED<\/strong> \u2013 Zawsze miej na uwadze stan akumulatora, liczb\u0119 cykli \u0142adowania i tryb pracy.<\/p>\n<p class=\"whitespace-normal break-words\"><strong>Funkcja szybkiego \u0142adowania<\/strong> \u2013 Z\u0142\u0105cze typu C zapewnia szybkie \u0142adowanie baterii o pojemno\u015bci 850 mAh.<\/p>\n<p class=\"whitespace-normal break-words\"><strong>Indywidualny wyb\u00f3r nikotyny<\/strong> \u2013 Dost\u0119pne w wersjach 0%, 2%, 3% i 5%, zapewniaj\u0105cych dostosowane do indywidualnych potrzeb doznania zwi\u0105zane z wapowaniem.<\/p>\n<h3 class=\"text-lg font-bold text-text-100 mt-1 -mb-1.5\">Dane techniczne:<\/h3>\n<p class=\"whitespace-normal break-words\"><strong>Obj\u0119to\u015b\u0107 cieczy:<\/strong> 56 ml<br \/>\n<strong>Maksymalna liczba ruch\u00f3w:<\/strong> 85,000 Puffs<br \/>\n<strong>Pojemno\u015b\u0107 akumulatora:<\/strong> 850 mAh<br \/>\n<strong>Zawarto\u015b\u0107 nikotyny:<\/strong> 0% \/ 2% \/ 3% \/ 5%<br \/>\n<strong>Waporyzator:<\/strong> 1,0 Ohm \u00d7 3<br \/>\n<strong>Funkcja specjalna:<\/strong> System potr\u00f3jnego aromatu<br \/>\n<strong>Port \u0142adowania:<\/strong> Typ-C<\/p>\n<h3 class=\"text-lg font-bold text-text-100 mt-1 -mb-1.5\">Odkryj wi\u0119cej BANG VAPE na vozolpuff<\/h3>\n<p class=\"whitespace-normal break-words\">Zapraszamy do zapoznania si\u0119 z nasz\u0105 szerok\u0105 ofert\u0105 w <strong><a class=\"underline\" href=\"https:\/\/vozolpuff.de\/pl\/\">Sklep internetowy z e-papierosami<\/a><\/strong>, sp\u00f3jrz na ca\u0142o\u015b\u0107 <strong><a class=\"underline\" href=\"https:\/\/vozolpuff.de\/pl\/product-category\/bang-vape\/\">Wyb\u00f3r BANG VAPE<\/a><\/strong> lub wybra\u0107 spo\u015br\u00f3d wszystkich <strong><a class=\"underline\" href=\"https:\/\/vozolpuff.de\/pl\/product-category\/bang-vape\/bang-leader-85000\/\">Bang Leader 85000 wariant\u00f3w smakowych<\/a><\/strong>.<\/p>","protected":false},"excerpt":{"rendered":"<p class=\"whitespace-normal break-words\">Bang Leader 85000 Mixed Fruit\/Mojito Peach\/Blueberry Raspberry zachwyca trzema wyj\u0105tkowymi smakami w jednym urz\u0105dzeniu klasy premium. Ciesz si\u0119 r\u00f3\u017cnorodnymi owocami mieszanymi, orze\u017awiaj\u0105cym brzoskwiniowym mojito i jagodowo-malinowym smakiem. Z wyj\u0105tkowymi 85 000 zaci\u0105gni\u0119ciami, inteligentnym wy\u015bwietlaczem LED, bateri\u0105 850 mAh i trzema wysokiej jako\u015bci cewkami siatkowymi zapewniaj\u0105cymi intensywn\u0105 przyjemno\u015b\u0107 z wapowania.<\/p>","protected":false},"featured_media":5417,"comment_status":"open","ping_status":"closed","template":"","meta":{"_acf_changed":false},"product_brand":[],"product_cat":[66],"product_tag":[],"class_list":{"0":"post-5414","1":"product","2":"type-product","3":"status-publish","4":"has-post-thumbnail","6":"product_cat-bang-leader-85000","8":"first","9":"instock","10":"shipping-taxable","11":"purchasable","12":"product-type-variable"},"acf":[],"_links":{"self":[{"href":"https:\/\/vozolpuff.de\/pl\/wp-json\/wp\/v2\/product\/5414","targetHints":{"allow":["GET"]}}],"collection":[{"href":"https:\/\/vozolpuff.de\/pl\/wp-json\/wp\/v2\/product"}],"about":[{"href":"https:\/\/vozolpuff.de\/pl\/wp-json\/wp\/v2\/types\/product"}],"replies":[{"embeddable":true,"href":"https:\/\/vozolpuff.de\/pl\/wp-json\/wp\/v2\/comments?post=5414"}],"wp:featuredmedia":[{"embeddable":true,"href":"https:\/\/vozolpuff.de\/pl\/wp-json\/wp\/v2\/media\/5417"}],"wp:attachment":[{"href":"https:\/\/vozolpuff.de\/pl\/wp-json\/wp\/v2\/media?parent=5414"}],"wp:term":[{"taxonomy":"product_brand","embeddable":true,"href":"https:\/\/vozolpuff.de\/pl\/wp-json\/wp\/v2\/product_brand?post=5414"},{"taxonomy":"product_cat","embeddable":true,"href":"https:\/\/vozolpuff.de\/pl\/wp-json\/wp\/v2\/product_cat?post=5414"},{"taxonomy":"product_tag","embeddable":true,"href":"https:\/\/vozolpuff.de\/pl\/wp-json\/wp\/v2\/product_tag?post=5414"}],"curies":[{"name":"wp","href":"https:\/\/api.w.org\/{rel}","templated":true}]}}