{"id":5422,"date":"2025-09-29T13:52:02","date_gmt":"2025-09-29T11:52:02","guid":{"rendered":"https:\/\/vozolpuff.de\/?post_type=product&#038;p=5422"},"modified":"2025-09-29T13:52:03","modified_gmt":"2025-09-29T11:52:03","slug":"bang-leader-85000-black-dragon-ice-marshmallow-summer-dream","status":"publish","type":"product","link":"https:\/\/vozolpuff.de\/pl\/produkt\/bang-leader-85000-black-dragon-ice-marshmallow-summer-dream\/","title":{"rendered":"Bang Leader 85000 Black Dragon Ice\/Marshmallow\/Summer Dream"},"content":{"rendered":"<h2 class=\"text-xl font-bold text-text-100 mt-1 -mb-0.5\">Bang Leader 85000 Black Dragon Ice\/Marshmallow\/Summer Dream Jednorazowy e-papieros<\/h2>\n<p class=\"whitespace-normal break-words\">Bang Leader 85000 to innowacyjny vape jednorazowy z trzema oddzielnymi smakami. Spr\u00f3buj mistycznego Black Dragon Ice, s\u0142odkiego Marshmallow lub letniego Summer Dream \u2013 ka\u017cdy smak jest w osobnym pojemniku i mo\u017cna go aktywowa\u0107 osobno. Imponuj\u0105cy zasi\u0119g 85 000 zaci\u0105gni\u0119\u0107 sprawia, \u017ce urz\u0105dzenie to jest idealnym towarzyszem dla wymagaj\u0105cych u\u017cytkownik\u00f3w. Wbudowany akumulator 850 mAh mo\u017cna szybko na\u0142adowa\u0107 za pomoc\u0105 z\u0142\u0105cza typu C. Nowoczesny wy\u015bwietlacz LED na bie\u017c\u0105co informuje o wszystkich wa\u017cnych danych urz\u0105dzenia, a trzy specjalnie opracowane cewki siatkowe 1,0 \u03a9 gwarantuj\u0105 sta\u0142\u0105 doskona\u0142\u0105 jako\u015b\u0107 pary i intensywne aromaty.<\/p>\n<h3 class=\"text-lg font-bold text-text-100 mt-1 -mb-1.5\">Zalety produktu:<\/h3>\n<p class=\"whitespace-normal break-words\"><strong>Wyj\u0105tkowa trwa\u0142o\u015b\u0107<\/strong> \u2013 85 000 zaci\u0105gni\u0119\u0107 zapewnia intensywnym u\u017cytkownikom tygodnie przyjemno\u015bci z vapowania.<\/p>\n<p class=\"whitespace-normal break-words\"><strong>Trzy wyj\u0105tkowe profile smakowe<\/strong> \u2013 Prze\u0142\u0105czaj si\u0119 wed\u0142ug uznania mi\u0119dzy mistycznym Black Dragon Ice, kremowym Marshmallow i marzycielskim aromatem lata.<\/p>\n<p class=\"whitespace-normal break-words\"><strong>Gotowy do u\u017cycia bez konfiguracji<\/strong> \u2013 56 ml najwy\u017cszej jako\u015bci e-liquidu roz\u0142o\u017conego na trzy wk\u0142ady, gotowe do natychmiastowego u\u017cycia.<\/p>\n<p class=\"whitespace-normal break-words\"><strong>Zaawansowane cewki siatkowe<\/strong> \u2013 Trzy cewki siatkowe 1,0 \u03a9 zapewniaj\u0105 obfite opary i autentyczny smak.<\/p>\n<p class=\"whitespace-normal break-words\"><strong>Cyfrowy wy\u015bwietlacz stanu<\/strong> \u2013 Inteligentny wy\u015bwietlacz pokazuje dok\u0142adny poziom na\u0142adowania akumulatora, liczb\u0119 poci\u0105gni\u0119\u0107 i tryb pracy.<\/p>\n<p class=\"whitespace-normal break-words\"><strong>Szybkie \u0142adowanie typu C<\/strong> \u2013 Akumulator o pojemno\u015bci 850 mAh mo\u017cna szybko na\u0142adowa\u0107 za pomoc\u0105 nowoczesnego portu typu C.<\/p>\n<p class=\"whitespace-normal break-words\"><strong>Elastyczna moc nikotyny<\/strong> \u2013 Do wyboru w wersjach 0%, 2%, 3% i 5%, w zale\u017cno\u015bci od preferencji.<\/p>\n<h3 class=\"text-lg font-bold text-text-100 mt-1 -mb-1.5\">Dane techniczne:<\/h3>\n<p class=\"whitespace-normal break-words\"><strong>Obj\u0119to\u015b\u0107 cieczy:<\/strong> 56 ml<br \/>\n<strong>Maksymalna liczba ruch\u00f3w:<\/strong> 85,000 Puffs<br \/>\n<strong>Pojemno\u015b\u0107 akumulatora:<\/strong> 850 mAh<br \/>\n<strong>Zawarto\u015b\u0107 nikotyny:<\/strong> 0% \/ 2% \/ 3% \/ 5%<br \/>\n<strong>Waporyzator:<\/strong> 1,0 Ohm \u00d7 3<br \/>\n<strong>Funkcja specjalna:<\/strong> System potr\u00f3jnego aromatu<br \/>\n<strong>Port \u0142adowania:<\/strong> Typ-C<\/p>\n<h3 class=\"text-lg font-bold text-text-100 mt-1 -mb-1.5\">Odkryj wi\u0119cej BANG VAPE na vozolpuff<\/h3>\n<p class=\"whitespace-normal break-words\">Przegl\u0105daj nasz\u0105 szerok\u0105 gam\u0119 <strong><a class=\"underline\" href=\"https:\/\/vozolpuff.de\/pl\/\">Sklep internetowy z e-papierosami<\/a><\/strong>, odkryj kompletne <strong><a class=\"underline\" href=\"https:\/\/vozolpuff.de\/pl\/product-category\/bang-vape\/\">Kolekcja BANG VAPE<\/a><\/strong> lub sp\u00f3jrz na wszystkie <strong><a class=\"underline\" href=\"https:\/\/vozolpuff.de\/pl\/product-category\/bang-vape\/bang-leader-85000\/\">Bang Leader 85000 wariant\u00f3w smakowych<\/a><\/strong> do.<\/p>","protected":false},"excerpt":{"rendered":"<p class=\"whitespace-normal break-words\">Bang Leader 85000 Black Dragon Ice\/Marshmallow\/Summer Dream przekonuje trzema wyj\u0105tkowymi smakami w jednym urz\u0105dzeniu premium. Poznaj mistyczny Black Dragon Ice, s\u0142odki Marshmallow i marzycielski Summer Dream. Z niezwyk\u0142\u0105 liczb\u0105 85 000 zaci\u0105gni\u0119\u0107, inteligentnym wy\u015bwietlaczem LED, akumulatorem 850 mAh i trzema wydajnymi cewkami siatkowymi dla najwy\u017cszej przyjemno\u015bci z wapowania.<\/p>","protected":false},"featured_media":5425,"comment_status":"open","ping_status":"closed","template":"","meta":{"_acf_changed":false},"product_brand":[],"product_cat":[66],"product_tag":[],"class_list":{"0":"post-5422","1":"product","2":"type-product","3":"status-publish","4":"has-post-thumbnail","6":"product_cat-bang-leader-85000","8":"first","9":"instock","10":"shipping-taxable","11":"purchasable","12":"product-type-variable"},"acf":[],"_links":{"self":[{"href":"https:\/\/vozolpuff.de\/pl\/wp-json\/wp\/v2\/product\/5422","targetHints":{"allow":["GET"]}}],"collection":[{"href":"https:\/\/vozolpuff.de\/pl\/wp-json\/wp\/v2\/product"}],"about":[{"href":"https:\/\/vozolpuff.de\/pl\/wp-json\/wp\/v2\/types\/product"}],"replies":[{"embeddable":true,"href":"https:\/\/vozolpuff.de\/pl\/wp-json\/wp\/v2\/comments?post=5422"}],"wp:featuredmedia":[{"embeddable":true,"href":"https:\/\/vozolpuff.de\/pl\/wp-json\/wp\/v2\/media\/5425"}],"wp:attachment":[{"href":"https:\/\/vozolpuff.de\/pl\/wp-json\/wp\/v2\/media?parent=5422"}],"wp:term":[{"taxonomy":"product_brand","embeddable":true,"href":"https:\/\/vozolpuff.de\/pl\/wp-json\/wp\/v2\/product_brand?post=5422"},{"taxonomy":"product_cat","embeddable":true,"href":"https:\/\/vozolpuff.de\/pl\/wp-json\/wp\/v2\/product_cat?post=5422"},{"taxonomy":"product_tag","embeddable":true,"href":"https:\/\/vozolpuff.de\/pl\/wp-json\/wp\/v2\/product_tag?post=5422"}],"curies":[{"name":"wp","href":"https:\/\/api.w.org\/{rel}","templated":true}]}}