{"id":573,"date":"2025-08-23T12:02:16","date_gmt":"2025-08-23T10:02:16","guid":{"rendered":"https:\/\/vozolpuff.de\/?post_type=product&#038;p=573"},"modified":"2026-01-15T12:00:34","modified_gmt":"2026-01-15T11:00:34","slug":"vozol-star-40000-strawberry-kiwi","status":"publish","type":"product","link":"https:\/\/vozolpuff.de\/pl\/produkt\/vozol-star-40000-strawberry-kiwi\/","title":{"rendered":"VOZOL STAR 40000 Strawberry Kiwi"},"content":{"rendered":"<h2 class=\"text-xl font-bold text-text-100 mt-1 -mb-0.5\">VOZOL STAR 40000 Strawberry Kiwi Vape jednorazowego u\u017cytku<\/h2>\n<p class=\"whitespace-normal break-words\">Zanurz si\u0119 w tropikalnych smakach dzi\u0119ki <strong>VOZOL STAR 40000 Strawberry Kiwi<\/strong>. Ten wyj\u0105tkowy jednorazowy e-papieros \u0142\u0105czy w sobie s\u0142odkie truskawki z egzotycznym aromatem kiwi, zapewniaj\u0105c owocowe doznania podczas waporyzacji. <strong>40 000 poci\u0105g\u00f3w<\/strong>.<\/p>\n<h3 class=\"text-xl font-bold text-text-100 mt-1 -mb-0.5\">Egzotyczny profil smakowy<\/h3>\n<p class=\"whitespace-normal break-words\"><strong>Smak:<\/strong> Mieszanka truskawek i kiwi<br \/>\n<strong>Liczba zaci\u0105gni\u0119\u0107:<\/strong> Do 40 000 poci\u0105g\u00f3w<br \/>\n<strong>Pojemno\u015b\u0107 akumulatora:<\/strong> Moc ci\u0105g\u0142a 1000 mAh<br \/>\n<strong>Zawarto\u015b\u0107 nikotyny:<\/strong> 50 mg\/ml<\/p>\n<p class=\"whitespace-normal break-words\">S\u0142odycz dojrza\u0142ych truskawek doskonale wsp\u00f3\u0142gra z cierpk\u0105 \u015bwie\u017co\u015bci\u0105 tropikalnego kiwi. Ta kombinacja smak\u00f3w jest dostarczana w spos\u00f3b ci\u0105g\u0142y i intensywny przez niezawodn\u0105 bateri\u0119 1000mAh.<\/p>\n<h3 class=\"text-xl font-bold text-text-100 mt-1 -mb-0.5\">Tropikalne doznania zwi\u0105zane z oparami<\/h3>\n<p class=\"whitespace-normal break-words\">Te <strong>Jednorazowy e-papieros Strawberry Kiwi<\/strong> przypadnie do gustu mi\u0142o\u015bnikom egzotycznych mieszanek owocowych. R\u00f3wnowaga mi\u0119dzy s\u0142odycz\u0105 a kwaskowato\u015bci\u0105 sprawia, \u017ce ka\u017cde zaci\u0105gni\u0119cie jest wyj\u0105tkowym doznaniem smakowym.<\/p>\n<p class=\"whitespace-normal break-words\"><strong>Cechy produktu:<\/strong> Harmonijna mieszanka owoc\u00f3w, d\u0142ugotrwa\u0142a intensywno\u015b\u0107 smaku, maksymalna \u017cywotno\u015b\u0107, nieskomplikowane u\u017cytkowanie i jako\u015b\u0107 premium VOZOL dla optymalnej przyjemno\u015bci z waporyzacji.<\/p>\n<p class=\"whitespace-normal break-words\">Odwied\u017a nasz\u0105 stron\u0119 <strong><a class=\"underline\" href=\"https:\/\/vozolpuff.de\/pl\/\">Sklep z e-papierosami<\/a><\/strong>przegl\u0105daj nasze <strong><a class=\"underline\" href=\"https:\/\/vozolpuff.de\/pl\/product-category\/vozol-vape\/\">Gama produkt\u00f3w VOZOL VAPE<\/a><\/strong> lub odkry\u0107 ca\u0142y <strong><a class=\"underline\" href=\"https:\/\/vozolpuff.de\/pl\/product-category\/vozol-vape\/vozol-star-40000\/\">VOZOL Star 40000 R\u00f3\u017cnorodno\u015b\u0107 smak\u00f3w<\/a><\/strong>.<\/p>","protected":false},"excerpt":{"rendered":"<p>Jednorazowy vape VOZOL STAR 40000 Strawberry Kiwi oferuje egzotyczn\u0105 mieszank\u0119 s\u0142odkich truskawek i cierpkiego kiwi. Ten wysokiej jako\u015bci jednorazowy e-papieros zapewnia do 40 000 zaci\u0105gni\u0119\u0107, bateri\u0119 1000 mAh i 50 mg\/ml nikotyny. Harmonia owoc\u00f3w tropikalnych zapewnia autentyczn\u0105 przyjemno\u015b\u0107 z waporyzacji.<\/p>","protected":false},"featured_media":575,"comment_status":"open","ping_status":"closed","template":"","meta":{"_acf_changed":false},"product_brand":[],"product_cat":[29],"product_tag":[],"class_list":{"0":"post-573","1":"product","2":"type-product","3":"status-publish","4":"has-post-thumbnail","6":"product_cat-vozol-star-40000","8":"first","9":"instock","10":"shipping-taxable","11":"purchasable","12":"product-type-variable"},"acf":[],"_links":{"self":[{"href":"https:\/\/vozolpuff.de\/pl\/wp-json\/wp\/v2\/product\/573","targetHints":{"allow":["GET"]}}],"collection":[{"href":"https:\/\/vozolpuff.de\/pl\/wp-json\/wp\/v2\/product"}],"about":[{"href":"https:\/\/vozolpuff.de\/pl\/wp-json\/wp\/v2\/types\/product"}],"replies":[{"embeddable":true,"href":"https:\/\/vozolpuff.de\/pl\/wp-json\/wp\/v2\/comments?post=573"}],"wp:featuredmedia":[{"embeddable":true,"href":"https:\/\/vozolpuff.de\/pl\/wp-json\/wp\/v2\/media\/575"}],"wp:attachment":[{"href":"https:\/\/vozolpuff.de\/pl\/wp-json\/wp\/v2\/media?parent=573"}],"wp:term":[{"taxonomy":"product_brand","embeddable":true,"href":"https:\/\/vozolpuff.de\/pl\/wp-json\/wp\/v2\/product_brand?post=573"},{"taxonomy":"product_cat","embeddable":true,"href":"https:\/\/vozolpuff.de\/pl\/wp-json\/wp\/v2\/product_cat?post=573"},{"taxonomy":"product_tag","embeddable":true,"href":"https:\/\/vozolpuff.de\/pl\/wp-json\/wp\/v2\/product_tag?post=573"}],"curies":[{"name":"wp","href":"https:\/\/api.w.org\/{rel}","templated":true}]}}