{"id":579,"date":"2025-08-23T12:04:50","date_gmt":"2025-08-23T10:04:50","guid":{"rendered":"https:\/\/vozolpuff.de\/?post_type=product&#038;p=579"},"modified":"2026-01-15T12:00:21","modified_gmt":"2026-01-15T11:00:21","slug":"vozol-star-40000-strawberry-watermelon","status":"publish","type":"product","link":"https:\/\/vozolpuff.de\/pl\/produkt\/vozol-star-40000-strawberry-watermelon\/","title":{"rendered":"VOZOL STAR 40000 Arbuz truskawkowy"},"content":{"rendered":"<h2 class=\"text-xl font-bold text-text-100 mt-1 -mb-0.5\">VOZOL STAR 40000 Truskawka i arbuz Jednorazowy vape<\/h2>\n<p class=\"whitespace-normal break-words\">Poczuj letni\u0105 \u015bwie\u017co\u015b\u0107 dzi\u0119ki <strong>VOZOL STAR 40000 Arbuz truskawkowy<\/strong>. Ten najwy\u017cszej klasy jednorazowy e-papieros \u0142\u0105czy aromatyczne truskawki z soczystym arbuzem, zapewniaj\u0105c orze\u017awiaj\u0105c\u0105 przyjemno\u015b\u0107 z wapowania nawet do <strong>40 000 poci\u0105g\u00f3w<\/strong>.<\/p>\n<h3 class=\"text-xl font-bold text-text-100 mt-1 -mb-0.5\">Letnia fuzja smak\u00f3w<\/h3>\n<p class=\"whitespace-normal break-words\"><strong>Smak:<\/strong> Mieszanka truskawka-arbuz<br \/>\n<strong>Pojemno\u015b\u0107 trakcyjna:<\/strong> Do 40 000 poci\u0105g\u00f3w<br \/>\n<strong>Magazynowanie energii:<\/strong> Akumulator litowy 1000 mAh<br \/>\n<strong>st\u0119\u017cenie nikotyny:<\/strong> 50 mg\/ml<\/p>\n<p class=\"whitespace-normal break-words\">S\u0142odkie truskawki ogrodowe \u0142\u0105cz\u0105 si\u0119 z wodnistym, \u015bwie\u017cym melonem, tworz\u0105c letni hit. Wydajny akumulator zapewnia, \u017ce ta symfonia smak\u00f3w pozostaje niezmienna przez ca\u0142y okres u\u017cytkowania produktu.<\/p>\n<h3 class=\"text-xl font-bold text-text-100 mt-1 -mb-0.5\">Orze\u017awiaj\u0105ca kompozycja owocowa<\/h3>\n<p class=\"whitespace-normal break-words\">Te <strong>Jednorazowy e-papieros Strawberry Watermelon<\/strong> zachwyca naturaln\u0105 s\u0142odycz\u0105 bez przyt\u0142aczaj\u0105cej intensywno\u015bci. Idealny na ciep\u0142e dni lub jako orze\u017awiaj\u0105ca alternatywa dla ci\u0119\u017ckich aromat\u00f3w.<\/p>\n<p class=\"whitespace-normal break-words\"><strong>W\u0142a\u015bciwo\u015bci:<\/strong> Zr\u00f3wnowa\u017cona s\u0142odycz owoc\u00f3w, naturalna g\u0142\u0119bia smaku, rekordowa pojemno\u015b\u0107, \u0142atwo\u015b\u0107 obs\u0142ugi i najwy\u017cszej klasy jako\u015b\u0107 wykonania VOZOL.<\/p>\n<p class=\"whitespace-normal break-words\">Przegl\u0105daj nasze <strong><a class=\"underline\" href=\"https:\/\/vozolpuff.de\/pl\/\">Asortyment parowc\u00f3w<\/a><\/strong>zapoznaj si\u0119 z pe\u0142n\u0105 <strong><a class=\"underline\" href=\"https:\/\/vozolpuff.de\/pl\/product-category\/vozol-vape\/\">Seria VOZOL VAPE<\/a><\/strong> lub wybra\u0107 spo\u015br\u00f3d wszystkich <strong><a class=\"underline\" href=\"https:\/\/vozolpuff.de\/pl\/product-category\/vozol-vape\/vozol-star-40000\/\">VOZOL Star 40000 warianty<\/a><\/strong>.<\/p>","protected":false},"excerpt":{"rendered":"<p>VOZOL STAR 40000 Strawberry Watermelon Jednorazowy vape \u0142\u0105czy s\u0142odkie truskawki z soczystym arbuzem, zapewniaj\u0105c letni\u0105 \u015bwie\u017co\u015b\u0107. Ten najwy\u017cszej klasy jednorazowy e-papieros oferuje do 40 000 zaci\u0105gni\u0119\u0107, bateri\u0119 1000 mAh i 50 mg\/ml nikotyny. Naturalna s\u0142odycz owoc\u00f3w \u0142\u0105czy si\u0119 z orze\u017awiaj\u0105cym smakiem.<\/p>","protected":false},"featured_media":581,"comment_status":"open","ping_status":"closed","template":"","meta":{"_acf_changed":false},"product_brand":[],"product_cat":[29],"product_tag":[],"class_list":{"0":"post-579","1":"product","2":"type-product","3":"status-publish","4":"has-post-thumbnail","6":"product_cat-vozol-star-40000","8":"first","9":"instock","10":"shipping-taxable","11":"purchasable","12":"product-type-variable"},"acf":[],"_links":{"self":[{"href":"https:\/\/vozolpuff.de\/pl\/wp-json\/wp\/v2\/product\/579","targetHints":{"allow":["GET"]}}],"collection":[{"href":"https:\/\/vozolpuff.de\/pl\/wp-json\/wp\/v2\/product"}],"about":[{"href":"https:\/\/vozolpuff.de\/pl\/wp-json\/wp\/v2\/types\/product"}],"replies":[{"embeddable":true,"href":"https:\/\/vozolpuff.de\/pl\/wp-json\/wp\/v2\/comments?post=579"}],"wp:featuredmedia":[{"embeddable":true,"href":"https:\/\/vozolpuff.de\/pl\/wp-json\/wp\/v2\/media\/581"}],"wp:attachment":[{"href":"https:\/\/vozolpuff.de\/pl\/wp-json\/wp\/v2\/media?parent=579"}],"wp:term":[{"taxonomy":"product_brand","embeddable":true,"href":"https:\/\/vozolpuff.de\/pl\/wp-json\/wp\/v2\/product_brand?post=579"},{"taxonomy":"product_cat","embeddable":true,"href":"https:\/\/vozolpuff.de\/pl\/wp-json\/wp\/v2\/product_cat?post=579"},{"taxonomy":"product_tag","embeddable":true,"href":"https:\/\/vozolpuff.de\/pl\/wp-json\/wp\/v2\/product_tag?post=579"}],"curies":[{"name":"wp","href":"https:\/\/api.w.org\/{rel}","templated":true}]}}