{"id":585,"date":"2025-08-23T12:07:59","date_gmt":"2025-08-23T10:07:59","guid":{"rendered":"https:\/\/vozolpuff.de\/?post_type=product&#038;p=585"},"modified":"2026-01-15T12:00:09","modified_gmt":"2026-01-15T11:00:09","slug":"vozol-star-40000-strawmelon-peach","status":"publish","type":"product","link":"https:\/\/vozolpuff.de\/pl\/produkt\/vozol-star-40000-strawmelon-peach\/","title":{"rendered":"VOZOL STAR 40000 Strawmelon Peach"},"content":{"rendered":"<h2 class=\"text-xl font-bold text-text-100 mt-1 -mb-0.5\">VOZOL STAR 40000 Strawmelon Peach Vape jednorazowego u\u017cytku<\/h2>\n<p class=\"whitespace-normal break-words\">Odkryj potr\u00f3jn\u0105 eksplozj\u0119 owoc\u00f3w dzi\u0119ki <strong>VOZOL STAR 40000 Strawmelon Peach<\/strong>. Ten niezwyk\u0142y jednorazowy e-papieros \u0142\u0105czy w sobie truskawki, arbuza i brzoskwini\u0119, tworz\u0105c harmonijn\u0105 kompozycj\u0119 smakow\u0105 o smaku do <strong>40 000 poci\u0105g\u00f3w<\/strong>.<\/p>\n<h3 class=\"text-lg font-bold text-text-100 mt-1 -mb-1.5\">Potr\u00f3jna owocowa harmonia<\/h3>\n<p class=\"whitespace-normal break-words\"><strong>Nuty smakowe:<\/strong> Truskawka, arbuz, brzoskwinia<br \/>\n<strong>Poci\u0105gi:<\/strong> Do 40 000 zaci\u0105gni\u0119\u0107<br \/>\n<strong>Zasilanie bateryjne:<\/strong> Akumulator o du\u017cej pojemno\u015bci 1000 mAh<br \/>\n<strong>Nikotyna:<\/strong> 50 mg\/ml<\/p>\n<p class=\"whitespace-normal break-words\">Ta wyj\u0105tkowa potr\u00f3jna kombinacja oferuje g\u0142\u0119bi\u0119 smaku na najwy\u017cszym poziomie. S\u0142odkie truskawki, soczysty arbuz i aksamitna brzoskwinia uzupe\u0142niaj\u0105 si\u0119 nawzajem, tworz\u0105c pe\u0142ne doznania pary, kt\u00f3re s\u0105 stale dostarczane przez pot\u0119\u017cn\u0105 bateri\u0119.<\/p>\n<h3 class=\"text-lg font-bold text-text-100 mt-1 -mb-1.5\">Z\u0142o\u017cone doznania smakowe<\/h3>\n<p class=\"whitespace-normal break-words\">Te <strong>Jednorazowy e-papieros Strawmelon Peach<\/strong> jest skierowany do wymagaj\u0105cych waper\u00f3w, kt\u00f3rzy ceni\u0105 sobie r\u00f3\u017cnorodno\u015b\u0107 smak\u00f3w. Wielowarstwowa kompozycja smakowa rozwija si\u0119 na nowo z ka\u017cdym zaci\u0105gni\u0119ciem.<\/p>\n<p class=\"whitespace-normal break-words\"><strong>Funkcje specjalne:<\/strong> Z\u0142o\u017cona mieszanka owoc\u00f3w, wielowarstwowy rozw\u00f3j smaku, ekstremalna trwa\u0142o\u015b\u0107, \u0142atwa obs\u0142uga i najwy\u017csza jako\u015b\u0107 konstrukcji VOZOL.<\/p>\n<p class=\"whitespace-normal break-words\">Odkryj nasze <strong><a class=\"underline\" href=\"https:\/\/vozolpuff.de\/pl\/\">Wszech\u015bwiat Vape<\/a><\/strong>zanurzy\u0107 si\u0119 w <strong><a class=\"underline\" href=\"https:\/\/vozolpuff.de\/pl\/product-category\/vozol-vape\/\">VOZOL VAPE World<\/a><\/strong> lub odkryj wi\u0119cej <strong><a class=\"underline\" href=\"https:\/\/vozolpuff.de\/pl\/product-category\/vozol-vape\/vozol-star-40000\/\">Kreacje smakowe VOZOL Star 40000<\/a><\/strong>.<\/p>","protected":false},"excerpt":{"rendered":"<p>Jednorazowy vape VOZOL STAR 40000 Strawmelon Peach \u0142\u0105czy w sobie truskawki, arbuza i brzoskwini\u0119, tworz\u0105c harmonijn\u0105, potr\u00f3jn\u0105 eksplozj\u0119 owoc\u00f3w. Ten niezwyk\u0142y jednorazowy e-papieros oferuje do 40 000 zaci\u0105gni\u0119\u0107, bateri\u0119 1000 mAh i 50 mg\/ml nikotyny. Z\u0142o\u017cona g\u0142\u0119bia smaku dla wymagaj\u0105cych waper\u00f3w.<\/p>","protected":false},"featured_media":587,"comment_status":"open","ping_status":"closed","template":"","meta":{"_acf_changed":false},"product_brand":[],"product_cat":[29],"product_tag":[],"class_list":{"0":"post-585","1":"product","2":"type-product","3":"status-publish","4":"has-post-thumbnail","6":"product_cat-vozol-star-40000","8":"first","9":"instock","10":"shipping-taxable","11":"purchasable","12":"product-type-variable"},"acf":[],"_links":{"self":[{"href":"https:\/\/vozolpuff.de\/pl\/wp-json\/wp\/v2\/product\/585","targetHints":{"allow":["GET"]}}],"collection":[{"href":"https:\/\/vozolpuff.de\/pl\/wp-json\/wp\/v2\/product"}],"about":[{"href":"https:\/\/vozolpuff.de\/pl\/wp-json\/wp\/v2\/types\/product"}],"replies":[{"embeddable":true,"href":"https:\/\/vozolpuff.de\/pl\/wp-json\/wp\/v2\/comments?post=585"}],"wp:featuredmedia":[{"embeddable":true,"href":"https:\/\/vozolpuff.de\/pl\/wp-json\/wp\/v2\/media\/587"}],"wp:attachment":[{"href":"https:\/\/vozolpuff.de\/pl\/wp-json\/wp\/v2\/media?parent=585"}],"wp:term":[{"taxonomy":"product_brand","embeddable":true,"href":"https:\/\/vozolpuff.de\/pl\/wp-json\/wp\/v2\/product_brand?post=585"},{"taxonomy":"product_cat","embeddable":true,"href":"https:\/\/vozolpuff.de\/pl\/wp-json\/wp\/v2\/product_cat?post=585"},{"taxonomy":"product_tag","embeddable":true,"href":"https:\/\/vozolpuff.de\/pl\/wp-json\/wp\/v2\/product_tag?post=585"}],"curies":[{"name":"wp","href":"https:\/\/api.w.org\/{rel}","templated":true}]}}