{"id":592,"date":"2025-08-23T12:10:34","date_gmt":"2025-08-23T10:10:34","guid":{"rendered":"https:\/\/vozolpuff.de\/?post_type=product&#038;p=592"},"modified":"2026-01-15T11:59:54","modified_gmt":"2026-01-15T10:59:54","slug":"vozol-star-40000-vzbull","status":"publish","type":"product","link":"https:\/\/vozolpuff.de\/pl\/produkt\/vozol-star-40000-vzbull\/","title":{"rendered":"VOZOL STAR 40000 Vzbull"},"content":{"rendered":"<h2 class=\"text-xl font-bold text-text-100 mt-1 -mb-0.5\">VOZOL STAR 40000 Vzbull Jednorazowy vape<\/h2>\n<p class=\"whitespace-normal break-words\">Poczuj energi\u0119 dzi\u0119ki <strong>VOZOL STAR 40000 Vzbull<\/strong>. Ten mocny jednorazowy e-papieros zapewnia charakterystyczny smak napoju energetycznego, zapewniaj\u0105c energetyczn\u0105 przyjemno\u015b\u0107 z wapowania nawet do <strong>40 000 poci\u0105g\u00f3w<\/strong>.<\/p>\n<h3 class=\"text-lg font-bold text-text-100 mt-1 -mb-1.5\">Nap\u00f3j energetyczny Sensation<\/h3>\n<p class=\"whitespace-normal break-words\"><strong>Smak:<\/strong> Klasyczny nap\u00f3j energetyczny<br \/>\n<strong>Moc:<\/strong> Do 40 000 poci\u0105g\u00f3w<br \/>\n<strong>Bateria:<\/strong> Bateria o mocy 1000 mAh<br \/>\n<strong>Si\u0142a nikotyny:<\/strong> 50 mg\/ml<\/p>\n<p class=\"whitespace-normal break-words\">Autentyczny smak napoju energetycznego przywo\u0142uje wspomnienia o pobudzaj\u0105cych chwilach. Pot\u0119\u017cna bateria o pojemno\u015bci 1000 mAh idealnie pasuje do energetycznego charakteru tego aromatu i zapewnia sta\u0142\u0105 moc a\u017c do ostatniego zaci\u0105gni\u0119cia.<\/p>\n<h3 class=\"text-lg font-bold text-text-100 mt-1 -mb-1.5\">O\u017cywcza przyjemno\u015b\u0107 parowa<\/h3>\n<p class=\"whitespace-normal break-words\">Te <strong>Jednorazowy e-papieros Vzbull<\/strong> przemawia do wszystkich, kt\u00f3rzy kochaj\u0105 niepowtarzalny smak Energy. Idealny dla aktywnych u\u017cytkownik\u00f3w e-papieros\u00f3w, kt\u00f3rzy preferuj\u0105 znany i pobudzaj\u0105cy aromat.<\/p>\n<p class=\"whitespace-normal break-words\"><strong>Cechy:<\/strong> Autentyczny charakter napoju energetycznego, pobudzaj\u0105cy smak, wyj\u0105tkowa trwa\u0142o\u015b\u0107, \u0142atwa aplikacja i sprawdzone standardy produkcji VOZOL.<\/p>\n<p class=\"whitespace-normal break-words\">Przegl\u0105daj nasze <strong><a class=\"underline\" href=\"https:\/\/vozolpuff.de\/pl\/\">Internetowy sklep vape<\/a><\/strong>, odkryj ca\u0142\u0105 <strong><a class=\"underline\" href=\"https:\/\/vozolpuff.de\/pl\/product-category\/vozol-vape\/\">Kolekcja VOZOL VAPE<\/a><\/strong> lub wybierz jedn\u0105 z nast\u0119puj\u0105cych opcji <strong><a class=\"underline\" href=\"https:\/\/vozolpuff.de\/pl\/product-category\/vozol-vape\/vozol-star-40000\/\">Paleta VOZOL Star 40000<\/a><\/strong>.<\/p>","protected":false},"excerpt":{"rendered":"<p>VOZOL STAR 40000 Vzbull Jednorazowy vape zapewnia autentyczny smak napoju energetycznego, zapewniaj\u0105c energetyczn\u0105 przyjemno\u015b\u0107 z wapowania. Ten mocny jednorazowy e-papieros oferuje do 40 000 zaci\u0105gni\u0119\u0107, bateri\u0119 o mocy 1000 mAh i 50 mg\/ml nikotyny. O\u017cywczy charakter napoju energetycznego \u0142\u0105czy si\u0119 z d\u0142ugotrwa\u0142\u0105 wydajno\u015bci\u0105.<\/p>","protected":false},"featured_media":594,"comment_status":"open","ping_status":"closed","template":"","meta":{"_acf_changed":false},"product_brand":[],"product_cat":[29],"product_tag":[],"class_list":{"0":"post-592","1":"product","2":"type-product","3":"status-publish","4":"has-post-thumbnail","6":"product_cat-vozol-star-40000","8":"first","9":"instock","10":"shipping-taxable","11":"purchasable","12":"product-type-variable"},"acf":[],"_links":{"self":[{"href":"https:\/\/vozolpuff.de\/pl\/wp-json\/wp\/v2\/product\/592","targetHints":{"allow":["GET"]}}],"collection":[{"href":"https:\/\/vozolpuff.de\/pl\/wp-json\/wp\/v2\/product"}],"about":[{"href":"https:\/\/vozolpuff.de\/pl\/wp-json\/wp\/v2\/types\/product"}],"replies":[{"embeddable":true,"href":"https:\/\/vozolpuff.de\/pl\/wp-json\/wp\/v2\/comments?post=592"}],"wp:featuredmedia":[{"embeddable":true,"href":"https:\/\/vozolpuff.de\/pl\/wp-json\/wp\/v2\/media\/594"}],"wp:attachment":[{"href":"https:\/\/vozolpuff.de\/pl\/wp-json\/wp\/v2\/media?parent=592"}],"wp:term":[{"taxonomy":"product_brand","embeddable":true,"href":"https:\/\/vozolpuff.de\/pl\/wp-json\/wp\/v2\/product_brand?post=592"},{"taxonomy":"product_cat","embeddable":true,"href":"https:\/\/vozolpuff.de\/pl\/wp-json\/wp\/v2\/product_cat?post=592"},{"taxonomy":"product_tag","embeddable":true,"href":"https:\/\/vozolpuff.de\/pl\/wp-json\/wp\/v2\/product_tag?post=592"}],"curies":[{"name":"wp","href":"https:\/\/api.w.org\/{rel}","templated":true}]}}