{"id":598,"date":"2025-08-23T12:12:51","date_gmt":"2025-08-23T10:12:51","guid":{"rendered":"https:\/\/vozolpuff.de\/?post_type=product&#038;p=598"},"modified":"2026-01-15T11:59:43","modified_gmt":"2026-01-15T10:59:43","slug":"vozol-star-40000-watermelon-bubble-gum","status":"publish","type":"product","link":"https:\/\/vozolpuff.de\/pl\/produkt\/vozol-star-40000-watermelon-bubble-gum\/","title":{"rendered":"VOZOL STAR 40000 Arbuzowa guma balonowa"},"content":{"rendered":"<h2 class=\"text-xl font-bold text-text-100 mt-1 -mb-0.5\">VOZOL STAR 40000 Watermelon Bubble Gum Jednorazowy vape<\/h2>\n<p class=\"whitespace-normal break-words\">Zanurz si\u0119 w nostalgicznych wspomnieniach z dzieci\u0144stwa dzi\u0119ki <strong>VOZOL STAR 40000 Arbuzowa guma balonowa<\/strong>. Ten zabawny jednorazowy e-papieros \u0142\u0105czy w sobie soczysty arbuz ze s\u0142odkim aromatem gumy balonowej, zapewniaj\u0105c do <strong>40 000 nostalgicznych poci\u0105g\u00f3w<\/strong>.<\/p>\n<h3 class=\"text-lg font-bold text-text-100 mt-1 -mb-1.5\">Nostalgiczny \u015bwiat smak\u00f3w<\/h3>\n<p class=\"whitespace-normal break-words\"><strong>Smak:<\/strong> Guma do \u017cucia o smaku arbuza Fusion<br \/>\n<strong>Pojemno\u015b\u0107:<\/strong> Do 40 000 poci\u0105g\u00f3w<br \/>\n<strong>Bateria:<\/strong> 1000 mAh mocy ci\u0105g\u0142ej<br \/>\n<strong>Nikotyna:<\/strong> 50 mg\/ml<\/p>\n<p class=\"whitespace-normal break-words\">\u015awie\u017cy arbuz spotyka si\u0119 ze s\u0142odk\u0105 nostalgi\u0105 gumy balonowej \u2013 po\u0142\u0105czenie, kt\u00f3re zachwyca zar\u00f3wno m\u0142odych, jak i starszych. Niezawodna wydajno\u015b\u0107 baterii sprawia, \u017ce to wyj\u0105tkowe doznanie smakowe jest dost\u0119pne przez d\u0142ugi czas.<\/p>\n<h3 class=\"text-lg font-bold text-text-100 mt-1 -mb-1.5\">Zabawa z par\u0105<\/h3>\n<p class=\"whitespace-normal break-words\">Te <strong>Jednorazowy e-papieros Watermelon Bubble Gum<\/strong> budzi pozytywne wspomnienia i wnosi rado\u015b\u0107 do codziennego \u017cycia. Idealny dla wszystkich, kt\u00f3rzy lubi\u0105 niezwyk\u0142e i fantazyjne po\u0142\u0105czenia smak\u00f3w.<\/p>\n<p class=\"whitespace-normal break-words\"><strong>Najwa\u017cniejsze wydarzenia:<\/strong> Wyj\u0105tkowy czynnik nostalgii, zr\u00f3wnowa\u017cona s\u0142odycz, maksymalna liczba zaci\u0105gni\u0119\u0107, \u0142atwo\u015b\u0107 u\u017cytkowania i wysokiej jako\u015bci produkcja VOZOL zapewniaj\u0105ca d\u0142ugotrwa\u0142\u0105 przyjemno\u015b\u0107.<\/p>\n<p class=\"whitespace-normal break-words\">Odwied\u017a nasz\u0105 stron\u0119 <strong><a class=\"underline\" href=\"https:\/\/vozolpuff.de\/pl\/\">Vape shop<\/a><\/strong>, przejrzyj <strong><a class=\"underline\" href=\"https:\/\/vozolpuff.de\/pl\/product-category\/vozol-vape\/\">Asortyment VOZOL VAPE<\/a><\/strong> lub odkryj wszystko <strong><a class=\"underline\" href=\"https:\/\/vozolpuff.de\/pl\/product-category\/vozol-vape\/vozol-star-40000\/\">VOZOL Star 40000 Smaki<\/a><\/strong>.<\/p>","protected":false},"excerpt":{"rendered":"<p>Jednorazowy vape VOZOL STAR 40000 Watermelon Bubble Gum \u0142\u0105czy w sobie soczysty arbuz z aromatem s\u0142odkiej gumy balonowej, przywo\u0142uj\u0105c nostalgiczne wspomnienia z dzieci\u0144stwa. Ten zabawny jednorazowy e-papieros zapewnia do 40 000 zaci\u0105gni\u0119\u0107, bateri\u0119 1000 mAh i 50 mg\/ml nikotyny. Wyj\u0105tkowy czynnik nostalgii \u0142\u0105czy si\u0119 z zabawow\u0105 przyjemno\u015bci\u0105 wapowania.<\/p>","protected":false},"featured_media":600,"comment_status":"open","ping_status":"closed","template":"","meta":{"_acf_changed":false},"product_brand":[],"product_cat":[29],"product_tag":[],"class_list":{"0":"post-598","1":"product","2":"type-product","3":"status-publish","4":"has-post-thumbnail","6":"product_cat-vozol-star-40000","8":"first","9":"instock","10":"shipping-taxable","11":"purchasable","12":"product-type-variable"},"acf":[],"_links":{"self":[{"href":"https:\/\/vozolpuff.de\/pl\/wp-json\/wp\/v2\/product\/598","targetHints":{"allow":["GET"]}}],"collection":[{"href":"https:\/\/vozolpuff.de\/pl\/wp-json\/wp\/v2\/product"}],"about":[{"href":"https:\/\/vozolpuff.de\/pl\/wp-json\/wp\/v2\/types\/product"}],"replies":[{"embeddable":true,"href":"https:\/\/vozolpuff.de\/pl\/wp-json\/wp\/v2\/comments?post=598"}],"wp:featuredmedia":[{"embeddable":true,"href":"https:\/\/vozolpuff.de\/pl\/wp-json\/wp\/v2\/media\/600"}],"wp:attachment":[{"href":"https:\/\/vozolpuff.de\/pl\/wp-json\/wp\/v2\/media?parent=598"}],"wp:term":[{"taxonomy":"product_brand","embeddable":true,"href":"https:\/\/vozolpuff.de\/pl\/wp-json\/wp\/v2\/product_brand?post=598"},{"taxonomy":"product_cat","embeddable":true,"href":"https:\/\/vozolpuff.de\/pl\/wp-json\/wp\/v2\/product_cat?post=598"},{"taxonomy":"product_tag","embeddable":true,"href":"https:\/\/vozolpuff.de\/pl\/wp-json\/wp\/v2\/product_tag?post=598"}],"curies":[{"name":"wp","href":"https:\/\/api.w.org\/{rel}","templated":true}]}}