{"id":610,"date":"2025-08-23T12:17:04","date_gmt":"2025-08-23T10:17:04","guid":{"rendered":"https:\/\/vozolpuff.de\/?post_type=product&#038;p=610"},"modified":"2026-01-15T11:59:17","modified_gmt":"2026-01-15T10:59:17","slug":"vozol-star-40000-watermelon-ice","status":"publish","type":"product","link":"https:\/\/vozolpuff.de\/pl\/produkt\/vozol-star-40000-watermelon-ice\/","title":{"rendered":"VOZOL STAR 40000 Watermelon Ice"},"content":{"rendered":"<h2 class=\"text-xl font-bold text-text-100 mt-1 -mb-0.5\">VOZOL STAR 40000 Watermelon Ice Jednorazowy vape<\/h2>\n<p class=\"whitespace-normal break-words\">Ciesz si\u0119 orze\u017awiaj\u0105cym letnim ch\u0142odem dzi\u0119ki <strong>VOZOL STAR 40000 Watermelon Ice<\/strong>. Ten pobudzaj\u0105cy jednorazowy e-papieros \u0142\u0105czy w sobie soczysty arbuz z intensywnym efektem ch\u0142odzenia, zapewniaj\u0105c orze\u017awiaj\u0105c\u0105 przyjemno\u015b\u0107 z wapowania nawet do <strong>40 000 poci\u0105g\u00f3w<\/strong>.<\/p>\n<h3 class=\"text-lg font-bold text-text-100 mt-1 -mb-1.5\">Orze\u017awiaj\u0105ca letnia kombinacja<\/h3>\n<p class=\"whitespace-normal break-words\"><strong>Smak:<\/strong> Arbuz z lodowym ch\u0142odzeniem<br \/>\n<strong>Poci\u0105gi:<\/strong> Do 40 000 zaci\u0105gni\u0119\u0107<br \/>\n<strong>Pojemno\u015b\u0107 akumulatora:<\/strong> Bateria chroni\u0105ca przed zimnem o pojemno\u015bci 1000 mAh<br \/>\n<strong>Si\u0142a nikotyny:<\/strong> 50 mg\/ml<\/p>\n<p class=\"whitespace-normal break-words\">S\u0142odki, soczysty melon dzi\u0119ki intensywnemu efektowi ch\u0142odz\u0105cemu staje si\u0119 idealnym towarzyszem lata. Wytrzyma\u0142a bateria zapewnia sta\u0142y efekt ch\u0142odzenia i intensywno\u015b\u0107 smaku przez ca\u0142y okres u\u017cytkowania.<\/p>\n<h3 class=\"text-lg font-bold text-text-100 mt-1 -mb-1.5\">Najlepsze orze\u017awienie na lato<\/h3>\n<p class=\"whitespace-normal break-words\">Te <strong>Watermelon Ice Jednorazowy e-papieros<\/strong> jest idealnym wyborem na upalne dni i dla wszystkich, kt\u00f3rzy chc\u0105 po\u0142\u0105czy\u0107 intensywne orze\u017awienie z naturaln\u0105 s\u0142odycz\u0105 owoc\u00f3w.<\/p>\n<p class=\"whitespace-normal break-words\"><strong>Zalety produktu:<\/strong> Intensywne dzia\u0142anie ch\u0142odz\u0105ce, autentyczny smak arbuza, wyj\u0105tkowa pojemno\u015b\u0107, bezobs\u0142ugowa technologia i niezawodna gwarancja jako\u015bci VOZOL.<\/p>\n<p class=\"whitespace-normal break-words\">Znajd\u017a sw\u00f3j ulubiony e-papieros w naszym <strong><a class=\"underline\" href=\"https:\/\/vozolpuff.de\/pl\/\">Portal Steamer<\/a><\/strong>, odkryj r\u00f3\u017cnorodno\u015b\u0107 <strong><a class=\"underline\" href=\"https:\/\/vozolpuff.de\/pl\/product-category\/vozol-vape\/\">\u015awiat produkt\u00f3w VOZOL VAPE<\/a><\/strong> lub spr\u00f3buj innych <strong><a class=\"underline\" href=\"https:\/\/vozolpuff.de\/pl\/product-category\/vozol-vape\/vozol-star-40000\/\">VOZOL Star 40000 odmian<\/a><\/strong>.<\/p>","protected":false},"excerpt":{"rendered":"<p>VOZOL STAR 40000 Watermelon Ice Jednorazowy vape \u0142\u0105czy w sobie soczysty arbuz z intensywnym efektem ch\u0142odzenia, zapewniaj\u0105c najwy\u017csz\u0105 letni\u0105 \u015bwie\u017co\u015b\u0107. Ten o\u017cywczy jednorazowy e-papieros oferuje do 40 000 zaci\u0105gni\u0119\u0107, bateri\u0119 1000 mAh i 50 mg\/ml nikotyny. Idealna r\u00f3wnowaga mi\u0119dzy s\u0142odycz\u0105 owoc\u00f3w a intensywnym ch\u0142odem.<\/p>","protected":false},"featured_media":612,"comment_status":"open","ping_status":"closed","template":"","meta":{"_acf_changed":false},"product_brand":[],"product_cat":[29],"product_tag":[],"class_list":{"0":"post-610","1":"product","2":"type-product","3":"status-publish","4":"has-post-thumbnail","6":"product_cat-vozol-star-40000","8":"first","9":"instock","10":"shipping-taxable","11":"purchasable","12":"product-type-variable"},"acf":[],"_links":{"self":[{"href":"https:\/\/vozolpuff.de\/pl\/wp-json\/wp\/v2\/product\/610","targetHints":{"allow":["GET"]}}],"collection":[{"href":"https:\/\/vozolpuff.de\/pl\/wp-json\/wp\/v2\/product"}],"about":[{"href":"https:\/\/vozolpuff.de\/pl\/wp-json\/wp\/v2\/types\/product"}],"replies":[{"embeddable":true,"href":"https:\/\/vozolpuff.de\/pl\/wp-json\/wp\/v2\/comments?post=610"}],"wp:featuredmedia":[{"embeddable":true,"href":"https:\/\/vozolpuff.de\/pl\/wp-json\/wp\/v2\/media\/612"}],"wp:attachment":[{"href":"https:\/\/vozolpuff.de\/pl\/wp-json\/wp\/v2\/media?parent=610"}],"wp:term":[{"taxonomy":"product_brand","embeddable":true,"href":"https:\/\/vozolpuff.de\/pl\/wp-json\/wp\/v2\/product_brand?post=610"},{"taxonomy":"product_cat","embeddable":true,"href":"https:\/\/vozolpuff.de\/pl\/wp-json\/wp\/v2\/product_cat?post=610"},{"taxonomy":"product_tag","embeddable":true,"href":"https:\/\/vozolpuff.de\/pl\/wp-json\/wp\/v2\/product_tag?post=610"}],"curies":[{"name":"wp","href":"https:\/\/api.w.org\/{rel}","templated":true}]}}