{"id":6178,"date":"2025-10-09T09:17:27","date_gmt":"2025-10-09T07:17:27","guid":{"rendered":"https:\/\/vozolpuff.de\/?post_type=product&#038;p=6178"},"modified":"2025-10-09T09:17:27","modified_gmt":"2025-10-09T07:17:27","slug":"bang-king-30000-blueberry-ice-black-dragon-ice","status":"publish","type":"product","link":"https:\/\/vozolpuff.de\/pl\/produkt\/bang-king-30000-blueberry-ice-black-dragon-ice\/","title":{"rendered":"Bang King 30000 Blueberry Ice\/Black Dragon Ice"},"content":{"rendered":"<h2 class=\"text-xl font-bold text-text-100 mt-1 -mb-0.5\">Jednorazowe vape Bang King 30000 Blueberry Ice\/Black Dragon Ice<\/h2>\n<p class=\"whitespace-normal break-words\">Jednorazowy waporyzator Bang King 30000 Puffs z dwoma wymiennymi smakami Blueberry Ice i Black Dragon Ice oferuje do 30 000 zaci\u0105gni\u0119\u0107 z pojemnego 36-mililitrowego zbiornika na e-ciecz. Wybierz pomi\u0119dzy moc\u0105 nikotyny 0%, 2%, 3% lub 5%, aby uzyska\u0107 spersonalizowane doznania podczas waporyzacji. Zasilany bateri\u0105 550 mAh z regulowanym przep\u0142ywem powietrza i cewk\u0105 grzewcz\u0105 z siatk\u0105 1,0 \u03a9, zapewnia intensywny smak i maksymaln\u0105 elastyczno\u015b\u0107 dzi\u0119ki dw\u00f3m oddzielnym smakom w jednym urz\u0105dzeniu.<\/p>\n<h3 class=\"text-lg font-bold text-text-100 mt-1 -mb-1.5\">Najwa\u017cniejsze cechy produktu Bang King 30000 Blueberry Ice\/Black Dragon Ice:<\/h3>\n<p class=\"whitespace-normal break-words\">Bang King 30000 Puffs z wy\u015bwietlaczem LCD i technologi\u0105 dual flavour oferuje wyj\u0105tkowe wra\u017cenia z waporyzacji dzi\u0119ki imponuj\u0105cej pojemno\u015bci 30 000 zaci\u0105gni\u0119\u0107. Wyposa\u017cony w cewk\u0119 siatkow\u0105 1,0 ohm i imponuj\u0105c\u0105 pojemno\u015b\u0107 36 ml e-liquidu, urz\u0105dzenie to zapewnia p\u0142ynn\u0105, sta\u0142\u0105 produkcj\u0119 pary i d\u0142ugotrwa\u0142e u\u017cytkowanie bez konieczno\u015bci cz\u0119stego uzupe\u0142niania. U\u017cytkownicy mog\u0105 wybiera\u0107 pomi\u0119dzy st\u0119\u017ceniami nikotyny 0%, 2%, 3% lub 5%.<\/p>\n<p class=\"whitespace-normal break-words\">Zasilany niezawodn\u0105 bateri\u0105 550 mAh z funkcj\u0105 szybkiego \u0142adowania typu C, Bang King 30000 gwarantuje sta\u0142\u0105 wydajno\u015b\u0107 i minimalne przestoje. Zaawansowany cyfrowy wy\u015bwietlacz LCD wygodnie pokazuje poziom na\u0142adowania baterii i poziom e-liquidu. Wyj\u0105tkowa funkcja Double Button umo\u017cliwia prze\u0142\u0105czanie mi\u0119dzy dwoma r\u00f3\u017cnymi smakami: orze\u017awiaj\u0105cym Blueberry Ice z ch\u0142odnym mentolowym wyko\u0144czeniem lub intensywnym Black Dragon Ice, zapewniaj\u0105cym mistyczne doznania podczas waporyzacji.<\/p>\n<p class=\"whitespace-normal break-words\">Zaprojektowany zar\u00f3wno dla pocz\u0105tkuj\u0105cych, jak i do\u015bwiadczonych waper\u00f3w, Bang King 30000 \u0142\u0105czy w sobie du\u017c\u0105 pojemno\u015b\u0107, \u0142atwo\u015b\u0107 obs\u0142ugi i zaawansowan\u0105 technologi\u0119. Mo\u017cliwo\u015b\u0107 prze\u0142\u0105czania si\u0119 mi\u0119dzy dwoma zupe\u0142nie r\u00f3\u017cnymi smakami sprawia, \u017ce model ten jest idealnym wyborem dla ka\u017cdego, kto ceni sobie r\u00f3\u017cnorodno\u015b\u0107.<\/p>\n<h3 class=\"text-lg font-bold text-text-100 mt-1 -mb-1.5\">Dane techniczne:<\/h3>\n<p class=\"whitespace-normal break-words\"><strong>Poci\u0105gi:<\/strong> Do 30 000 zaci\u0105gni\u0119\u0107<br \/>\n<strong>Pojemno\u015b\u0107 cieczy:<\/strong> 36 ml<br \/>\n<strong>Nikotyna:<\/strong> 0%, 2%, 3%, 5%<br \/>\n<strong>Typ:<\/strong> Jednorazowego u\u017cytku<br \/>\n<strong>Bateria:<\/strong> Bateria 550 mAh<br \/>\n<strong>Przep\u0142yw powietrza:<\/strong> Regulowany<br \/>\n<strong>Rezystancja cewki grzewczej:<\/strong> Cewka siatkowa 1,0\u03a9<\/p>\n<h3 class=\"text-lg font-bold text-text-100 mt-1 -mb-1.5\">Odkryj wi\u0119cej BANG VAPE na vozolpuff<\/h3>\n<p class=\"whitespace-normal break-words\">Odkryj wi\u0119cej produkt\u00f3w premium w naszej ofercie <strong><a class=\"underline\" href=\"https:\/\/vozolpuff.de\/pl\/\">Sklep internetowy z e-papierosami<\/a><\/strong>, poznaj ca\u0142\u0105 <strong><a class=\"underline\" href=\"https:\/\/vozolpuff.de\/pl\/product-category\/bang-vape\/\">Gama produkt\u00f3w BANG VAPE<\/a><\/strong> lub przegl\u0105da\u0107 wszystkie <strong><a class=\"underline\" href=\"https:\/\/vozolpuff.de\/pl\/product-category\/bang-vape\/bang-king-30000\/\">Bang King 30000 smak\u00f3w<\/a><\/strong> dla idealnego do\u015bwiadczenia pary.<\/p>","protected":false},"excerpt":{"rendered":"<p class=\"whitespace-normal break-words\">Podw\u00f3jny smak w jednym urz\u0105dzeniu dzi\u0119ki jednorazowemu waporyzatorowi Bang King 30000 Blueberry Ice\/Black Dragon Ice. Do 30 000 zaci\u0105gni\u0119\u0107 ze zbiornika o pojemno\u015bci 36 ml - prze\u0142\u0105czanie mi\u0119dzy orze\u017awiaj\u0105cym Blueberry Ice i intensywnym Black Dragon Ice za naci\u015bni\u0119ciem jednego przycisku. Bateria 550 mAh z szybkim \u0142adowaniem typu C, wy\u015bwietlacz LCD poziomu baterii i p\u0142ynu. Siatkowa cewka 1,0\u03a9 gwarantuje r\u00f3wnomierny smak. Regulowany przep\u0142yw powietrza i cztery dost\u0119pne st\u0119\u017cenia nikotyny.<\/p>\n<p class=\"whitespace-normal break-words\">","protected":false},"featured_media":6180,"comment_status":"open","ping_status":"closed","template":"","meta":{"_acf_changed":false},"product_brand":[],"product_cat":[74],"product_tag":[],"class_list":{"0":"post-6178","1":"product","2":"type-product","3":"status-publish","4":"has-post-thumbnail","6":"product_cat-bang-king-30000","8":"first","9":"instock","10":"shipping-taxable","11":"purchasable","12":"product-type-variable"},"acf":[],"_links":{"self":[{"href":"https:\/\/vozolpuff.de\/pl\/wp-json\/wp\/v2\/product\/6178","targetHints":{"allow":["GET"]}}],"collection":[{"href":"https:\/\/vozolpuff.de\/pl\/wp-json\/wp\/v2\/product"}],"about":[{"href":"https:\/\/vozolpuff.de\/pl\/wp-json\/wp\/v2\/types\/product"}],"replies":[{"embeddable":true,"href":"https:\/\/vozolpuff.de\/pl\/wp-json\/wp\/v2\/comments?post=6178"}],"wp:featuredmedia":[{"embeddable":true,"href":"https:\/\/vozolpuff.de\/pl\/wp-json\/wp\/v2\/media\/6180"}],"wp:attachment":[{"href":"https:\/\/vozolpuff.de\/pl\/wp-json\/wp\/v2\/media?parent=6178"}],"wp:term":[{"taxonomy":"product_brand","embeddable":true,"href":"https:\/\/vozolpuff.de\/pl\/wp-json\/wp\/v2\/product_brand?post=6178"},{"taxonomy":"product_cat","embeddable":true,"href":"https:\/\/vozolpuff.de\/pl\/wp-json\/wp\/v2\/product_cat?post=6178"},{"taxonomy":"product_tag","embeddable":true,"href":"https:\/\/vozolpuff.de\/pl\/wp-json\/wp\/v2\/product_tag?post=6178"}],"curies":[{"name":"wp","href":"https:\/\/api.w.org\/{rel}","templated":true}]}}