{"id":6194,"date":"2025-10-09T09:22:25","date_gmt":"2025-10-09T07:22:25","guid":{"rendered":"https:\/\/vozolpuff.de\/?post_type=product&#038;p=6194"},"modified":"2025-10-09T09:22:25","modified_gmt":"2025-10-09T07:22:25","slug":"bang-king-30000-blueberry-raspberry-mixed-mouldy-fruit","status":"publish","type":"product","link":"https:\/\/vozolpuff.de\/pl\/produkt\/bang-king-30000-blueberry-raspberry-mixed-mouldy-fruit\/","title":{"rendered":"Bang King 30000 Blueberry Raspberry\/Mixed Mouldy Fruit"},"content":{"rendered":"<h2 class=\"text-xl font-bold text-text-100 mt-1 -mb-0.5\">Bang King 30000 Blueberry Raspberry\/Mixed Mouldy Fruit Jednorazowy vape<\/h2>\n<p class=\"whitespace-normal break-words\">Do\u015bwiadcz niezwyk\u0142ej kombinacji smak\u00f3w dzi\u0119ki jednorazowemu vape Bang King 30000 Blueberry Raspberry\/Mixed Mouldy Fruit. To wydajne urz\u0105dzenie zapewnia do 30 000 zaci\u0105gni\u0119\u0107 z 36 ml wst\u0119pnie nape\u0142nionego zbiornika i oferuje opcje nikotyny 0%, 2%, 3% lub 5%. Bateria 550 mAh w po\u0142\u0105czeniu z regulowanym przep\u0142ywem powietrza i cewk\u0105 siatkow\u0105 1,0 \u03a9 gwarantuje intensywne doznania smakowe. Prze\u0142\u0105czaj si\u0119 mi\u0119dzy cierpk\u0105 jagod\u0105 i malin\u0105 a egzotyczn\u0105 mieszank\u0105 owoc\u00f3w \u2013 dwa odr\u0119bne smaki w jednym urz\u0105dzeniu premium.<\/p>\n<h3 class=\"text-lg font-bold text-text-100 mt-1 -mb-1.5\">Najwa\u017cniejsze cechy Bang King 30000 Blueberry Raspberry\/Mixed Mouldy Fruit:<\/h3>\n<p class=\"whitespace-normal break-words\">Ten zaawansowany jednorazowy vape z 30 000 zaci\u0105gni\u0119\u0107 i wy\u015bwietlaczem LCD wyr\u00f3\u017cnia si\u0119 innowacyjn\u0105 technologi\u0105 podw\u00f3jnego smaku. Wysokiej jako\u015bci cewka siatkowa 1,0 Ohm rozwija ka\u017cdy z dw\u00f3ch aromat\u00f3w z imponuj\u0105c\u0105 precyzj\u0105, a pojemno\u015b\u0107 36 ml zapewnia tygodnie przyjemno\u015bci. Dostosuj poziom nikotyny do swoich potrzeb \u2013 od bez nikotyny do 5%.<\/p>\n<p class=\"whitespace-normal break-words\">Dzi\u0119ki niezawodnej baterii o pojemno\u015bci 550 mAh i portowi szybkiego \u0142adowania typu C mo\u017cesz cieszy\u0107 si\u0119 nieprzerwan\u0105 wydajno\u015bci\u0105 bez irytuj\u0105cych przerw. Intuicyjny wy\u015bwietlacz LCD w przejrzysty spos\u00f3b informuje o stanie baterii i pozosta\u0142ej ilo\u015bci p\u0142ynu. Specjalna funkcja podw\u00f3jnego przycisku umo\u017cliwia spontaniczne prze\u0142\u0105czanie si\u0119 mi\u0119dzy dwoma zupe\u0142nie r\u00f3\u017cnymi smakami: cierpkim Blueberry Raspberry dla mi\u0142o\u015bnik\u00f3w jag\u00f3d lub egzotycznym Mixed Mouldy Fruit dla poszukiwaczy przyg\u00f3d.<\/p>\n<p class=\"whitespace-normal break-words\">Bang King 30000 jest przeznaczony dla wszystkich u\u017cytkownik\u00f3w e-papieros\u00f3w, kt\u00f3rzy poszukuj\u0105 najwy\u017cszej jako\u015bci, maksymalnej pojemno\u015bci i prawdziwej r\u00f3\u017cnorodno\u015bci smak\u00f3w. Elegancki wygl\u0105d i wyrafinowana technologia sprawiaj\u0105, \u017ce jest to idealny towarzysz na ca\u0142y dzie\u0144.<\/p>\n<h3 class=\"text-lg font-bold text-text-100 mt-1 -mb-1.5\">Dane techniczne:<\/h3>\n<p class=\"whitespace-normal break-words\"><strong>Poci\u0105gi:<\/strong> Do 30 000 zaci\u0105gni\u0119\u0107<br \/>\n<strong>Pojemno\u015b\u0107 cieczy:<\/strong> 36 ml<br \/>\n<strong>Nikotyna:<\/strong> 0%, 2%, 3%, 5%<br \/>\n<strong>Typ:<\/strong> Jednorazowego u\u017cytku<br \/>\n<strong>Bateria:<\/strong> Bateria 550 mAh<br \/>\n<strong>Przep\u0142yw powietrza:<\/strong> Regulowany<br \/>\n<strong>Rezystancja cewki grzewczej:<\/strong> Cewka siatkowa 1,0\u03a9<\/p>\n<h3 class=\"text-lg font-bold text-text-100 mt-1 -mb-1.5\">Odkryj wi\u0119cej BANG VAPE na vozolpuff<\/h3>\n<p class=\"whitespace-normal break-words\">Przegl\u0105daj nasze <strong><a class=\"underline\" href=\"https:\/\/vozolpuff.de\/pl\/\">Sklep internetowy z e-papierosami<\/a><\/strong> Po zapoznaniu si\u0119 z kolejnymi atrakcjami, zapraszamy do zapoznania si\u0119 z pe\u0142n\u0105 ofert\u0105 <strong><a class=\"underline\" href=\"https:\/\/vozolpuff.de\/pl\/product-category\/bang-vape\/\">Seria BANG VAPE<\/a><\/strong> lub znajd\u017a sw\u00f3j ulubiony smak spo\u015br\u00f3d wszystkich dost\u0119pnych <strong><a class=\"underline\" href=\"https:\/\/vozolpuff.de\/pl\/product-category\/bang-vape\/bang-king-30000\/\">Bang King 30000 smak\u00f3w<\/a><\/strong>.<\/p>","protected":false},"excerpt":{"rendered":"<p class=\"whitespace-normal break-words\">Niezwyk\u0142e po\u0142\u0105czenie aromat\u00f3w w jednorazowym vape Bang King 30000 Blueberry Raspberry\/Mixed Mouldy Fruit. Do 30 000 zaci\u0105gni\u0119\u0107 z 36 ml zbiornika \u2013 prze\u0142\u0105czaj si\u0119 mi\u0119dzy cierpk\u0105 jagod\u0105 i malin\u0105 a egzotycznym Mixed Mouldy Fruit. Akumulator 550 mAh z szybkim \u0142adowaniem typu C, wy\u015bwietlacz LCD pokazuje wszystkie wa\u017cne dane. Cewka siatkowa 1,0 \u03a9 precyzyjnie uwalnia oba aromaty. Regulowany przep\u0142yw powietrza i cztery poziomy nikotyny do wyboru.<\/p>\n<p class=\"whitespace-normal break-words\">","protected":false},"featured_media":6196,"comment_status":"open","ping_status":"closed","template":"","meta":{"_acf_changed":false},"product_brand":[],"product_cat":[74],"product_tag":[],"class_list":{"0":"post-6194","1":"product","2":"type-product","3":"status-publish","4":"has-post-thumbnail","6":"product_cat-bang-king-30000","8":"first","9":"instock","10":"shipping-taxable","11":"purchasable","12":"product-type-variable"},"acf":[],"_links":{"self":[{"href":"https:\/\/vozolpuff.de\/pl\/wp-json\/wp\/v2\/product\/6194","targetHints":{"allow":["GET"]}}],"collection":[{"href":"https:\/\/vozolpuff.de\/pl\/wp-json\/wp\/v2\/product"}],"about":[{"href":"https:\/\/vozolpuff.de\/pl\/wp-json\/wp\/v2\/types\/product"}],"replies":[{"embeddable":true,"href":"https:\/\/vozolpuff.de\/pl\/wp-json\/wp\/v2\/comments?post=6194"}],"wp:featuredmedia":[{"embeddable":true,"href":"https:\/\/vozolpuff.de\/pl\/wp-json\/wp\/v2\/media\/6196"}],"wp:attachment":[{"href":"https:\/\/vozolpuff.de\/pl\/wp-json\/wp\/v2\/media?parent=6194"}],"wp:term":[{"taxonomy":"product_brand","embeddable":true,"href":"https:\/\/vozolpuff.de\/pl\/wp-json\/wp\/v2\/product_brand?post=6194"},{"taxonomy":"product_cat","embeddable":true,"href":"https:\/\/vozolpuff.de\/pl\/wp-json\/wp\/v2\/product_cat?post=6194"},{"taxonomy":"product_tag","embeddable":true,"href":"https:\/\/vozolpuff.de\/pl\/wp-json\/wp\/v2\/product_tag?post=6194"}],"curies":[{"name":"wp","href":"https:\/\/api.w.org\/{rel}","templated":true}]}}