{"id":6202,"date":"2025-10-09T09:24:52","date_gmt":"2025-10-09T07:24:52","guid":{"rendered":"https:\/\/vozolpuff.de\/?post_type=product&#038;p=6202"},"modified":"2025-10-09T09:24:52","modified_gmt":"2025-10-09T07:24:52","slug":"bang-king-30000-blueberry-raspberry-peach-mango-watermelon","status":"publish","type":"product","link":"https:\/\/vozolpuff.de\/pl\/produkt\/bang-king-30000-blueberry-raspberry-peach-mango-watermelon\/","title":{"rendered":"Bang King 30000 Blueberry Raspberry\/Peach Mango Watermelon"},"content":{"rendered":"<h2 class=\"text-xl font-bold text-text-100 mt-1 -mb-0.5\">Bang King 30000 Blueberry Raspberry\/Peach Mango Watermelon Jednorazowy vape<\/h2>\n<p class=\"whitespace-normal break-words\">Jednorazowy vape Bang King 30000 Blueberry Raspberry\/Peach Mango Watermelon \u0142\u0105czy w sobie owocow\u0105 intensywno\u015b\u0107 z techniczn\u0105 perfekcj\u0105. Ciesz si\u0119 nawet 30 000 zaci\u0105gni\u0119\u0107 z pojemnego zbiornika na e-liquid o pojemno\u015bci 36 ml, z dowolnie wybieranym st\u0119\u017ceniem nikotyny mi\u0119dzy 0%, 2%, 3% lub 5%. Wyposa\u017cony w wydajn\u0105 bateri\u0119 550 mAh, regulowany przep\u0142yw powietrza i precyzyjn\u0105 technologi\u0119 cewki siatkowej 1,0 \u03a9, model ten oferuje dwa ca\u0142kowicie odr\u0119bne profile smakowe: cierpko-owocowy Blueberry Raspberry i tropikalny Peach Mango Watermelon.<\/p>\n<h3 class=\"text-lg font-bold text-text-100 mt-1 -mb-1.5\">Szczeg\u00f3lne w\u0142a\u015bciwo\u015bci odmiany Blueberry Raspberry\/Peach Mango Watermelon:<\/h3>\n<p class=\"whitespace-normal break-words\">Ten wysokiej jako\u015bci jednorazowy e-papieros z imponuj\u0105c\u0105 liczb\u0105 30 000 zaci\u0105gni\u0119\u0107 i nowoczesnym wy\u015bwietlaczem LCD rewolucjonizuje doznania zwi\u0105zane z wapowaniem dzi\u0119ki innowacyjnej technologii podw\u00f3jnego smaku. Zoptymalizowana cewka siatkowa 1,0 Ohm zapewnia autentyczny smak obu aromat\u00f3w, a pojemno\u015b\u0107 zbiornika 36 ml pozwala cieszy\u0107 si\u0119 nim przez wiele miesi\u0119cy bez konieczno\u015bci ponownego nape\u0142niania. Wybierz swoj\u0105 osobist\u0105 dawk\u0119 nikotyny, aby uzyska\u0107 dostosowane do swoich potrzeb doznania.<\/p>\n<p class=\"whitespace-normal break-words\">Wytrzyma\u0142a bateria o pojemno\u015bci 550 mAh z nowoczesn\u0105 technologi\u0105 szybkiego \u0142adowania typu C gwarantuje sta\u0142\u0105 wydajno\u015b\u0107 i kr\u00f3tki czas \u0142adowania. Przejrzysty wy\u015bwietlacz LCD na bie\u017c\u0105co informuje o stanie na\u0142adowania baterii i poziomie p\u0142ynu. Najwa\u017cniejsza zaleta: funkcja podw\u00f3jnego przycisku pozwala na \u0142atwe prze\u0142\u0105czanie mi\u0119dzy cierpkim smakiem jag\u00f3d i malin a letnim smakiem brzoskwini, mango i arbuza \u2013 dwa odr\u0119bne smaki na ka\u017cdy nastr\u00f3j.<\/p>\n<p class=\"whitespace-normal break-words\">Niezale\u017cnie od tego, czy jeste\u015b pocz\u0105tkuj\u0105cym, czy profesjonalist\u0105 \u2013 Bang King 30000 oferuje najwy\u017csz\u0105 jako\u015b\u0107, ogromn\u0105 pojemno\u015b\u0107 i niezr\u00f3wnan\u0105 r\u00f3\u017cnorodno\u015b\u0107 smak\u00f3w. Wysokiej jako\u015bci wykonanie i przemy\u015blana funkcjonalno\u015b\u0107 wyznaczaj\u0105 nowe standardy w segmencie jednorazowych vape'\u00f3w.<\/p>\n<h3 class=\"text-lg font-bold text-text-100 mt-1 -mb-1.5\">Dane techniczne:<\/h3>\n<p class=\"whitespace-normal break-words\"><strong>Poci\u0105gi:<\/strong> Do 30 000 zaci\u0105gni\u0119\u0107<br \/>\n<strong>Pojemno\u015b\u0107 cieczy:<\/strong> 36 ml<br \/>\n<strong>Nikotyna:<\/strong> 0%, 2%, 3%, 5%<br \/>\n<strong>Typ:<\/strong> Jednorazowego u\u017cytku<br \/>\n<strong>Bateria:<\/strong> Bateria 550 mAh<br \/>\n<strong>Przep\u0142yw powietrza:<\/strong> Regulowany<br \/>\n<strong>Rezystancja cewki grzewczej:<\/strong> Cewka siatkowa 1,0\u03a9<\/p>\n<h3 class=\"text-lg font-bold text-text-100 mt-1 -mb-1.5\">Odkryj wi\u0119cej BANG VAPE na vozolpuff<\/h3>\n<p class=\"whitespace-normal break-words\">Odkryj wi\u0119cej produkt\u00f3w premium w naszej ofercie <strong><a class=\"underline\" href=\"https:\/\/vozolpuff.de\/pl\/\">Sklep internetowy z e-papierosami<\/a><\/strong>, poznaj ca\u0142\u0105 <strong><a class=\"underline\" href=\"https:\/\/vozolpuff.de\/pl\/product-category\/bang-vape\/\">Gama produkt\u00f3w BANG VAPE<\/a><\/strong> lub przegl\u0105da\u0107 wszystkie <strong><a class=\"underline\" href=\"https:\/\/vozolpuff.de\/pl\/product-category\/bang-vape\/bang-king-30000\/\">Bang King 30000 smak\u00f3w<\/a><\/strong> dla idealnego do\u015bwiadczenia pary.<\/p>","protected":false},"excerpt":{"rendered":"<p class=\"whitespace-normal break-words\">Owocowa intensywno\u015b\u0107 dzi\u0119ki jednorazowemu vape Bang King 30000 Blueberry Raspberry\/Peach Mango Watermelon. Do 30 000 zaci\u0105gni\u0119\u0107 z 36 ml zbiornika \u2013 prze\u0142\u0105czaj si\u0119 mi\u0119dzy cierpk\u0105 jagod\u0105 i malin\u0105 a tropikaln\u0105 brzoskwini\u0105, mango i arbuzem. Bateria 550 mAh z szybkim \u0142adowaniem typu C, wy\u015bwietlacz LCD pokazuj\u0105cy poziom na\u0142adowania baterii i poziom p\u0142ynu. Cewka siatkowa 1,0 \u03a9 zapewnia autentyczne aromaty. Regulowany przep\u0142yw powietrza i cztery poziomy nikotyny do wyboru.<\/p>\n<p class=\"whitespace-normal break-words\">","protected":false},"featured_media":6204,"comment_status":"open","ping_status":"closed","template":"","meta":{"_acf_changed":false},"product_brand":[],"product_cat":[74],"product_tag":[],"class_list":{"0":"post-6202","1":"product","2":"type-product","3":"status-publish","4":"has-post-thumbnail","6":"product_cat-bang-king-30000","8":"first","9":"instock","10":"shipping-taxable","11":"purchasable","12":"product-type-variable"},"acf":[],"_links":{"self":[{"href":"https:\/\/vozolpuff.de\/pl\/wp-json\/wp\/v2\/product\/6202","targetHints":{"allow":["GET"]}}],"collection":[{"href":"https:\/\/vozolpuff.de\/pl\/wp-json\/wp\/v2\/product"}],"about":[{"href":"https:\/\/vozolpuff.de\/pl\/wp-json\/wp\/v2\/types\/product"}],"replies":[{"embeddable":true,"href":"https:\/\/vozolpuff.de\/pl\/wp-json\/wp\/v2\/comments?post=6202"}],"wp:featuredmedia":[{"embeddable":true,"href":"https:\/\/vozolpuff.de\/pl\/wp-json\/wp\/v2\/media\/6204"}],"wp:attachment":[{"href":"https:\/\/vozolpuff.de\/pl\/wp-json\/wp\/v2\/media?parent=6202"}],"wp:term":[{"taxonomy":"product_brand","embeddable":true,"href":"https:\/\/vozolpuff.de\/pl\/wp-json\/wp\/v2\/product_brand?post=6202"},{"taxonomy":"product_cat","embeddable":true,"href":"https:\/\/vozolpuff.de\/pl\/wp-json\/wp\/v2\/product_cat?post=6202"},{"taxonomy":"product_tag","embeddable":true,"href":"https:\/\/vozolpuff.de\/pl\/wp-json\/wp\/v2\/product_tag?post=6202"}],"curies":[{"name":"wp","href":"https:\/\/api.w.org\/{rel}","templated":true}]}}