{"id":6210,"date":"2025-10-09T09:27:07","date_gmt":"2025-10-09T07:27:07","guid":{"rendered":"https:\/\/vozolpuff.de\/?post_type=product&#038;p=6210"},"modified":"2025-10-09T09:27:07","modified_gmt":"2025-10-09T07:27:07","slug":"bang-king-30000-red-bull-blueberry-watermelon","status":"publish","type":"product","link":"https:\/\/vozolpuff.de\/pl\/produkt\/bang-king-30000-red-bull-blueberry-watermelon\/","title":{"rendered":"Bang King 30000 Red Bull\/Blueberry Watermelon"},"content":{"rendered":"<h2 class=\"text-xl font-bold text-text-100 mt-1 -mb-0.5\">Bang King 30000 Red Bull\/Blueberry Watermelon jednorazowy vape<\/h2>\n<p class=\"whitespace-normal break-words\">Do\u015bwiadcz energii w po\u0142\u0105czeniu z owocami dzi\u0119ki jednorazowemu waporyzatorowi Bang King 30000 Red Bull\/Blueberry Watermelon. To innowacyjne urz\u0105dzenie oferuje do 30 000 zaci\u0105gni\u0119\u0107 z 36 ml wst\u0119pnie nape\u0142nionego zbiornika i pozwala prze\u0142\u0105cza\u0107 si\u0119 mi\u0119dzy dwoma zupe\u0142nie r\u00f3\u017cnymi \u015bwiatami smaku. Dzi\u0119ki opcjom nikotynowym 0%, 2%, 3% lub 5% i wyposa\u017ceniu w bateri\u0119 550 mAh, regulowany przep\u0142yw powietrza i cewk\u0119 siatkow\u0105 1,0 \u03a9, zyskujesz maksymaln\u0105 elastyczno\u015b\u0107: energetyczny smak Red Bulla lub owocowo-\u015bwie\u017c\u0105 kombinacj\u0119 Blueberry Watermelon.<\/p>\n<h3 class=\"text-lg font-bold text-text-100 mt-1 -mb-1.5\">Cechy produktu Red Bull\/Blueberry Watermelon Edition:<\/h3>\n<p class=\"whitespace-normal break-words\">Bang King 30000 z wy\u015bwietlaczem LCD i systemem podw\u00f3jnego aromatu wyznacza nowe standardy w sektorze jednorazowych urz\u0105dze\u0144 vape. Dzi\u0119ki ogromnej pojemno\u015bci 30 000 zaci\u0105gni\u0119\u0107 i najnowocze\u015bniejszej technologii cewki siatkowej 1,0 ohm zapewnia niezmiennie intensywne smaki. Du\u017ca pojemno\u015b\u0107 36 ml p\u0142ynu gwarantuje d\u0142ugotrwa\u0142\u0105 przyjemno\u015b\u0107, a u\u017cytkownik ma do wyboru cztery poziomy nikotyny.<\/p>\n<p class=\"whitespace-normal break-words\">Wydajna bateria o pojemno\u015bci 550 mAh z funkcj\u0105 szybkiego \u0142adowania typu C zapewnia niezawodne dzia\u0142anie bez d\u0142ugich przerw. Informacyjny wy\u015bwietlacz LCD przez ca\u0142y czas pokazuje pojemno\u015b\u0107 baterii i poziom na\u0142adowania. Innowacyjna technologia Double Taste jest centralnym elementem: spontanicznie prze\u0142\u0105czaj si\u0119 mi\u0119dzy kultowym smakiem Red Bull Energy a orze\u017awiaj\u0105c\u0105 nut\u0105 Blueberry Watermelon - dwa oddzielne smaki na r\u00f3\u017cne chwile.<\/p>\n<p class=\"whitespace-normal break-words\">Bang King 30000 zosta\u0142 opracowany dla wymagaj\u0105cych waper\u00f3w, kt\u00f3rzy ceni\u0105 sobie wszechstronno\u015b\u0107 i najwy\u017csz\u0105 jako\u015b\u0107. Po\u0142\u0105czenie du\u017cej pojemno\u015bci, nowoczesnej technologii i dw\u00f3ch kontrastuj\u0105cych smak\u00f3w sprawia, \u017ce jest to idealny waporyzator na ca\u0142y dzie\u0144.<\/p>\n<h3 class=\"text-lg font-bold text-text-100 mt-1 -mb-1.5\">Dane techniczne:<\/h3>\n<p class=\"whitespace-normal break-words\"><strong>Poci\u0105gi:<\/strong> Do 30 000 zaci\u0105gni\u0119\u0107<br \/>\n<strong>Pojemno\u015b\u0107 cieczy:<\/strong> 36 ml<br \/>\n<strong>Nikotyna:<\/strong> 0%, 2%, 3%, 5%<br \/>\n<strong>Typ:<\/strong> Jednorazowego u\u017cytku<br \/>\n<strong>Bateria:<\/strong> Bateria 550 mAh<br \/>\n<strong>Przep\u0142yw powietrza:<\/strong> Regulowany<br \/>\n<strong>Rezystancja cewki grzewczej:<\/strong> Cewka siatkowa 1,0\u03a9<\/p>\n<h3 class=\"text-lg font-bold text-text-100 mt-1 -mb-1.5\">Odkryj wi\u0119cej BANG VAPE na vozolpuff<\/h3>\n<p class=\"whitespace-normal break-words\">Odwied\u017a nasz\u0105 stron\u0119 <strong><a class=\"underline\" href=\"https:\/\/vozolpuff.de\/pl\/\">Sklep internetowy z e-papierosami<\/a><\/strong> Aby uzyska\u0107 wi\u0119cej wysokiej jako\u015bci produkt\u00f3w, odkryj kompletn\u0105 <strong><a class=\"underline\" href=\"https:\/\/vozolpuff.de\/pl\/product-category\/bang-vape\/\">Kolekcja BANG VAPE<\/a><\/strong> lub przejrze\u0107 wszystkie dost\u0119pne <strong><a class=\"underline\" href=\"https:\/\/vozolpuff.de\/pl\/product-category\/bang-vape\/bang-king-30000\/\">Bang King 30000 smak\u00f3w<\/a><\/strong> dla idealnej sesji parowej.<\/p>","protected":false},"excerpt":{"rendered":"<p class=\"whitespace-normal break-words\">Energia \u0142\u0105czy si\u0119 z owocami dzi\u0119ki jednorazowemu waporyzatorowi Bang King 30000 Red Bull\/Blueberry Watermelon. Do 30 000 zaci\u0105gni\u0119\u0107 z 36-mililitrowego zbiornika - prze\u0142\u0105czaj si\u0119 mi\u0119dzy energetyzuj\u0105cym smakiem Red Bull i orze\u017awiaj\u0105cym Blueberry Watermelon. Bateria 550 mAh z szybkim \u0142adowaniem typu C, wy\u015bwietlacz LCD pokazuje pojemno\u015b\u0107 baterii i poziom nape\u0142nienia. Siatkowa cewka 1,0\u03a9 zapewnia niezmiennie intensywny smak. Regulowany przep\u0142yw powietrza i cztery dost\u0119pne st\u0119\u017cenia nikotyny.<\/p>\n<p class=\"whitespace-normal break-words\">","protected":false},"featured_media":6212,"comment_status":"open","ping_status":"closed","template":"","meta":{"_acf_changed":false},"product_brand":[],"product_cat":[74],"product_tag":[],"class_list":{"0":"post-6210","1":"product","2":"type-product","3":"status-publish","4":"has-post-thumbnail","6":"product_cat-bang-king-30000","8":"first","9":"instock","10":"shipping-taxable","11":"purchasable","12":"product-type-variable"},"acf":[],"_links":{"self":[{"href":"https:\/\/vozolpuff.de\/pl\/wp-json\/wp\/v2\/product\/6210","targetHints":{"allow":["GET"]}}],"collection":[{"href":"https:\/\/vozolpuff.de\/pl\/wp-json\/wp\/v2\/product"}],"about":[{"href":"https:\/\/vozolpuff.de\/pl\/wp-json\/wp\/v2\/types\/product"}],"replies":[{"embeddable":true,"href":"https:\/\/vozolpuff.de\/pl\/wp-json\/wp\/v2\/comments?post=6210"}],"wp:featuredmedia":[{"embeddable":true,"href":"https:\/\/vozolpuff.de\/pl\/wp-json\/wp\/v2\/media\/6212"}],"wp:attachment":[{"href":"https:\/\/vozolpuff.de\/pl\/wp-json\/wp\/v2\/media?parent=6210"}],"wp:term":[{"taxonomy":"product_brand","embeddable":true,"href":"https:\/\/vozolpuff.de\/pl\/wp-json\/wp\/v2\/product_brand?post=6210"},{"taxonomy":"product_cat","embeddable":true,"href":"https:\/\/vozolpuff.de\/pl\/wp-json\/wp\/v2\/product_cat?post=6210"},{"taxonomy":"product_tag","embeddable":true,"href":"https:\/\/vozolpuff.de\/pl\/wp-json\/wp\/v2\/product_tag?post=6210"}],"curies":[{"name":"wp","href":"https:\/\/api.w.org\/{rel}","templated":true}]}}