{"id":6226,"date":"2025-10-09T09:31:48","date_gmt":"2025-10-09T07:31:48","guid":{"rendered":"https:\/\/vozolpuff.de\/?post_type=product&#038;p=6226"},"modified":"2025-10-09T09:31:48","modified_gmt":"2025-10-09T07:31:48","slug":"bang-king-30000-strawberry-and-watermelon-grape-ice","status":"publish","type":"product","link":"https:\/\/vozolpuff.de\/pl\/produkt\/bang-king-30000-strawberry-and-watermelon-grape-ice\/","title":{"rendered":"Bang King 30000 Truskawka i arbuz\/l\u00f3d winogronowy"},"content":{"rendered":"<h2 class=\"text-xl font-bold text-text-100 mt-1 -mb-0.5\">Bang King 30000 Truskawka i arbuz\/l\u00f3d winogronowy jednorazowy Vape<\/h2>\n<p class=\"whitespace-normal break-words\">Jednorazowy waporyzator Bang King 30000 Strawberry And Watermelon\/Grape Ice \u0142\u0105czy w sobie letni owocowy smak z orze\u017awiaj\u0105cym ch\u0142odem. Ciesz si\u0119 nawet 30 000 zaci\u0105gni\u0119\u0107 z pojemnego 36 ml zbiornika e-liquidu z indywidualnie wybieran\u0105 moc\u0105 nikotyny 0%, 2%, 3% lub 5%. Wyposa\u017cony w pot\u0119\u017cn\u0105 bateri\u0119 550 mAh, regulowany przep\u0142yw powietrza i wysokiej jako\u015bci cewk\u0119 siatkow\u0105 1,0 \u03a9, model ten zapewnia dwa oddzielne doznania smakowe: s\u0142odki Strawberry Watermelon Fusion i mro\u017cony Grape Ice.<\/p>\n<h3 class=\"text-lg font-bold text-text-100 mt-1 -mb-1.5\">Cechy specjalne wersji Strawberry And Watermelon\/Grape Ice Edition:<\/h3>\n<p class=\"whitespace-normal break-words\">Ten wysokiej jako\u015bci jednorazowy e-papieros z 30 000 zaci\u0105gni\u0119\u0107 i zintegrowanym wy\u015bwietlaczem LCD oferuje niepor\u00f3wnywalne wra\u017cenia z waporyzacji dzi\u0119ki innowacyjnemu podw\u00f3jnemu smakowi. Zoptymalizowana technologia cewki siatkowej 1,0 ohm zapewnia autentyczny rozw\u00f3j smaku obu smak\u00f3w, a zbiornik o pojemno\u015bci 36 ml gwarantuje d\u0142ugotrwa\u0142\u0105 przyjemno\u015b\u0107 bez konieczno\u015bci uzupe\u0142niania. Dostosuj st\u0119\u017cenie nikotyny do swoich preferencji.<\/p>\n<p class=\"whitespace-normal break-words\">Wytrzyma\u0142a bateria o pojemno\u015bci 550 mAh z nowoczesn\u0105 technologi\u0105 szybkiego \u0142adowania typu C zapewnia sta\u0142\u0105 wydajno\u015b\u0107 i kr\u00f3tkie cykle \u0142adowania. Wyra\u017any wy\u015bwietlacz LCD stale informuje o stanie baterii i ilo\u015bci p\u0142ynu. Cecha szczeg\u00f3lna: funkcja podw\u00f3jnego przycisku umo\u017cliwia \u0142atwe prze\u0142\u0105czanie mi\u0119dzy letni\u0105 kombinacj\u0105 truskawki i arbuza a orze\u017awiaj\u0105cym lodem winogronowym - dwa zupe\u0142nie r\u00f3\u017cne smaki dla maksymalnej r\u00f3\u017cnorodno\u015bci.<\/p>\n<p class=\"whitespace-normal break-words\">Ten Bang King 30000 zosta\u0142 zaprojektowany dla vaper\u00f3w poszukuj\u0105cych najwy\u017cszej jako\u015bci, du\u017cej pojemno\u015bci i prawdziwej r\u00f3\u017cnorodno\u015bci smaku. Wyrafinowany design i wysokiej jako\u015bci wykonanie sprawiaj\u0105, \u017ce jest to idealny towarzysz.<\/p>\n<h3 class=\"text-lg font-bold text-text-100 mt-1 -mb-1.5\">Dane techniczne:<\/h3>\n<p class=\"whitespace-normal break-words\"><strong>Poci\u0105gi:<\/strong> Do 30 000 zaci\u0105gni\u0119\u0107<br \/>\n<strong>Pojemno\u015b\u0107 cieczy:<\/strong> 36 ml<br \/>\n<strong>Nikotyna:<\/strong> 0%, 2%, 3%, 5%<br \/>\n<strong>Typ:<\/strong> Jednorazowego u\u017cytku<br \/>\n<strong>Bateria:<\/strong> Bateria 550 mAh<br \/>\n<strong>Przep\u0142yw powietrza:<\/strong> Regulowany<br \/>\n<strong>Rezystancja cewki grzewczej:<\/strong> Cewka siatkowa 1,0\u03a9<\/p>\n<h3 class=\"text-lg font-bold text-text-100 mt-1 -mb-1.5\">Odkryj wi\u0119cej BANG VAPE na vozolpuff<\/h3>\n<p class=\"whitespace-normal break-words\">Odkryj wi\u0119cej produkt\u00f3w premium w naszej ofercie <strong><a class=\"underline\" href=\"https:\/\/vozolpuff.de\/pl\/\">Sklep internetowy z e-papierosami<\/a><\/strong>, poznaj ca\u0142\u0105 <strong><a class=\"underline\" href=\"https:\/\/vozolpuff.de\/pl\/product-category\/bang-vape\/\">Gama produkt\u00f3w BANG VAPE<\/a><\/strong> lub przegl\u0105da\u0107 wszystkie <strong><a class=\"underline\" href=\"https:\/\/vozolpuff.de\/pl\/product-category\/bang-vape\/bang-king-30000\/\">Bang King 30000 smak\u00f3w<\/a><\/strong> dla idealnego do\u015bwiadczenia pary.<\/p>","protected":false},"excerpt":{"rendered":"<p class=\"whitespace-normal break-words\">Letnie owoce spotykaj\u0105 si\u0119 z lodowatym ch\u0142odem dzi\u0119ki jednorazowemu waporyzatorowi Bang King 30000 Strawberry And Watermelon\/Grape Ice. Do 30 000 zaci\u0105gni\u0119\u0107 ze zbiornika o pojemno\u015bci 36 ml - prze\u0142\u0105czaj si\u0119 mi\u0119dzy s\u0142odk\u0105 fuzj\u0105 truskawki i arbuza a orze\u017awiaj\u0105cym lodem winogronowym. Bateria 550 mAh z szybkim \u0142adowaniem typu C, wy\u015bwietlacz LCD pokazuje stan baterii i ilo\u015b\u0107 p\u0142ynu. Siatkowa cewka 1,0\u03a9 pozwala na autentyczne rozwini\u0119cie obu smak\u00f3w. Regulowany przep\u0142yw powietrza i cztery dost\u0119pne st\u0119\u017cenia nikotyny.<\/p>\n<p class=\"whitespace-normal break-words\">","protected":false},"featured_media":6228,"comment_status":"open","ping_status":"closed","template":"","meta":{"_acf_changed":false},"product_brand":[],"product_cat":[74],"product_tag":[],"class_list":{"0":"post-6226","1":"product","2":"type-product","3":"status-publish","4":"has-post-thumbnail","6":"product_cat-bang-king-30000","8":"first","9":"instock","10":"shipping-taxable","11":"purchasable","12":"product-type-variable"},"acf":[],"_links":{"self":[{"href":"https:\/\/vozolpuff.de\/pl\/wp-json\/wp\/v2\/product\/6226","targetHints":{"allow":["GET"]}}],"collection":[{"href":"https:\/\/vozolpuff.de\/pl\/wp-json\/wp\/v2\/product"}],"about":[{"href":"https:\/\/vozolpuff.de\/pl\/wp-json\/wp\/v2\/types\/product"}],"replies":[{"embeddable":true,"href":"https:\/\/vozolpuff.de\/pl\/wp-json\/wp\/v2\/comments?post=6226"}],"wp:featuredmedia":[{"embeddable":true,"href":"https:\/\/vozolpuff.de\/pl\/wp-json\/wp\/v2\/media\/6228"}],"wp:attachment":[{"href":"https:\/\/vozolpuff.de\/pl\/wp-json\/wp\/v2\/media?parent=6226"}],"wp:term":[{"taxonomy":"product_brand","embeddable":true,"href":"https:\/\/vozolpuff.de\/pl\/wp-json\/wp\/v2\/product_brand?post=6226"},{"taxonomy":"product_cat","embeddable":true,"href":"https:\/\/vozolpuff.de\/pl\/wp-json\/wp\/v2\/product_cat?post=6226"},{"taxonomy":"product_tag","embeddable":true,"href":"https:\/\/vozolpuff.de\/pl\/wp-json\/wp\/v2\/product_tag?post=6226"}],"curies":[{"name":"wp","href":"https:\/\/api.w.org\/{rel}","templated":true}]}}