{"id":6242,"date":"2025-10-09T09:36:30","date_gmt":"2025-10-09T07:36:30","guid":{"rendered":"https:\/\/vozolpuff.de\/?post_type=product&#038;p=6242"},"modified":"2025-10-09T09:36:30","modified_gmt":"2025-10-09T07:36:30","slug":"bang-king-30000-strawberry-kiwi-sour-apple-raspberry","status":"publish","type":"product","link":"https:\/\/vozolpuff.de\/pl\/produkt\/bang-king-30000-strawberry-kiwi-sour-apple-raspberry\/","title":{"rendered":"Bang King 30000 Truskawka Kiwi\/Kwa\u015bne Jab\u0142ko Malina"},"content":{"rendered":"<h2 class=\"text-xl font-bold text-text-100 mt-1 -mb-0.5\">Bang King 30000 Truskawka Kiwi\/Kwa\u015bne Jab\u0142ko Malina Jednorazowy vape<\/h2>\n<p class=\"whitespace-normal break-words\">Jednorazowy vape Bang King 30000 Strawberry Kiwi\/Sour Apple Raspberry \u0142\u0105czy w sobie tropikaln\u0105 s\u0142odycz z owocow\u0105 kwaskowato\u015bci\u0105. Dzi\u0119ki imponuj\u0105cej liczbie 30 000 zaci\u0105gni\u0119\u0107 z 36 ml wst\u0119pnie nape\u0142nionego zbiornika, to urz\u0105dzenie klasy premium zapewnia d\u0142ugotrwa\u0142\u0105 przyjemno\u015b\u0107. Wybierz mi\u0119dzy nikotyn\u0105 0%, 2%, 3% lub 5% i skorzystaj z baterii 550 mAh z regulowanym przep\u0142ywem powietrza i cewk\u0105 siatkow\u0105 1,0 \u03a9. Co jest w tym wyj\u0105tkowego: prze\u0142\u0105czaj si\u0119 wed\u0142ug uznania mi\u0119dzy egzotycznym smakiem truskawkowo-kiwi a cierpkim i \u015bwie\u017cym smakiem kwa\u015bnej jab\u0142kowo-malinowej \u2013 dwoma ca\u0142kowicie odr\u0119bnymi smakami.<\/p>\n<h3 class=\"text-lg font-bold text-text-100 mt-1 -mb-1.5\">Szczeg\u00f3lne w\u0142a\u015bciwo\u015bci edycji Strawberry Kiwi\/Sour Apple Raspberry:<\/h3>\n<p class=\"whitespace-normal break-words\">Ten zaawansowany jednorazowy vape z 30 000 zaci\u0105gni\u0119\u0107 i wy\u015bwietlaczem LCD rewolucjonizuje do\u015bwiadczenie wapowania dzi\u0119ki technologii podw\u00f3jnego smaku. Wysokiej jako\u015bci cewka siatkowa 1,0 Ohm zapewnia optymalne rozwijanie aromat\u00f3w obu smak\u00f3w, a pojemno\u015b\u0107 36 ml pozwala cieszy\u0107 si\u0119 nim przez wiele tygodni bez konieczno\u015bci ponownego nape\u0142niania. Dostosuj poziom nikotyny do swoich indywidualnych potrzeb.<\/p>\n<p class=\"whitespace-normal break-words\">Niezawodny akumulator o pojemno\u015bci 550 mAh z portem szybkiego \u0142adowania typu C zapewnia ci\u0105g\u0142\u0105 wydajno\u015b\u0107 i minimalny czas oczekiwania. Nowoczesny wy\u015bwietlacz LCD zapewnia przejrzyst\u0105 informacj\u0119 o poziomie na\u0142adowania baterii i poziomie p\u0142ynu. Wyj\u0105tkowa funkcja podw\u00f3jnego przycisku umo\u017cliwia \u0142atwe prze\u0142\u0105czanie mi\u0119dzy s\u0142odkim smakiem truskawkowo-kiwi a kwa\u015bnym smakiem jab\u0142kowo-malinowym \u2013 dwa odr\u0119bne doznania smakowe na ka\u017cdy nastr\u00f3j.<\/p>\n<p class=\"whitespace-normal break-words\">Bang King 30000 jest przeznaczony dla wszystkich u\u017cytkownik\u00f3w e-papieros\u00f3w, kt\u00f3rzy poszukuj\u0105 najwy\u017cszej jako\u015bci, maksymalnej pojemno\u015bci i prawdziwej r\u00f3\u017cnorodno\u015bci smak\u00f3w. Elegancki wygl\u0105d i wyrafinowana technologia wyznaczaj\u0105 nowe standardy w segmencie jednorazowych e-papieros\u00f3w.<\/p>\n<h3 class=\"text-lg font-bold text-text-100 mt-1 -mb-1.5\">Dane techniczne:<\/h3>\n<p class=\"whitespace-normal break-words\"><strong>Poci\u0105gi:<\/strong> Do 30 000 zaci\u0105gni\u0119\u0107<br \/>\n<strong>Pojemno\u015b\u0107 cieczy:<\/strong> 36 ml<br \/>\n<strong>Nikotyna:<\/strong> 0%, 2%, 3%, 5%<br \/>\n<strong>Typ:<\/strong> Jednorazowego u\u017cytku<br \/>\n<strong>Bateria:<\/strong> Bateria 550 mAh<br \/>\n<strong>Przep\u0142yw powietrza:<\/strong> Regulowany<br \/>\n<strong>Rezystancja cewki grzewczej:<\/strong> Cewka siatkowa 1,0\u03a9<\/p>\n<h3 class=\"text-lg font-bold text-text-100 mt-1 -mb-1.5\">Odkryj wi\u0119cej BANG VAPE na vozolpuff<\/h3>\n<p class=\"whitespace-normal break-words\">Przegl\u0105daj nasze <strong><a class=\"underline\" href=\"https:\/\/vozolpuff.de\/pl\/\">Sklep internetowy z e-papierosami<\/a><\/strong> Po zapoznaniu si\u0119 z kolejnymi atrakcjami, zapraszamy do zapoznania si\u0119 z pe\u0142n\u0105 ofert\u0105 <strong><a class=\"underline\" href=\"https:\/\/vozolpuff.de\/pl\/product-category\/bang-vape\/\">Seria BANG VAPE<\/a><\/strong> lub znajd\u017a sw\u00f3j ulubiony smak spo\u015br\u00f3d wszystkich dost\u0119pnych <strong><a class=\"underline\" href=\"https:\/\/vozolpuff.de\/pl\/product-category\/bang-vape\/bang-king-30000\/\">Bang King 30000 smak\u00f3w<\/a><\/strong>.<\/p>","protected":false},"excerpt":{"rendered":"<p class=\"whitespace-normal break-words\">Tropikalna s\u0142odycz \u0142\u0105czy si\u0119 z owocow\u0105 kwasowo\u015bci\u0105 w jednorazowym vape Bang King 30000 Strawberry Kiwi\/Sour Apple Raspberry. Do 30 000 zaci\u0105gni\u0119\u0107 z 36 ml zbiornika \u2013 prze\u0142\u0105czaj si\u0119 mi\u0119dzy egzotycznym smakiem truskawkowo-kiwi a cierpkim i \u015bwie\u017cym smakiem kwa\u015bnego jab\u0142ka i maliny. Akumulator 550 mAh z szybkim \u0142adowaniem typu C, wy\u015bwietlacz LCD pokazuje poziom na\u0142adowania baterii i poziom p\u0142ynu. Cewka siatkowa 1,0 \u03a9 optymalnie uwalnia oba aromaty. Regulowany przep\u0142yw powietrza i cztery poziomy nikotyny do wyboru.<\/p>\n<p class=\"whitespace-normal break-words\">","protected":false},"featured_media":6244,"comment_status":"open","ping_status":"closed","template":"","meta":{"_acf_changed":false},"product_brand":[],"product_cat":[74],"product_tag":[],"class_list":{"0":"post-6242","1":"product","2":"type-product","3":"status-publish","4":"has-post-thumbnail","6":"product_cat-bang-king-30000","8":"first","9":"instock","10":"shipping-taxable","11":"purchasable","12":"product-type-variable"},"acf":[],"_links":{"self":[{"href":"https:\/\/vozolpuff.de\/pl\/wp-json\/wp\/v2\/product\/6242","targetHints":{"allow":["GET"]}}],"collection":[{"href":"https:\/\/vozolpuff.de\/pl\/wp-json\/wp\/v2\/product"}],"about":[{"href":"https:\/\/vozolpuff.de\/pl\/wp-json\/wp\/v2\/types\/product"}],"replies":[{"embeddable":true,"href":"https:\/\/vozolpuff.de\/pl\/wp-json\/wp\/v2\/comments?post=6242"}],"wp:featuredmedia":[{"embeddable":true,"href":"https:\/\/vozolpuff.de\/pl\/wp-json\/wp\/v2\/media\/6244"}],"wp:attachment":[{"href":"https:\/\/vozolpuff.de\/pl\/wp-json\/wp\/v2\/media?parent=6242"}],"wp:term":[{"taxonomy":"product_brand","embeddable":true,"href":"https:\/\/vozolpuff.de\/pl\/wp-json\/wp\/v2\/product_brand?post=6242"},{"taxonomy":"product_cat","embeddable":true,"href":"https:\/\/vozolpuff.de\/pl\/wp-json\/wp\/v2\/product_cat?post=6242"},{"taxonomy":"product_tag","embeddable":true,"href":"https:\/\/vozolpuff.de\/pl\/wp-json\/wp\/v2\/product_tag?post=6242"}],"curies":[{"name":"wp","href":"https:\/\/api.w.org\/{rel}","templated":true}]}}