{"id":6258,"date":"2025-10-09T09:40:58","date_gmt":"2025-10-09T07:40:58","guid":{"rendered":"https:\/\/vozolpuff.de\/?post_type=product&#038;p=6258"},"modified":"2025-10-09T09:40:58","modified_gmt":"2025-10-09T07:40:58","slug":"bang-king-30000-watermelon-ice-blueberry-mint","status":"publish","type":"product","link":"https:\/\/vozolpuff.de\/pl\/produkt\/bang-king-30000-watermelon-ice-blueberry-mint\/","title":{"rendered":"Bang King 30000 Watermelon Ice\/Blueberry Mint"},"content":{"rendered":"<h2 class=\"text-xl font-bold text-text-100 mt-1 -mb-0.5\">Bang King 30000 Watermelon Ice\/Blueberry Mint Jednorazowy vape<\/h2>\n<p class=\"whitespace-normal break-words\">Poczuj orze\u017awiaj\u0105c\u0105 ch\u0142\u00f3d dzi\u0119ki jednorazowemu vape Bang King 30000 Watermelon Ice\/Blueberry Mint. Dzi\u0119ki nawet 30 000 zaci\u0105gni\u0119\u0107 z 36 ml wst\u0119pnie nape\u0142nionego zbiornika to innowacyjne urz\u0105dzenie zapewnia d\u0142ugotrwa\u0142\u0105 przyjemno\u015b\u0107. Wybierz spo\u015br\u00f3d st\u0119\u017ce\u0144 nikotyny 0%, 2%, 3% lub 5% i skorzystaj z akumulatora 550 mAh z regulowanym przep\u0142ywem powietrza i cewk\u0105 siatkow\u0105 1,0 \u03a9. Cech\u0105 szczeg\u00f3ln\u0105 jest to, \u017ce urz\u0105dzenie oferuje dwa oddzielne aromaty mentolowe \u2013 lodowaty arbuz i orze\u017awiaj\u0105c\u0105 jagod\u0119 z mi\u0119t\u0105, co zapewnia maksymaln\u0105 wszechstronno\u015b\u0107.<\/p>\n<h3 class=\"text-lg font-bold text-text-100 mt-1 -mb-1.5\">Najwa\u017cniejsze cechy edycji Watermelon Ice\/Blueberry Mint:<\/h3>\n<p class=\"whitespace-normal break-words\">Ten supernowoczesny jednorazowy vape z 30 000 zaci\u0105gni\u0119\u0107 i wy\u015bwietlaczem LCD wyznacza nowe standardy dzi\u0119ki technologii podw\u00f3jnego smaku. Precyzyjna cewka siatkowa 1,0 Ohm rozwija oba aromaty mentolowe z imponuj\u0105c\u0105 czysto\u015bci\u0105, a pojemny zbiornik o pojemno\u015bci 36 ml gwarantuje miesi\u0105ce przyjemno\u015bci z wapowania bez konieczno\u015bci ponownego nape\u0142niania. Dostosuj poziom nikotyny do swoich indywidualnych preferencji.<\/p>\n<p class=\"whitespace-normal break-words\">Wydajny akumulator o pojemno\u015bci 550 mAh z funkcj\u0105 szybkiego \u0142adowania typu C zapewnia niezawodn\u0105 wydajno\u015b\u0107 i minimalny czas \u0142adowania. Informacyjny wy\u015bwietlacz LCD na bie\u017c\u0105co informuje o pojemno\u015bci akumulatora i pozosta\u0142ej ilo\u015bci p\u0142ynu. Innowacyjna funkcja podw\u00f3jnego przycisku robi r\u00f3\u017cnic\u0119: prze\u0142\u0105czaj si\u0119 wed\u0142ug uznania mi\u0119dzy lodowatym Watermelon Ice a mi\u0119towym Blueberry Mint \u2013 dwa niezale\u017cne zastrzyki \u015bwie\u017co\u015bci na ka\u017cd\u0105 sytuacj\u0119.<\/p>\n<p class=\"whitespace-normal break-words\">Bang King 30000 zosta\u0142 stworzony z my\u015bl\u0105 o mi\u0142o\u015bnikach mentolu, kt\u00f3rzy ceni\u0105 sobie r\u00f3\u017cnorodno\u015b\u0107 i najwy\u017csz\u0105 jako\u015b\u0107. Po\u0142\u0105czenie du\u017cej pojemno\u015bci, nowoczesnej technologii i dw\u00f3ch orze\u017awiaj\u0105cych smak\u00f3w sprawia, \u017ce jest to idealny wyb\u00f3r na ca\u0142y dzie\u0144.<\/p>\n<h3 class=\"text-lg font-bold text-text-100 mt-1 -mb-1.5\">Dane techniczne:<\/h3>\n<p class=\"whitespace-normal break-words\"><strong>Poci\u0105gi:<\/strong> Do 30 000 zaci\u0105gni\u0119\u0107<br \/>\n<strong>Pojemno\u015b\u0107 cieczy:<\/strong> 36 ml<br \/>\n<strong>Nikotyna:<\/strong> 0%, 2%, 3%, 5%<br \/>\n<strong>Typ:<\/strong> Jednorazowego u\u017cytku<br \/>\n<strong>Bateria:<\/strong> Bateria 550 mAh<br \/>\n<strong>Przep\u0142yw powietrza:<\/strong> Regulowany<br \/>\n<strong>Rezystancja cewki grzewczej:<\/strong> Cewka siatkowa 1,0\u03a9<\/p>\n<h3 class=\"text-lg font-bold text-text-100 mt-1 -mb-1.5\">Odkryj wi\u0119cej BANG VAPE na vozolpuff<\/h3>\n<p class=\"whitespace-normal break-words\">Odwied\u017a nasz\u0105 stron\u0119 <strong><a class=\"underline\" href=\"https:\/\/vozolpuff.de\/pl\/\">Sklep internetowy z e-papierosami<\/a><\/strong> Aby uzyska\u0107 wi\u0119cej wysokiej jako\u015bci produkt\u00f3w, odkryj kompletn\u0105 <strong><a class=\"underline\" href=\"https:\/\/vozolpuff.de\/pl\/product-category\/bang-vape\/\">Kolekcja BANG VAPE<\/a><\/strong> lub przejrze\u0107 wszystkie dost\u0119pne <strong><a class=\"underline\" href=\"https:\/\/vozolpuff.de\/pl\/product-category\/bang-vape\/bang-king-30000\/\">Bang King 30000 smak\u00f3w<\/a><\/strong> dla idealnej sesji parowej.<\/p>","protected":false},"excerpt":{"rendered":"<p class=\"whitespace-normal break-words\">Podw\u00f3jna \u015bwie\u017co\u015b\u0107 dzi\u0119ki jednorazowemu vape Bang King 30000 Watermelon Ice\/Blueberry Mint. Do 30 000 zaci\u0105gni\u0119\u0107 z 36 ml zbiornika \u2013 prze\u0142\u0105czaj si\u0119 mi\u0119dzy lodowatym Watermelon Ice a orze\u017awiaj\u0105cym Blueberry Mint. Bateria 550 mAh z szybkim \u0142adowaniem typu C, wy\u015bwietlacz LCD pokazuje pojemno\u015b\u0107 baterii i ilo\u015b\u0107 p\u0142ynu. Cewka siatkowa 1,0 \u03a9 wyra\u017anie uwalnia oba aromaty mentolowe. Regulowany przep\u0142yw powietrza i cztery poziomy nikotyny do wyboru.<\/p>\n<p class=\"whitespace-normal break-words\">","protected":false},"featured_media":6260,"comment_status":"open","ping_status":"closed","template":"","meta":{"_acf_changed":false},"product_brand":[],"product_cat":[74],"product_tag":[],"class_list":{"0":"post-6258","1":"product","2":"type-product","3":"status-publish","4":"has-post-thumbnail","6":"product_cat-bang-king-30000","8":"first","9":"instock","10":"shipping-taxable","11":"purchasable","12":"product-type-variable"},"acf":[],"_links":{"self":[{"href":"https:\/\/vozolpuff.de\/pl\/wp-json\/wp\/v2\/product\/6258","targetHints":{"allow":["GET"]}}],"collection":[{"href":"https:\/\/vozolpuff.de\/pl\/wp-json\/wp\/v2\/product"}],"about":[{"href":"https:\/\/vozolpuff.de\/pl\/wp-json\/wp\/v2\/types\/product"}],"replies":[{"embeddable":true,"href":"https:\/\/vozolpuff.de\/pl\/wp-json\/wp\/v2\/comments?post=6258"}],"wp:featuredmedia":[{"embeddable":true,"href":"https:\/\/vozolpuff.de\/pl\/wp-json\/wp\/v2\/media\/6260"}],"wp:attachment":[{"href":"https:\/\/vozolpuff.de\/pl\/wp-json\/wp\/v2\/media?parent=6258"}],"wp:term":[{"taxonomy":"product_brand","embeddable":true,"href":"https:\/\/vozolpuff.de\/pl\/wp-json\/wp\/v2\/product_brand?post=6258"},{"taxonomy":"product_cat","embeddable":true,"href":"https:\/\/vozolpuff.de\/pl\/wp-json\/wp\/v2\/product_cat?post=6258"},{"taxonomy":"product_tag","embeddable":true,"href":"https:\/\/vozolpuff.de\/pl\/wp-json\/wp\/v2\/product_tag?post=6258"}],"curies":[{"name":"wp","href":"https:\/\/api.w.org\/{rel}","templated":true}]}}