{"id":628,"date":"2025-08-23T12:27:55","date_gmt":"2025-08-23T10:27:55","guid":{"rendered":"https:\/\/vozolpuff.de\/?post_type=product&#038;p=628"},"modified":"2026-04-28T09:12:08","modified_gmt":"2026-04-28T07:12:08","slug":"vozol-star-40000-tobacco","status":"publish","type":"product","link":"https:\/\/vozolpuff.de\/pl\/produkt\/vozol-star-40000-tobacco\/","title":{"rendered":"VOZOL STAR 40000 Tyto\u0144"},"content":{"rendered":"<h2 class=\"text-xl font-bold text-text-100 mt-1 -mb-0.5\">VOZOL STAR 40000 Tobacco Jednorazowy vape<\/h2>\n<p class=\"whitespace-normal break-words\">Do\u015bwiadcz klasycznej przyjemno\u015bci palenia tytoniu dzi\u0119ki <strong>VOZOL STAR 40000 Tyto\u0144<\/strong>. Ten tradycyjny jednorazowy e-papieros zapewnia autentyczny smak tytoniu dla purystycznych u\u017cytkownik\u00f3w, oferuj\u0105c do <strong>40 000 poci\u0105g\u00f3w z charakterem<\/strong>.<\/p>\n<h3 class=\"text-lg font-bold text-text-100 mt-1 -mb-1.5\">Klasyczny aromat tytoniu<\/h3>\n<p class=\"whitespace-normal break-words\"><strong>Smak:<\/strong> Autentyczny tyto\u0144<br \/>\n<strong>Pojemno\u015b\u0107:<\/strong> Do 40 000 poci\u0105g\u00f3w<br \/>\n<strong>Wyposa\u017cenie baterii:<\/strong> 1000 mAh d\u0142ugotrwa\u0142a moc<br \/>\n<strong>Si\u0142a nikotyny:<\/strong> 50 mg\/ml<\/p>\n<p class=\"whitespace-normal break-words\">Klasyczny smak tytoniu przekonuje autentyczno\u015bci\u0105 bez sztucznej s\u0142odyczy. Mocna bateria zapewnia sta\u0142y smak i sprawia, \u017ce ten e-papieros jest idealn\u0105 alternatyw\u0105 dla tradycyjnych palaczy.<\/p>\n<h3 class=\"text-lg font-bold text-text-100 mt-1 -mb-1.5\">Tradycyjna przyjemno\u015b\u0107 parowa<\/h3>\n<p class=\"whitespace-normal break-words\">Te <strong>Jednorazowy e-papieros Tobacco<\/strong> Przeznaczony dla puryst\u00f3w i os\u00f3b przechodz\u0105cych na e-papierosy, kt\u00f3re ceni\u0105 sobie znany smak tytoniu. Bez rozpraszaj\u0105cych dodatk\u00f3w smakowych na pierwszym planie pozostaje czysty charakter tytoniu.<\/p>\n<p class=\"whitespace-normal break-words\"><strong>W\u0142a\u015bciwo\u015bci:<\/strong> Autentyczny aromat tytoniu, czysty smak, wyj\u0105tkowa wydajno\u015b\u0107, \u0142atwo\u015b\u0107 u\u017cycia i sprawdzona tradycja produkcji VOZOL.<\/p>\n<p class=\"whitespace-normal break-words\">Odwied\u017a nasz\u0105 stron\u0119 <strong><a class=\"underline\" href=\"https:\/\/vozolpuff.de\/pl\/\">Tradycyjny sklep z produktami dla palaczy<\/a><\/strong>, odkryj sprawdzon\u0105 <strong><a class=\"underline\" href=\"https:\/\/vozolpuff.de\/pl\/product-category\/vozol-vape\/\">Jako\u015b\u0107 VOZOL VAPE<\/a><\/strong> lub wybierz z pe\u0142nej listy <strong><a class=\"underline\" href=\"https:\/\/vozolpuff.de\/pl\/product-category\/vozol-vape\/vozol-star-40000\/\">Seria VOZOL Star 40000<\/a><\/strong>..<\/p>","protected":false},"excerpt":{"rendered":"<p>Jednorazowy vape VOZOL STAR 40000 Tobacco zapewnia autentyczny smak tytoniu dla purystycznych u\u017cytkownik\u00f3w e-papieros\u00f3w i tradycyjnych palaczy. Ten klasyczny jednorazowy e-papieros zapewnia do 40 000 zaci\u0105gni\u0119\u0107, bateri\u0119 o d\u0142ugiej \u017cywotno\u015bci 1000 mAh i 50 mg\/ml nikotyny. Czysty smak bez sztucznej s\u0142odyczy i dodatkowych aromat\u00f3w.<\/p>","protected":false},"featured_media":630,"comment_status":"open","ping_status":"closed","template":"","meta":{"_acf_changed":false},"product_brand":[],"product_cat":[29],"product_tag":[],"class_list":{"0":"post-628","1":"product","2":"type-product","3":"status-publish","4":"has-post-thumbnail","6":"product_cat-vozol-star-40000","8":"first","9":"instock","10":"shipping-taxable","11":"purchasable","12":"product-type-variable"},"acf":[],"_links":{"self":[{"href":"https:\/\/vozolpuff.de\/pl\/wp-json\/wp\/v2\/product\/628","targetHints":{"allow":["GET"]}}],"collection":[{"href":"https:\/\/vozolpuff.de\/pl\/wp-json\/wp\/v2\/product"}],"about":[{"href":"https:\/\/vozolpuff.de\/pl\/wp-json\/wp\/v2\/types\/product"}],"replies":[{"embeddable":true,"href":"https:\/\/vozolpuff.de\/pl\/wp-json\/wp\/v2\/comments?post=628"}],"wp:featuredmedia":[{"embeddable":true,"href":"https:\/\/vozolpuff.de\/pl\/wp-json\/wp\/v2\/media\/630"}],"wp:attachment":[{"href":"https:\/\/vozolpuff.de\/pl\/wp-json\/wp\/v2\/media?parent=628"}],"wp:term":[{"taxonomy":"product_brand","embeddable":true,"href":"https:\/\/vozolpuff.de\/pl\/wp-json\/wp\/v2\/product_brand?post=628"},{"taxonomy":"product_cat","embeddable":true,"href":"https:\/\/vozolpuff.de\/pl\/wp-json\/wp\/v2\/product_cat?post=628"},{"taxonomy":"product_tag","embeddable":true,"href":"https:\/\/vozolpuff.de\/pl\/wp-json\/wp\/v2\/product_tag?post=628"}],"curies":[{"name":"wp","href":"https:\/\/api.w.org\/{rel}","templated":true}]}}