{"id":707,"date":"2025-08-23T17:55:13","date_gmt":"2025-08-23T15:55:13","guid":{"rendered":"https:\/\/vozolpuff.de\/?post_type=product&#038;p=707"},"modified":"2026-04-15T17:33:25","modified_gmt":"2026-04-15T15:33:25","slug":"vozol-vista-20000-mango-ice","status":"publish","type":"product","link":"https:\/\/vozolpuff.de\/pl\/produkt\/vozol-vista-20000-mango-ice\/","title":{"rendered":"Vozol Vista 20000 Mango Ice"},"content":{"rendered":"<h2 class=\"text-xl font-bold text-text-100 mt-1 -mb-0.5\">Vozol Vista 20000 Mango Ice jednorazowy vape<\/h2>\n<p class=\"whitespace-normal break-words\">Poczuj tropikalny ch\u0142\u00f3d dzi\u0119ki Vozol VISTA 20000 Mango Ice - orze\u017awiaj\u0105cemu po\u0142\u0105czeniu s\u0142odkiego, dojrza\u0142ego mango i orze\u017awiaj\u0105cego zimna. Ten jednorazowy e-papieros o du\u017cej pojemno\u015bci zapewnia do 20 000 orze\u017awiaj\u0105cych zaci\u0105gni\u0119\u0107 dla maksymalnej przyjemno\u015bci z waporyzacji.<\/p>\n<h3 class=\"text-lg font-bold text-text-100 mt-1 -mb-1.5\">Funkcje specjalne wersji Mango Ice Edition:<\/h3>\n<p class=\"whitespace-normal break-words\"><strong>Precyzyjny system mocy:<\/strong> Sze\u015bciostopniowa regulacja mocy zapewnia pe\u0142n\u0105 kontrol\u0119 nad sesj\u0105 waporyzacji. Wybierz pomi\u0119dzy delikatnymi i mocnymi zaci\u0105gni\u0119ciami, aby dopasowa\u0107 je do w\u0142asnych upodoba\u0144.<\/p>\n<p class=\"whitespace-normal break-words\"><strong>Zaawansowana technologia siatki:<\/strong> System podw\u00f3jnej cewki o strukturze siatki zapewnia r\u00f3wnomierne ogrzewanie i maksymalizuje zar\u00f3wno smak tropikalnego mango, jak i efekt ch\u0142odzenia.<\/p>\n<p class=\"whitespace-normal break-words\"><strong>Przyjazny dla u\u017cytkownika kolorowy wy\u015bwietlacz:<\/strong> \u0141atwe monitorowanie wszystkich funkcji za pomoc\u0105 \u017cywego wy\u015bwietlacza, kt\u00f3ry wyra\u017anie pokazuje wszystkie istotne informacje.<\/p>\n<p class=\"whitespace-normal break-words\"><strong>W pe\u0142ni przezroczysta konstrukcja:<\/strong> Przezroczysta konstrukcja nadaje urz\u0105dzeniu elegancki wygl\u0105d i umo\u017cliwia monitorowanie poziomu cieczy.<\/p>\n<p class=\"whitespace-normal break-words\"><strong>D\u0142ugotrwa\u0142e dzia\u0142anie:<\/strong> Ten wariant, oferuj\u0105cy do 20 000 zaci\u0105gni\u0119\u0107, zapewnia tygodnie przyjemno\u015bci z waporyzacji bez konieczno\u015bci zmiany urz\u0105dzenia.<\/p>\n<p class=\"whitespace-normal break-words\"><strong>Zr\u00f3wnowa\u017cona warto\u015b\u0107 nikotyny:<\/strong> Nikotyna 5% zapewnia optymaln\u0105 satysfakcj\u0119 z przyjemnym uderzeniem w gard\u0142o.<\/p>\n<p class=\"whitespace-normal break-words\"><strong>Wydajna technologia \u0142adowania:<\/strong> Bateria 650 mAh z szybkim \u0142adowaniem typu C zapewnia minimalny czas przestoju.<\/p>\n<p class=\"whitespace-normal break-words\"><strong>Du\u017ca pojemno\u015b\u0107 cieczy:<\/strong> Wysokiej jako\u015bci e-liquid o pojemno\u015bci 24 ml zapewnia d\u0142ugotrwa\u0142y smak i ch\u0142\u00f3d.<\/p>\n<h3 class=\"text-lg font-bold text-text-100 mt-1 -mb-1.5\">Odkryj wi\u0119cej VOZOL VAPE na vozolpuff<\/h3>\n<p class=\"whitespace-normal break-words\">Odkryj wi\u0119cej produkt\u00f3w premium do waporyzacji w naszym sklepie <strong><a class=\"underline\" href=\"https:\/\/vozolpuff.de\/pl\/\">Vozol Puff sklep internetowy<\/a><\/strong>Przejrzyj nasz\u0105 pe\u0142n\u0105 ofert\u0119 <strong><a class=\"underline\" href=\"https:\/\/vozolpuff.de\/pl\/product-category\/vozol-vape\/\">Kolekcja VOZOL VAPE<\/a><\/strong> lub zapozna\u0107 si\u0119 ze wszystkimi dost\u0119pnymi <strong><a class=\"underline\" href=\"https:\/\/vozolpuff.de\/pl\/product-category\/vozol-vape\/vozol-vista-20000\/\">Vozol Vista 20000 smak\u00f3w<\/a><\/strong>.<\/p>","protected":false},"excerpt":{"rendered":"<p>Jednorazowy waporyzator Vozol Vista 20000 Mango Ice \u0142\u0105czy s\u0142odkie, dojrza\u0142e mango z orze\u017awiaj\u0105cymi zimnymi elementami, zapewniaj\u0105c tropikalne orze\u017awienie. Ten jednorazowy e-papieros o du\u017cej pojemno\u015bci oferuje 20 000 zaci\u0105gni\u0119\u0107, bateri\u0119 650 mAh i nikotyn\u0119 5%. Sze\u015bciostopniowa regulacja mocy z technologi\u0105 podw\u00f3jnej siatki i kolorowym wy\u015bwietlaczem zapewnia najwy\u017csz\u0105 przyjemno\u015b\u0107 z waporyzacji.<\/p>","protected":false},"featured_media":709,"comment_status":"open","ping_status":"closed","template":"","meta":{"_acf_changed":false},"product_brand":[],"product_cat":[30],"product_tag":[],"class_list":{"0":"post-707","1":"product","2":"type-product","3":"status-publish","4":"has-post-thumbnail","6":"product_cat-vozol-vista-20000","8":"first","9":"instock","10":"shipping-taxable","11":"purchasable","12":"product-type-variable"},"acf":[],"_links":{"self":[{"href":"https:\/\/vozolpuff.de\/pl\/wp-json\/wp\/v2\/product\/707","targetHints":{"allow":["GET"]}}],"collection":[{"href":"https:\/\/vozolpuff.de\/pl\/wp-json\/wp\/v2\/product"}],"about":[{"href":"https:\/\/vozolpuff.de\/pl\/wp-json\/wp\/v2\/types\/product"}],"replies":[{"embeddable":true,"href":"https:\/\/vozolpuff.de\/pl\/wp-json\/wp\/v2\/comments?post=707"}],"wp:featuredmedia":[{"embeddable":true,"href":"https:\/\/vozolpuff.de\/pl\/wp-json\/wp\/v2\/media\/709"}],"wp:attachment":[{"href":"https:\/\/vozolpuff.de\/pl\/wp-json\/wp\/v2\/media?parent=707"}],"wp:term":[{"taxonomy":"product_brand","embeddable":true,"href":"https:\/\/vozolpuff.de\/pl\/wp-json\/wp\/v2\/product_brand?post=707"},{"taxonomy":"product_cat","embeddable":true,"href":"https:\/\/vozolpuff.de\/pl\/wp-json\/wp\/v2\/product_cat?post=707"},{"taxonomy":"product_tag","embeddable":true,"href":"https:\/\/vozolpuff.de\/pl\/wp-json\/wp\/v2\/product_tag?post=707"}],"curies":[{"name":"wp","href":"https:\/\/api.w.org\/{rel}","templated":true}]}}