{"id":7078,"date":"2025-10-22T15:38:20","date_gmt":"2025-10-22T13:38:20","guid":{"rendered":"https:\/\/vozolpuff.de\/?post_type=product&#038;p=7078"},"modified":"2025-10-22T15:38:21","modified_gmt":"2025-10-22T13:38:21","slug":"jnr-falcon-pro-28000-mango-passion-fruit","status":"publish","type":"product","link":"https:\/\/vozolpuff.de\/pl\/produkt\/jnr-falcon-pro-28000-mango-passion-fruit\/","title":{"rendered":"JNR Falcon Pro 28000 Mango Passion Fruit"},"content":{"rendered":"<h2 class=\"text-xl font-bold text-text-100 mt-1 -mb-0.5\">JNR Falcon Pro 28000 Mango Passion Fruit jednorazowy vape<\/h2>\n<p class=\"whitespace-normal break-words\">JNR Falcon Pro 28000 Mango Passion Fruit zapewnia tropikalne smaki na najwy\u017cszym poziomie. To jednorazowe urz\u0105dzenie klasy premium oferuje imponuj\u0105ce 28 000 zaci\u0105gni\u0119\u0107 z 30 ml wy\u015bmienitego e-liquidu. Innowacyjna technologia podw\u00f3jnej cewki siatkowej zapewnia intensywne odwzorowanie smaku i aksamitn\u0105 produkcj\u0119 pary przy ka\u017cdym u\u017cyciu. Natychmiastowa aktywacja bez wysi\u0142ku sprawia, \u017ce obs\u0142uga jest dziecinnie prosta. Dzi\u0119ki pot\u0119\u017cnemu akumulatorowi o pojemno\u015bci 950 mAh jeste\u015b w pe\u0142ni wyposa\u017cony. Inteligentny wy\u015bwietlacz zapewnia precyzyjne informacje o wszystkich wa\u017cnych funkcjach.<\/p>\n<h3 class=\"text-lg font-bold text-text-100 mt-1 -mb-1.5\">Mango Passion Fruit - egzotyczny, tropikalny sen:<\/h3>\n<p class=\"whitespace-normal break-words\">Soczysta s\u0142odycz tropikalnego mango w doskona\u0142ej symbiozie z egzotyczn\u0105 kwaskowato\u015bci\u0105 marakui. To aromatyczne po\u0142\u0105czenie jest optymalnie ekstrahowane dzi\u0119ki technologii podw\u00f3jnej siatki i pozostaje \u017cywe i wyraziste przez wszystkie 28 000 zaci\u0105gni\u0119\u0107.<\/p>\n<p class=\"whitespace-normal break-words\">Akumulator o pojemno\u015bci 950 mAh zapewnia sta\u0142e zasilanie bez konieczno\u015bci cz\u0119stego \u0142adowania. Umiarkowana dawka nikotyny w modelu 2% zapewnia zr\u00f3wnowa\u017cone doznania w postaci pary z przyjemnym uderzeniem w gard\u0142o, kt\u00f3re nie jest ani zbyt intensywne, ani zbyt s\u0142abe.<\/p>\n<p class=\"whitespace-normal break-words\">Dzi\u0119ki cyfrowemu inteligentnemu wy\u015bwietlaczowi mo\u017cna przez ca\u0142y czas kontrolowa\u0107 \u017cywotno\u015b\u0107 baterii i statystyki u\u017cytkowania. Ergonomiczny kszta\u0142t i nowoczesny design sprawiaj\u0105, \u017ce urz\u0105dzenie to jest praktycznym towarzyszem codziennych, tropikalnych chwil przyjemno\u015bci.<\/p>\n<h3 class=\"text-lg font-bold text-text-100 mt-1 -mb-1.5\">Cechy produktu:<\/h3>\n<p class=\"whitespace-normal break-words\"><strong>Pojemno\u015b\u0107 poci\u0105gu:<\/strong> Do 28 000 poci\u0105g\u00f3w<br \/>\n<strong>Zawarto\u015b\u0107 nikotyny:<\/strong> 2%<br \/>\n<strong>Pojemno\u015b\u0107 zbiornika:<\/strong> 30 ml<br \/>\n<strong>Pojemno\u015b\u0107 akumulatora:<\/strong> Akumulator 950 mAh<br \/>\n<strong>G\u0142owica waporyzatora:<\/strong> Podw\u00f3jna cewka siatkowa<br \/>\n<strong>Wy\u015bwietlacz:<\/strong> Wy\u015bwietlacz cyfrowy<\/p>\n<h3 class=\"text-lg font-bold text-text-100 mt-1 -mb-1.5\">Odkryj wi\u0119cej JNR VAPE na vozolpuff<\/h3>\n<p class=\"whitespace-normal break-words\">Na <strong><a class=\"underline\" href=\"https:\/\/vozolpuff.de\/pl\/\">vozolpuff.de<\/a><\/strong> znajdziesz najwy\u017cszej klasy produkty do waporyzacji na ka\u017cdy gust. Przejrzyj nasz\u0105 ofert\u0119 <strong><a class=\"underline\" href=\"https:\/\/vozolpuff.de\/pl\/product-category\/jnr-vape\/\">Kategoria JNR VAPE<\/a><\/strong> dla wi\u0119kszej liczby urz\u0105dze\u0144 premium. Odkryj pe\u0142n\u0105 gam\u0119 smak\u00f3w w <strong><a class=\"underline\" href=\"https:\/\/vozolpuff.de\/pl\/product-category\/jnr-vape\/jnr-falcon-pro-28000\/\">Kolekcja Falcon Pro 28000<\/a><\/strong>.<\/p>","protected":false},"excerpt":{"rendered":"<div>\n<div class=\"grid-cols-1 grid gap-2.5 [&amp;_&gt;_*]:min-w-0\">\n<p class=\"whitespace-normal break-words\">Die JNR Falcon Pro 28000 Mango Passion Fruit vereint saftige Mango mit exotischer Passionsfrucht. Bis zu 28.000 Z\u00fcge, 30 ml E-Liquid und Dual-Mesh-Coil-Technologie f\u00fcr intensive Tropenaromen. Mit 950-mAh-Akku, Smart-Display und 2% Nikotin \u2013 exotischer Tropentraum f\u00fcr authentischen Fruchtgenuss.<\/p>\n<\/div>\n<\/div>\n<div>\n<div class=\"grid-cols-1 grid gap-2.5 [&amp;_&gt;_*]:min-w-0\"><\/div>\n<\/div>\n","protected":false},"featured_media":7081,"comment_status":"open","ping_status":"closed","template":"","meta":{"_acf_changed":false},"product_brand":[],"product_cat":[83],"product_tag":[],"class_list":{"0":"post-7078","1":"product","2":"type-product","3":"status-publish","4":"has-post-thumbnail","6":"product_cat-jnr-falcon-pro-28000","8":"first","9":"instock","10":"shipping-taxable","11":"purchasable","12":"product-type-variable"},"acf":[],"_links":{"self":[{"href":"https:\/\/vozolpuff.de\/pl\/wp-json\/wp\/v2\/product\/7078","targetHints":{"allow":["GET"]}}],"collection":[{"href":"https:\/\/vozolpuff.de\/pl\/wp-json\/wp\/v2\/product"}],"about":[{"href":"https:\/\/vozolpuff.de\/pl\/wp-json\/wp\/v2\/types\/product"}],"replies":[{"embeddable":true,"href":"https:\/\/vozolpuff.de\/pl\/wp-json\/wp\/v2\/comments?post=7078"}],"wp:featuredmedia":[{"embeddable":true,"href":"https:\/\/vozolpuff.de\/pl\/wp-json\/wp\/v2\/media\/7081"}],"wp:attachment":[{"href":"https:\/\/vozolpuff.de\/pl\/wp-json\/wp\/v2\/media?parent=7078"}],"wp:term":[{"taxonomy":"product_brand","embeddable":true,"href":"https:\/\/vozolpuff.de\/pl\/wp-json\/wp\/v2\/product_brand?post=7078"},{"taxonomy":"product_cat","embeddable":true,"href":"https:\/\/vozolpuff.de\/pl\/wp-json\/wp\/v2\/product_cat?post=7078"},{"taxonomy":"product_tag","embeddable":true,"href":"https:\/\/vozolpuff.de\/pl\/wp-json\/wp\/v2\/product_tag?post=7078"}],"curies":[{"name":"wp","href":"https:\/\/api.w.org\/{rel}","templated":true}]}}