{"id":7083,"date":"2025-10-22T15:41:00","date_gmt":"2025-10-22T13:41:00","guid":{"rendered":"https:\/\/vozolpuff.de\/?post_type=product&#038;p=7083"},"modified":"2025-10-22T15:41:00","modified_gmt":"2025-10-22T13:41:00","slug":"jnr-falcon-pro-28000-peach-mango-watermelon","status":"publish","type":"product","link":"https:\/\/vozolpuff.de\/pl\/produkt\/jnr-falcon-pro-28000-peach-mango-watermelon\/","title":{"rendered":"JNR Falcon Pro 28000 Brzoskwinia Mango Arbuz"},"content":{"rendered":"<h2 class=\"text-xl font-bold text-text-100 mt-1 -mb-0.5\">JNR Falcon Pro 28000 Brzoskwinia, mango, arbuz Jednorazowy vape<\/h2>\n<p class=\"whitespace-normal break-words\">JNR Falcon Pro 28000 Peach Mango Watermelon \u0142\u0105czy trzy popularne owoce, tworz\u0105c orze\u017awiaj\u0105c\u0105 kompozycj\u0119 smakow\u0105. Dzi\u0119ki du\u017cej pojemno\u015bci wynosz\u0105cej 28 000 zaci\u0105gni\u0119\u0107 i 30 ml wysokiej jako\u015bci e-liquidu, to urz\u0105dzenie klasy premium gwarantuje d\u0142ugotrwa\u0142\u0105 przyjemno\u015b\u0107. Zaawansowany system podw\u00f3jnej cewki siatkowej precyzyjnie wydobywa z\u0142o\u017cone aromaty owocowe i zapewnia r\u00f3wnomiern\u0105 jako\u015b\u0107 pary. Praktyczna funkcja natychmiastowej aktywacji umo\u017cliwia \u0142atwe wapowanie bez konieczno\u015bci oczekiwania. Wytrzyma\u0142a bateria 950 mAh z funkcj\u0105 \u0142adowania zapewnia niezawodn\u0105 wydajno\u015b\u0107, a wbudowany inteligentny wy\u015bwietlacz pokazuje wszystkie wa\u017cne informacje.<\/p>\n<h3 class=\"text-lg font-bold text-text-100 mt-1 -mb-1.5\">Peach Mango Watermelon \u2013 potr\u00f3jna eksplozja owoc\u00f3w:<\/h3>\n<p class=\"whitespace-normal break-words\">Poczuj harmonijne po\u0142\u0105czenie soczystych brzoskwi\u0144, tropikalnych mango i orze\u017awiaj\u0105cego arbuza w jednym zaci\u0105gni\u0119ciu. Ta r\u00f3\u017cnorodna kombinacja owoc\u00f3w jest optymalnie wydobyta dzi\u0119ki technologii Dual Mesh i gwarantuje sta\u0142y smak przez ca\u0142y okres u\u017cytkowania.<\/p>\n<p class=\"whitespace-normal break-words\">Akumulator o pojemno\u015bci 950 mAh zapewnia niezawodn\u0105 moc i wydajne cykle \u0142adowania. Zr\u00f3wnowa\u017cona zawarto\u015b\u0107 nikotyny 2% zapewnia \u0142agodne uczucie w gardle, kt\u00f3re idealnie r\u00f3wnowa\u017cy komfort i satysfakcj\u0119 \u2013 idealne rozwi\u0105zanie dla wszechstronnych u\u017cytkownik\u00f3w.<\/p>\n<p class=\"whitespace-normal break-words\">Przejrzysty wy\u015bwietlacz cyfrowy pokazuje pojemno\u015b\u0107 baterii i statystyki zaci\u0105gni\u0119\u0107 w czasie rzeczywistym, dzi\u0119ki czemu zawsze jeste\u015b na bie\u017c\u0105co. Smuk\u0142a, ergonomiczna konstrukcja idealnie le\u017cy w d\u0142oni i sprawia, \u017ce urz\u0105dzenie to jest idealnym towarzyszem dla mi\u0142o\u015bnik\u00f3w owocowych aromat\u00f3w.<\/p>\n<h3 class=\"text-lg font-bold text-text-100 mt-1 -mb-1.5\">Cechy produktu:<\/h3>\n<p class=\"whitespace-normal break-words\"><strong>Pojemno\u015b\u0107 poci\u0105gu:<\/strong> Do 28 000 poci\u0105g\u00f3w<br \/>\n<strong>Zawarto\u015b\u0107 nikotyny:<\/strong> 2%<br \/>\n<strong>Pojemno\u015b\u0107 zbiornika:<\/strong> 30 ml<br \/>\n<strong>Pojemno\u015b\u0107 akumulatora:<\/strong> Akumulator 950 mAh<br \/>\n<strong>G\u0142owica waporyzatora:<\/strong> Podw\u00f3jna cewka siatkowa<br \/>\n<strong>Wy\u015bwietlacz:<\/strong> Wy\u015bwietlacz cyfrowy<\/p>\n<h3 class=\"text-lg font-bold text-text-100 mt-1 -mb-1.5\">Odkryj wi\u0119cej JNR VAPE na vozolpuff<\/h3>\n<p class=\"whitespace-normal break-words\">Odwied\u017a <strong><a class=\"underline\" href=\"https:\/\/vozolpuff.de\/pl\/\">vozolpuff.de<\/a><\/strong> i odkryj nasz\u0105 pe\u0142n\u0105 ofert\u0119. W naszym <strong><a class=\"underline\" href=\"https:\/\/vozolpuff.de\/pl\/product-category\/jnr-vape\/\">Kategoria JNR VAPE<\/a><\/strong> znajdziesz innowacyjne rozwi\u0105zania parowe. Odkryj wszystkie warianty w <strong><a class=\"underline\" href=\"https:\/\/vozolpuff.de\/pl\/product-category\/jnr-vape\/jnr-falcon-pro-28000\/\">Kolekcja Falcon Pro 28000<\/a><\/strong>.<\/p>","protected":false},"excerpt":{"rendered":"<p class=\"whitespace-normal break-words\">JNR Falcon Pro 28000 Peach Mango Watermelon \u0142\u0105czy w sobie soczyste brzoskwinie, tropikalne mango i orze\u017awiaj\u0105cy arbuz. Do 28 000 zaci\u0105gni\u0119\u0107, 30 ml e-liquidu i technologia Dual Mesh Coil zapewniaj\u0105ca z\u0142o\u017cone aromaty owocowe. Z bateri\u0105 950 mAh, inteligentnym wy\u015bwietlaczem i nikotyn\u0105 2% \u2013 potr\u00f3jna eksplozja owoc\u00f3w dla wszechstronnej przyjemno\u015bci.<\/p>","protected":false},"featured_media":7086,"comment_status":"open","ping_status":"closed","template":"","meta":{"_acf_changed":false},"product_brand":[],"product_cat":[83],"product_tag":[],"class_list":{"0":"post-7083","1":"product","2":"type-product","3":"status-publish","4":"has-post-thumbnail","6":"product_cat-jnr-falcon-pro-28000","8":"first","9":"instock","10":"shipping-taxable","11":"purchasable","12":"product-type-variable"},"acf":[],"_links":{"self":[{"href":"https:\/\/vozolpuff.de\/pl\/wp-json\/wp\/v2\/product\/7083","targetHints":{"allow":["GET"]}}],"collection":[{"href":"https:\/\/vozolpuff.de\/pl\/wp-json\/wp\/v2\/product"}],"about":[{"href":"https:\/\/vozolpuff.de\/pl\/wp-json\/wp\/v2\/types\/product"}],"replies":[{"embeddable":true,"href":"https:\/\/vozolpuff.de\/pl\/wp-json\/wp\/v2\/comments?post=7083"}],"wp:featuredmedia":[{"embeddable":true,"href":"https:\/\/vozolpuff.de\/pl\/wp-json\/wp\/v2\/media\/7086"}],"wp:attachment":[{"href":"https:\/\/vozolpuff.de\/pl\/wp-json\/wp\/v2\/media?parent=7083"}],"wp:term":[{"taxonomy":"product_brand","embeddable":true,"href":"https:\/\/vozolpuff.de\/pl\/wp-json\/wp\/v2\/product_brand?post=7083"},{"taxonomy":"product_cat","embeddable":true,"href":"https:\/\/vozolpuff.de\/pl\/wp-json\/wp\/v2\/product_cat?post=7083"},{"taxonomy":"product_tag","embeddable":true,"href":"https:\/\/vozolpuff.de\/pl\/wp-json\/wp\/v2\/product_tag?post=7083"}],"curies":[{"name":"wp","href":"https:\/\/api.w.org\/{rel}","templated":true}]}}