{"id":7088,"date":"2025-10-22T15:43:20","date_gmt":"2025-10-22T13:43:20","guid":{"rendered":"https:\/\/vozolpuff.de\/?post_type=product&#038;p=7088"},"modified":"2025-10-22T15:43:20","modified_gmt":"2025-10-22T13:43:20","slug":"jnr-falcon-pro-28000-watermelon-bubblegum","status":"publish","type":"product","link":"https:\/\/vozolpuff.de\/pl\/produkt\/jnr-falcon-pro-28000-watermelon-bubblegum\/","title":{"rendered":"JNR Falcon Pro 28000 Watermelon Bubblegum"},"content":{"rendered":"<h2 class=\"text-xl font-bold text-text-100 mt-1 -mb-0.5\">JNR Falcon Pro 28000 Watermelon Bubblegum Jednorazowy vape<\/h2>\n<p class=\"whitespace-normal break-words\">JNR Falcon Pro 28000 Watermelon Bubblegum \u0142\u0105czy w sobie nostalgiczny smak gumy balonowej z orze\u017awiaj\u0105cym arbuzem. To wysokiej jako\u015bci urz\u0105dzenie jednorazowego u\u017cytku ma imponuj\u0105c\u0105 pojemno\u015b\u0107 28 000 zaci\u0105gni\u0119\u0107 i jest fabrycznie nape\u0142nione 30 ml najwy\u017cszej jako\u015bci e-liquidem. Wydajna technologia podw\u00f3jnej cewki siatkowej zapewnia intensywny rozw\u00f3j aromatu i jedwabi\u015bcie mi\u0119kk\u0105 produkcj\u0119 pary. Dzi\u0119ki funkcji Instant Draw doznawanie pary rozpoczyna si\u0119 natychmiast po zaci\u0105gni\u0119ciu si\u0119. Zintegrowany akumulator o pojemno\u015bci 950 mAh mo\u017cna wygodnie \u0142adowa\u0107 i zapewnia on ci\u0105g\u0142\u0105 dost\u0119pno\u015b\u0107. Nowoczesny, inteligentny wy\u015bwietlacz zapewnia przejrzyste informacje w czasie rzeczywistym.<\/p>\n<h3 class=\"text-lg font-bold text-text-100 mt-1 -mb-1.5\">Watermelon Bubblegum \u2013 s\u0142odka nostalgia spotyka si\u0119 ze \u015bwie\u017co\u015bci\u0105:<\/h3>\n<p class=\"whitespace-normal break-words\">Ten wyj\u0105tkowy smak \u0142\u0105czy w sobie letni\u0105 \u015bwie\u017co\u015b\u0107 arbuza ze s\u0142odk\u0105, figlarn\u0105 nut\u0105 klasycznej gumy do \u017cucia. System Dual Mesh zachowuje autentyczno\u015b\u0107 obu aromat\u00f3w i zapewnia zr\u00f3wnowa\u017cony profil smakowy przez wszystkie 28 000 zaci\u0105gni\u0119\u0107.<\/p>\n<p class=\"whitespace-normal break-words\">Bateria o pojemno\u015bci 950 mAh z funkcj\u0105 \u0142adowania zapewnia nieprzerwan\u0105 wydajno\u015b\u0107 bez d\u0142ugich przerw. Dzi\u0119ki zawarto\u015bci nikotyny na poziomie 2% uzyskasz \u0142agodny, przyjemny efekt w gardle, kt\u00f3ry spodoba si\u0119 zar\u00f3wno pocz\u0105tkuj\u0105cym, jak i zaawansowanym u\u017cytkownikom.<\/p>\n<p class=\"whitespace-normal break-words\">Inteligentny wy\u015bwietlacz na bie\u017c\u0105co informuje o stanie baterii i liczniku poci\u0105gni\u0119\u0107, dzi\u0119ki czemu zawsze masz pe\u0142n\u0105 kontrol\u0119. Por\u0119czna, nowoczesna konstrukcja o ergonomicznym kszta\u0142cie sprawia, \u017ce codzienne u\u017cytkowanie jest czyst\u0105 przyjemno\u015bci\u0105.<\/p>\n<h3 class=\"text-lg font-bold text-text-100 mt-1 -mb-1.5\">Cechy produktu:<\/h3>\n<p class=\"whitespace-normal break-words\"><strong>Pojemno\u015b\u0107 poci\u0105gu:<\/strong> Do 28 000 poci\u0105g\u00f3w<br \/>\n<strong>Zawarto\u015b\u0107 nikotyny:<\/strong> 2%<br \/>\n<strong>Pojemno\u015b\u0107 zbiornika:<\/strong> 30 ml<br \/>\n<strong>Pojemno\u015b\u0107 akumulatora:<\/strong> Akumulator 950 mAh<br \/>\n<strong>G\u0142owica waporyzatora:<\/strong> Podw\u00f3jna cewka siatkowa<br \/>\n<strong>Wy\u015bwietlacz:<\/strong> Wy\u015bwietlacz cyfrowy<\/p>\n<h3 class=\"text-lg font-bold text-text-100 mt-1 -mb-1.5\">Odkryj wi\u0119cej JNR VAPE na vozolpuff<\/h3>\n<p class=\"whitespace-normal break-words\">Do\u015bwiadcz najwy\u017cszej jako\u015bci na <strong><a class=\"underline\" href=\"https:\/\/vozolpuff.de\/pl\/\">vozolpuff.de<\/a><\/strong> z r\u00f3\u017cnorodnymi opcjami produkt\u00f3w. Nasze <strong><a class=\"underline\" href=\"https:\/\/vozolpuff.de\/pl\/product-category\/jnr-vape\/\">Kategoria JNR VAPE<\/a><\/strong> oferuje najnowsze urz\u0105dzenia. Wszystkie warianty smakowe mo\u017cna znale\u017a\u0107 w <strong><a class=\"underline\" href=\"https:\/\/vozolpuff.de\/pl\/product-category\/jnr-vape\/jnr-falcon-pro-28000\/\">Kolekcja Falcon Pro 28000<\/a><\/strong>.<\/p>","protected":false},"excerpt":{"rendered":"<p class=\"whitespace-normal break-words\">JNR Falcon Pro 28000 Watermelon Bubblegum \u0142\u0105czy w sobie orze\u017awiaj\u0105cy arbuz z aromatem s\u0142odkiej gumy balonowej. Do 28 000 zaci\u0105gni\u0119\u0107, 30 ml e-liquidu i technologia Dual Mesh Coil zapewniaj\u0105ca zr\u00f3wnowa\u017cony smak. Z bateri\u0105 950 mAh, inteligentnym wy\u015bwietlaczem i nikotyn\u0105 2% \u2013 nostalgiczna s\u0142odycz spotyka si\u0119 z letni\u0105 \u015bwie\u017co\u015bci\u0105.<\/p>","protected":false},"featured_media":7091,"comment_status":"open","ping_status":"closed","template":"","meta":{"_acf_changed":false},"product_brand":[],"product_cat":[83],"product_tag":[],"class_list":{"0":"post-7088","1":"product","2":"type-product","3":"status-publish","4":"has-post-thumbnail","6":"product_cat-jnr-falcon-pro-28000","8":"first","9":"instock","10":"shipping-taxable","11":"purchasable","12":"product-type-variable"},"acf":[],"_links":{"self":[{"href":"https:\/\/vozolpuff.de\/pl\/wp-json\/wp\/v2\/product\/7088","targetHints":{"allow":["GET"]}}],"collection":[{"href":"https:\/\/vozolpuff.de\/pl\/wp-json\/wp\/v2\/product"}],"about":[{"href":"https:\/\/vozolpuff.de\/pl\/wp-json\/wp\/v2\/types\/product"}],"replies":[{"embeddable":true,"href":"https:\/\/vozolpuff.de\/pl\/wp-json\/wp\/v2\/comments?post=7088"}],"wp:featuredmedia":[{"embeddable":true,"href":"https:\/\/vozolpuff.de\/pl\/wp-json\/wp\/v2\/media\/7091"}],"wp:attachment":[{"href":"https:\/\/vozolpuff.de\/pl\/wp-json\/wp\/v2\/media?parent=7088"}],"wp:term":[{"taxonomy":"product_brand","embeddable":true,"href":"https:\/\/vozolpuff.de\/pl\/wp-json\/wp\/v2\/product_brand?post=7088"},{"taxonomy":"product_cat","embeddable":true,"href":"https:\/\/vozolpuff.de\/pl\/wp-json\/wp\/v2\/product_cat?post=7088"},{"taxonomy":"product_tag","embeddable":true,"href":"https:\/\/vozolpuff.de\/pl\/wp-json\/wp\/v2\/product_tag?post=7088"}],"curies":[{"name":"wp","href":"https:\/\/api.w.org\/{rel}","templated":true}]}}