{"id":7093,"date":"2025-10-22T15:45:46","date_gmt":"2025-10-22T13:45:46","guid":{"rendered":"https:\/\/vozolpuff.de\/?post_type=product&#038;p=7093"},"modified":"2025-10-22T15:45:46","modified_gmt":"2025-10-22T13:45:46","slug":"jnr-falcon-pro-28000-strawberry-banana","status":"publish","type":"product","link":"https:\/\/vozolpuff.de\/pl\/produkt\/jnr-falcon-pro-28000-strawberry-banana\/","title":{"rendered":"JNR Falcon Pro 28000 Strawberry Banana"},"content":{"rendered":"<h2 class=\"text-xl font-bold text-text-100 mt-1 -mb-0.5\">JNR Falcon Pro 28000 Strawberry Banana jednorazowy vape<\/h2>\n<p class=\"whitespace-normal break-words\">JNR Falcon Pro 28000 Strawberry Banana prezentuje klasyczne po\u0142\u0105czenie owoc\u00f3w w jako\u015bci premium. Wyposa\u017cony w wyj\u0105tkow\u0105 pojemno\u015b\u0107 28 000 zaci\u0105gni\u0119\u0107 i 30 ml wysokiej jako\u015bci e-liquidu, urz\u0105dzenie to oferuje d\u0142ugotrwa\u0142\u0105 przyjemno\u015b\u0107 z pary. Innowacyjna technologia podw\u00f3jnej cewki siatkowej zapewnia optymalne odwzorowanie smaku i sta\u0142y rozw\u00f3j pary. Przyjazna dla u\u017cytkownika natychmiastowa aktywacja sprawia, \u017ce obs\u0142uga jest niezwykle \u0142atwa. Wydajny akumulator o pojemno\u015bci 950 mAh z funkcj\u0105 \u0142adowania zapewnia niezawodne dzia\u0142anie przez d\u0142ugi czas. Praktyczny, inteligentny wy\u015bwietlacz na bie\u017c\u0105co informuje o wszystkich istotnych parametrach.<\/p>\n<h3 class=\"text-lg font-bold text-text-100 mt-1 -mb-1.5\">Strawberry Banana - kremowa owocowa harmonia:<\/h3>\n<p class=\"whitespace-normal break-words\">Delektuj si\u0119 idealn\u0105 r\u00f3wnowag\u0105 mi\u0119dzy \u015bwie\u017c\u0105 s\u0142odycz\u0105 dojrza\u0142ych truskawek i kremow\u0105 \u0142agodno\u015bci\u0105 tropikalnych banan\u00f3w. Ta popularna kombinacja smakowa jest autentycznie odtwarzana przez wyrafinowany system podw\u00f3jnych oczek i pozostaje intensywna i harmonijna przez ca\u0142y czas u\u017cytkowania.<\/p>\n<p class=\"whitespace-normal break-words\">Akumulator o pojemno\u015bci 950 mAh gwarantuje nieprzerwan\u0105 przyjemno\u015b\u0107 z waporyzacji dzi\u0119ki szybkim interwa\u0142om \u0142adowania. Zr\u00f3wnowa\u017cone st\u0119\u017cenie nikotyny w 2% zapewnia g\u0142adkie uderzenie w gard\u0142o, kt\u00f3re pozwala cieszy\u0107 si\u0119 bez szorstko\u015bci - idealne na relaksuj\u0105ce chwile z par\u0105.<\/p>\n<p class=\"whitespace-normal break-words\">Czytelny wy\u015bwietlacz cyfrowy w przejrzysty spos\u00f3b pokazuje stan baterii i statystyki u\u017cytkowania, dzi\u0119ki czemu zawsze masz wgl\u0105d w sytuacj\u0119. Ergonomiczna konstrukcja i stylowy wygl\u0105d sprawiaj\u0105, \u017ce urz\u0105dzenie to jest przyjemnym towarzyszem przez ca\u0142y dzie\u0144.<\/p>\n<h3 class=\"text-lg font-bold text-text-100 mt-1 -mb-1.5\">Cechy produktu:<\/h3>\n<p class=\"whitespace-normal break-words\"><strong>Pojemno\u015b\u0107 poci\u0105gu:<\/strong> Do 28 000 poci\u0105g\u00f3w<br \/>\n<strong>Zawarto\u015b\u0107 nikotyny:<\/strong> 2%<br \/>\n<strong>Pojemno\u015b\u0107 zbiornika:<\/strong> 30 ml<br \/>\n<strong>Pojemno\u015b\u0107 akumulatora:<\/strong> Akumulator 950 mAh<br \/>\n<strong>G\u0142owica waporyzatora:<\/strong> Podw\u00f3jna cewka siatkowa<br \/>\n<strong>Wy\u015bwietlacz:<\/strong> Wy\u015bwietlacz cyfrowy<\/p>\n<h3 class=\"text-lg font-bold text-text-100 mt-1 -mb-1.5\">Odkryj wi\u0119cej JNR VAPE na vozolpuff<\/h3>\n<p class=\"whitespace-normal break-words\">Na <strong><a class=\"underline\" href=\"https:\/\/vozolpuff.de\/pl\/\">vozolpuff.de<\/a><\/strong> mo\u017cesz spodziewa\u0107 si\u0119 r\u00f3\u017cnorodnego wyboru e-papieros\u00f3w. Odkryj nowoczesn\u0105 technologi\u0119 w naszym <strong><a class=\"underline\" href=\"https:\/\/vozolpuff.de\/pl\/product-category\/jnr-vape\/\">Kategoria JNR VAPE<\/a><\/strong>. Wi\u0119cej smak\u00f3w mo\u017cna znale\u017a\u0107 w <strong><a class=\"underline\" href=\"https:\/\/vozolpuff.de\/pl\/product-category\/jnr-vape\/jnr-falcon-pro-28000\/\">Kolekcja Falcon Pro 28000<\/a><\/strong>.<\/p>","protected":false},"excerpt":{"rendered":"<p class=\"whitespace-normal break-words\">JNR Falcon Pro 28000 Strawberry Banana \u0142\u0105czy w sobie s\u0142odycz \u015bwie\u017cych truskawek z kremowym bananem. Do 28 000 zaci\u0105gni\u0119\u0107, 30 ml e-cieczy i technologia podw\u00f3jnej cewki siatkowej dla harmonijnych smak\u00f3w. Bateria 950 mAh, inteligentny wy\u015bwietlacz i nikotyna 2% - klasyczne owocowe po\u0142\u0105czenie zapewniaj\u0105ce p\u0142ynn\u0105 przyjemno\u015b\u0107 z waporyzacji.<\/p>","protected":false},"featured_media":7096,"comment_status":"open","ping_status":"closed","template":"","meta":{"_acf_changed":false},"product_brand":[],"product_cat":[83],"product_tag":[],"class_list":{"0":"post-7093","1":"product","2":"type-product","3":"status-publish","4":"has-post-thumbnail","6":"product_cat-jnr-falcon-pro-28000","8":"first","9":"instock","10":"shipping-taxable","11":"purchasable","12":"product-type-variable"},"acf":[],"_links":{"self":[{"href":"https:\/\/vozolpuff.de\/pl\/wp-json\/wp\/v2\/product\/7093","targetHints":{"allow":["GET"]}}],"collection":[{"href":"https:\/\/vozolpuff.de\/pl\/wp-json\/wp\/v2\/product"}],"about":[{"href":"https:\/\/vozolpuff.de\/pl\/wp-json\/wp\/v2\/types\/product"}],"replies":[{"embeddable":true,"href":"https:\/\/vozolpuff.de\/pl\/wp-json\/wp\/v2\/comments?post=7093"}],"wp:featuredmedia":[{"embeddable":true,"href":"https:\/\/vozolpuff.de\/pl\/wp-json\/wp\/v2\/media\/7096"}],"wp:attachment":[{"href":"https:\/\/vozolpuff.de\/pl\/wp-json\/wp\/v2\/media?parent=7093"}],"wp:term":[{"taxonomy":"product_brand","embeddable":true,"href":"https:\/\/vozolpuff.de\/pl\/wp-json\/wp\/v2\/product_brand?post=7093"},{"taxonomy":"product_cat","embeddable":true,"href":"https:\/\/vozolpuff.de\/pl\/wp-json\/wp\/v2\/product_cat?post=7093"},{"taxonomy":"product_tag","embeddable":true,"href":"https:\/\/vozolpuff.de\/pl\/wp-json\/wp\/v2\/product_tag?post=7093"}],"curies":[{"name":"wp","href":"https:\/\/api.w.org\/{rel}","templated":true}]}}