{"id":7103,"date":"2025-10-22T15:50:34","date_gmt":"2025-10-22T13:50:34","guid":{"rendered":"https:\/\/vozolpuff.de\/?post_type=product&#038;p=7103"},"modified":"2025-10-22T15:50:34","modified_gmt":"2025-10-22T13:50:34","slug":"jnr-falcon-pro-28000-kiwi-passion-guava","status":"publish","type":"product","link":"https:\/\/vozolpuff.de\/pl\/produkt\/jnr-falcon-pro-28000-kiwi-passion-guava\/","title":{"rendered":"JNR Falcon Pro 28000 Kiwi Passion Guava"},"content":{"rendered":"<h2 class=\"text-xl font-bold text-text-100 mt-1 -mb-0.5\">JNR Falcon Pro 28000 Kiwi Passion Guava Vape jednorazowego u\u017cytku<\/h2>\n<p class=\"whitespace-normal break-words\">JNR Falcon Pro 28000 Kiwi Passion Guava zapewnia egzotyczne, tropikalne smaki na najwy\u017cszym poziomie. Dzi\u0119ki imponuj\u0105cej pojemno\u015bci 28 000 zaci\u0105gni\u0119\u0107 i 30 ml wst\u0119pnie nape\u0142nionego e-liquidu, to wysokiej klasy urz\u0105dzenie gwarantuje d\u0142ugotrwa\u0142\u0105 przyjemno\u015b\u0107. Zaawansowana technologia podw\u00f3jnej cewki siatkowej zapewnia intensywn\u0105 ekstrakcj\u0119 smaku i aksamitn\u0105 produkcj\u0119 pary przy ka\u017cdym u\u017cyciu. Natychmiastowa aktywacja bez wysi\u0142ku sprawia, \u017ce obs\u0142uga jest dziecinnie prosta. Wytrzyma\u0142a bateria 950 mAh jest \u0142atwa do na\u0142adowania i zapewnia sta\u0142\u0105 wydajno\u015b\u0107. Zintegrowany inteligentny wy\u015bwietlacz zapewnia wszystkie istotne informacje na pierwszy rzut oka.<\/p>\n<h3 class=\"text-lg font-bold text-text-100 mt-1 -mb-1.5\">Kiwi Passion Guava - Tropikalna triada dozna\u0144:<\/h3>\n<p class=\"whitespace-normal break-words\">Zanurz si\u0119 w egzotycznym \u015bwiecie smak\u00f3w, w kt\u00f3rym cierpka \u015bwie\u017co\u015b\u0107 kiwi, intensywna s\u0142odycz marakui i kremowa nuta guawy doskonale ze sob\u0105 wsp\u00f3\u0142graj\u0105. Ta z\u0142o\u017cona kombinacja smak\u00f3w jest optymalnie rozwijana przez system podw\u00f3jnej siatki i pozostaje \u017cywa i wyrazista przez ca\u0142y okres u\u017cytkowania urz\u0105dzenia.<\/p>\n<p class=\"whitespace-normal break-words\">Akumulator o pojemno\u015bci 950 mAh zapewnia niezawodne zasilanie przy minimalnych przerwach w \u0142adowaniu. Umiarkowana moc nikotyny 2% zapewnia g\u0142adkie, satysfakcjonuj\u0105ce uderzenie w gard\u0142o, kt\u00f3re jest idealne dla koneser\u00f3w tropikalnych smak\u00f3w.<\/p>\n<p class=\"whitespace-normal break-words\">Cyfrowy inteligentny wy\u015bwietlacz pokazuje dok\u0142adny czas pracy baterii i statystyki u\u017cytkowania, dzi\u0119ki czemu zawsze masz kontrol\u0119. Ergonomiczny kszta\u0142t i nowoczesny design sprawiaj\u0105, \u017ce urz\u0105dzenie to jest idealnym towarzyszem egzotycznych chwil przyjemno\u015bci w codziennym \u017cyciu.<\/p>\n<h3 class=\"text-lg font-bold text-text-100 mt-1 -mb-1.5\">Cechy produktu:<\/h3>\n<p class=\"whitespace-normal break-words\"><strong>Pojemno\u015b\u0107 poci\u0105gu:<\/strong> Do 28 000 poci\u0105g\u00f3w<br \/>\n<strong>Zawarto\u015b\u0107 nikotyny:<\/strong> 2%<br \/>\n<strong>Pojemno\u015b\u0107 zbiornika:<\/strong> 30 ml<br \/>\n<strong>Pojemno\u015b\u0107 akumulatora:<\/strong> Akumulator 950 mAh<br \/>\n<strong>G\u0142owica waporyzatora:<\/strong> Podw\u00f3jna cewka siatkowa<br \/>\n<strong>Wy\u015bwietlacz:<\/strong> Wy\u015bwietlacz cyfrowy<\/p>\n<h3 class=\"text-lg font-bold text-text-100 mt-1 -mb-1.5\">Odkryj wi\u0119cej JNR VAPE na vozolpuff<\/h3>\n<p class=\"whitespace-normal break-words\">Odwied\u017a <strong><a class=\"underline\" href=\"https:\/\/vozolpuff.de\/pl\/\">vozolpuff.de<\/a><\/strong> dla szerokiej gamy e-papieros\u00f3w klasy premium. Nasz <strong><a class=\"underline\" href=\"https:\/\/vozolpuff.de\/pl\/product-category\/jnr-vape\/\">Kategoria JNR VAPE<\/a><\/strong> oferuje innowacyjn\u0105 technologi\u0119 waporyzacji. Odkryj pe\u0142n\u0105 gam\u0119 smak\u00f3w w <strong><a class=\"underline\" href=\"https:\/\/vozolpuff.de\/pl\/product-category\/jnr-vape\/jnr-falcon-pro-28000\/\">Kolekcja Falcon Pro 28000<\/a><\/strong>.<\/p>","protected":false},"excerpt":{"rendered":"<p class=\"whitespace-normal break-words\">JNR Falcon Pro 28000 Kiwi Passion Guava \u0142\u0105czy w sobie cierpkie kiwi, intensywn\u0105 marakuj\u0119 i kremow\u0105 guaw\u0119. Do 28 000 zaci\u0105gni\u0119\u0107, 30 ml e-cieczy i technologia podw\u00f3jnej cewki siatkowej dla z\u0142o\u017conych tropikalnych smak\u00f3w. Bateria 950 mAh, inteligentny wy\u015bwietlacz i nikotyna 2% - egzotyczna triada dla intensywnych owocowych smak\u00f3w.<\/p>","protected":false},"featured_media":7106,"comment_status":"open","ping_status":"closed","template":"","meta":{"_acf_changed":false},"product_brand":[],"product_cat":[83],"product_tag":[],"class_list":{"0":"post-7103","1":"product","2":"type-product","3":"status-publish","4":"has-post-thumbnail","6":"product_cat-jnr-falcon-pro-28000","8":"first","9":"instock","10":"shipping-taxable","11":"purchasable","12":"product-type-variable"},"acf":[],"_links":{"self":[{"href":"https:\/\/vozolpuff.de\/pl\/wp-json\/wp\/v2\/product\/7103","targetHints":{"allow":["GET"]}}],"collection":[{"href":"https:\/\/vozolpuff.de\/pl\/wp-json\/wp\/v2\/product"}],"about":[{"href":"https:\/\/vozolpuff.de\/pl\/wp-json\/wp\/v2\/types\/product"}],"replies":[{"embeddable":true,"href":"https:\/\/vozolpuff.de\/pl\/wp-json\/wp\/v2\/comments?post=7103"}],"wp:featuredmedia":[{"embeddable":true,"href":"https:\/\/vozolpuff.de\/pl\/wp-json\/wp\/v2\/media\/7106"}],"wp:attachment":[{"href":"https:\/\/vozolpuff.de\/pl\/wp-json\/wp\/v2\/media?parent=7103"}],"wp:term":[{"taxonomy":"product_brand","embeddable":true,"href":"https:\/\/vozolpuff.de\/pl\/wp-json\/wp\/v2\/product_brand?post=7103"},{"taxonomy":"product_cat","embeddable":true,"href":"https:\/\/vozolpuff.de\/pl\/wp-json\/wp\/v2\/product_cat?post=7103"},{"taxonomy":"product_tag","embeddable":true,"href":"https:\/\/vozolpuff.de\/pl\/wp-json\/wp\/v2\/product_tag?post=7103"}],"curies":[{"name":"wp","href":"https:\/\/api.w.org\/{rel}","templated":true}]}}