{"id":7108,"date":"2025-10-22T15:53:30","date_gmt":"2025-10-22T13:53:30","guid":{"rendered":"https:\/\/vozolpuff.de\/?post_type=product&#038;p=7108"},"modified":"2025-10-22T15:53:30","modified_gmt":"2025-10-22T13:53:30","slug":"jnr-falcon-pro-28000-cherry-berry","status":"publish","type":"product","link":"https:\/\/vozolpuff.de\/pl\/produkt\/jnr-falcon-pro-28000-cherry-berry\/","title":{"rendered":"JNR Falcon Pro 28000 Cherry Berry"},"content":{"rendered":"<h2 class=\"text-xl font-bold text-text-100 mt-1 -mb-0.5\">JNR Falcon Pro 28000 Cherry Berry Jednorazowy vape<\/h2>\n<p class=\"whitespace-normal break-words\">JNR Falcon Pro 28000 Cherry Berry \u0142\u0105czy soczyste wi\u015bnie z mieszank\u0105 owocowych jag\u00f3d, tworz\u0105c intensywne doznania smakowe. To wysokiej jako\u015bci urz\u0105dzenie jednorazowego u\u017cytku oferuje wyj\u0105tkowe 28 000 zaci\u0105gni\u0119\u0107 z 30 ml wysokiej jako\u015bci e-liquidu. Wydajna technologia podw\u00f3jnej cewki siatkowej zapewnia precyzyjne wydobycie aromatu i r\u00f3wnomierne wytwarzanie pary przez ca\u0142y okres u\u017cytkowania. Przyjazna dla u\u017cytkownika funkcja natychmiastowej aktywacji umo\u017cliwia \u0142atwe wapowanie bez naciskania przycisku. Pot\u0119\u017cny akumulator 950 mAh z funkcj\u0105 \u0142adowania zapewnia niezawodn\u0105 moc, a praktyczny wy\u015bwietlacz Smart pokazuje wszystkie wa\u017cne informacje w czasie rzeczywistym.<\/p>\n<h3 class=\"text-xl font-bold text-text-100 mt-1 -mb-0.5\">Cherry Berry \u2013 intensywna mieszanka jag\u00f3d:<\/h3>\n<p class=\"whitespace-normal break-words\">Ciesz si\u0119 idealnym po\u0142\u0105czeniem s\u0142odkich wi\u015bni z r\u00f3\u017cnorodn\u0105 mieszank\u0105 jag\u00f3d, kt\u00f3re sprawiaj\u0105, \u017ce ka\u017cdy zaci\u0105gni\u0119cie si\u0119 staje si\u0119 owocow\u0105 rozkosz\u0105. Ta zr\u00f3wnowa\u017cona kombinacja jest optymalnie wykorzystana dzi\u0119ki zaawansowanej technologii Dual Mesh, kt\u00f3ra gwarantuje sta\u0142\u0105 intensywno\u015b\u0107 smaku przez wszystkie 28 000 zaci\u0105gni\u0119\u0107.<\/p>\n<p class=\"whitespace-normal break-words\">Akumulator o pojemno\u015bci 950 mAh zapewnia nieprzerwan\u0105 przyjemno\u015b\u0107 z wapowania dzi\u0119ki szybkim cyklom \u0142adowania. Zr\u00f3wnowa\u017cona zawarto\u015b\u0107 nikotyny 2% zapewnia przyjemne uczucie w gardle, idealnie \u0142\u0105cz\u0105c komfort i satysfakcj\u0119 \u2013 idealne rozwi\u0105zanie dla mi\u0142o\u015bnik\u00f3w jag\u00f3d.<\/p>\n<p class=\"whitespace-normal break-words\">Przejrzysty wy\u015bwietlacz cyfrowy informuje o stanie baterii i statystykach zaci\u0105gni\u0119\u0107, dzi\u0119ki czemu zawsze masz pe\u0142ny przegl\u0105d sytuacji. Ergonomiczna, stylowa konstrukcja dobrze le\u017cy w d\u0142oni i sprawia, \u017ce urz\u0105dzenie to jest idealnym towarzyszem dla owocowej przyjemno\u015bci wapowania przy ka\u017cdej okazji.<\/p>\n<h3 class=\"text-xl font-bold text-text-100 mt-1 -mb-0.5\">Cechy produktu:<\/h3>\n<p class=\"whitespace-normal break-words\"><strong>Pojemno\u015b\u0107 poci\u0105gu:<\/strong> Do 28 000 poci\u0105g\u00f3w<br \/>\n<strong>Zawarto\u015b\u0107 nikotyny:<\/strong> 2%<br \/>\n<strong>Pojemno\u015b\u0107 zbiornika:<\/strong> 30 ml<br \/>\n<strong>Pojemno\u015b\u0107 akumulatora:<\/strong> Akumulator 950 mAh<br \/>\n<strong>G\u0142owica waporyzatora:<\/strong> Podw\u00f3jna cewka siatkowa<br \/>\n<strong>Wy\u015bwietlacz:<\/strong> Wy\u015bwietlacz cyfrowy<\/p>\n<h3 class=\"text-xl font-bold text-text-100 mt-1 -mb-0.5\">Odkryj wi\u0119cej JNR VAPE na vozolpuff<\/h3>\n<p class=\"whitespace-normal break-words\">Na <strong><a class=\"underline\" href=\"https:\/\/vozolpuff.de\/pl\/\">vozolpuff.de<\/a><\/strong> czeka na Pa\u0144stwa szeroki wyb\u00f3r najwy\u017cszej klasy technologii parowej. Zapraszamy do zapoznania si\u0119 z nasz\u0105 ofert\u0105. <strong><a class=\"underline\" href=\"https:\/\/vozolpuff.de\/pl\/product-category\/jnr-vape\/\">Kategoria JNR VAPE<\/a><\/strong> dla innych produkt\u00f3w premium. Wszystkie warianty smakowe mo\u017cna znale\u017a\u0107 w <strong><a class=\"underline\" href=\"https:\/\/vozolpuff.de\/pl\/product-category\/jnr-vape\/jnr-falcon-pro-28000\/\">Kolekcja Falcon Pro 28000<\/a><\/strong>.<\/p>","protected":false},"excerpt":{"rendered":"<p class=\"whitespace-normal break-words\">JNR Falcon Pro 28000 Cherry Berry \u0142\u0105czy w sobie soczyste wi\u015bnie z owocow\u0105 mieszank\u0105 jag\u00f3d. Do 28 000 zaci\u0105gni\u0119\u0107, 30 ml e-liquidu i technologia Dual Mesh Coil zapewniaj\u0105 intensywn\u0105 r\u00f3\u017cnorodno\u015b\u0107 jag\u00f3d. Z akumulatorem 950 mAh, inteligentnym wy\u015bwietlaczem i nikotyn\u0105 2% \u2013 zr\u00f3wnowa\u017cona mieszanka jag\u00f3d zapewniaj\u0105ca sta\u0142\u0105 przyjemno\u015b\u0107 owocow\u0105.<\/p>","protected":false},"featured_media":7111,"comment_status":"open","ping_status":"closed","template":"","meta":{"_acf_changed":false},"product_brand":[],"product_cat":[83],"product_tag":[],"class_list":{"0":"post-7108","1":"product","2":"type-product","3":"status-publish","4":"has-post-thumbnail","6":"product_cat-jnr-falcon-pro-28000","8":"first","9":"instock","10":"shipping-taxable","11":"purchasable","12":"product-type-variable"},"acf":[],"_links":{"self":[{"href":"https:\/\/vozolpuff.de\/pl\/wp-json\/wp\/v2\/product\/7108","targetHints":{"allow":["GET"]}}],"collection":[{"href":"https:\/\/vozolpuff.de\/pl\/wp-json\/wp\/v2\/product"}],"about":[{"href":"https:\/\/vozolpuff.de\/pl\/wp-json\/wp\/v2\/types\/product"}],"replies":[{"embeddable":true,"href":"https:\/\/vozolpuff.de\/pl\/wp-json\/wp\/v2\/comments?post=7108"}],"wp:featuredmedia":[{"embeddable":true,"href":"https:\/\/vozolpuff.de\/pl\/wp-json\/wp\/v2\/media\/7111"}],"wp:attachment":[{"href":"https:\/\/vozolpuff.de\/pl\/wp-json\/wp\/v2\/media?parent=7108"}],"wp:term":[{"taxonomy":"product_brand","embeddable":true,"href":"https:\/\/vozolpuff.de\/pl\/wp-json\/wp\/v2\/product_brand?post=7108"},{"taxonomy":"product_cat","embeddable":true,"href":"https:\/\/vozolpuff.de\/pl\/wp-json\/wp\/v2\/product_cat?post=7108"},{"taxonomy":"product_tag","embeddable":true,"href":"https:\/\/vozolpuff.de\/pl\/wp-json\/wp\/v2\/product_tag?post=7108"}],"curies":[{"name":"wp","href":"https:\/\/api.w.org\/{rel}","templated":true}]}}