{"id":718,"date":"2025-08-23T18:00:10","date_gmt":"2025-08-23T16:00:10","guid":{"rendered":"https:\/\/vozolpuff.de\/?post_type=product&#038;p=718"},"modified":"2026-04-15T17:33:21","modified_gmt":"2026-04-15T15:33:21","slug":"vozol-vista-20000-peach-mango-watermelon","status":"publish","type":"product","link":"https:\/\/vozolpuff.de\/pl\/produkt\/vozol-vista-20000-peach-mango-watermelon\/","title":{"rendered":"Vozol Vista 20000 Brzoskwinia Mango Arbuz"},"content":{"rendered":"<h2 class=\"text-xl font-bold text-text-100 mt-1 -mb-0.5\">Vozol Vista 20000 Brzoskwinia Mango Arbuz Vape jednorazowego u\u017cytku<\/h2>\n<p class=\"whitespace-normal break-words\">Zanurz si\u0119 w tropikalnym smaku dzi\u0119ki Vozol VISTA 20000 Peach Mango Watermelon. Ten wyj\u0105tkowy jednorazowy e-papieros \u0142\u0105czy w sobie soczyste brzoskwinie, kremowe mango i orze\u017awiaj\u0105cego arbuza, tworz\u0105c harmonijn\u0105 potr\u00f3jn\u0105 owocow\u0105 symfoni\u0119 do 20 000 pysznych zaci\u0105gni\u0119\u0107.<\/p>\n<h3 class=\"text-lg font-bold text-text-100 mt-1 -mb-1.5\">Specyfikacja wariantu Peach Mango Watermelon:<\/h3>\n<p class=\"whitespace-normal break-words\"><strong>Wszechstronna kontrola wydajno\u015bci:<\/strong> Sze\u015b\u0107 precyzyjnie dostrojonych poziom\u00f3w mocy pozwala optymalnie rozwin\u0105\u0107 z\u0142o\u017cone smaki owoc\u00f3w. Ka\u017cde ustawienie podkre\u015bla inne niuanse smakowe.<\/p>\n<p class=\"whitespace-normal break-words\"><strong>Innowacyjne cewki z podw\u00f3jn\u0105 siatk\u0105:<\/strong> Zaawansowana technologia cewek zapewnia idealn\u0105 r\u00f3wnowag\u0119 smakow\u0105 pomi\u0119dzy brzoskwini\u0105, mango i arbuzem w ka\u017cdej chmurze pary.<\/p>\n<p class=\"whitespace-normal break-words\"><strong>Interaktywny kolorowy wy\u015bwietlacz:<\/strong> \u017bywy wy\u015bwietlacz zapewnia pe\u0142ny przegl\u0105d wszystkich funkcji i sprawia, \u017ce obs\u0142uga jest przyjemno\u015bci\u0105.<\/p>\n<p class=\"whitespace-normal break-words\"><strong>Elegancka przezroczysta konstrukcja:<\/strong> Przezroczysta obudowa nadaje urz\u0105dzeniu nowoczesny wygl\u0105d i pokazuje poziom cieczy.<\/p>\n<p class=\"whitespace-normal break-words\"><strong>Imponuj\u0105ca liczba poci\u0105g\u00f3w:<\/strong> Dzi\u0119ki 20 000 zaci\u0105gni\u0119\u0107 ta owocowa kombinacja zapewnia tygodnie nieprzerwanej przyjemno\u015bci.<\/p>\n<p class=\"whitespace-normal break-words\"><strong>Zoptymalizowane st\u0119\u017cenie nikotyny:<\/strong> Nikotyna 5% zapewnia satysfakcjonuj\u0105cy efekt z delikatnym uderzeniem w gard\u0142o.<\/p>\n<p class=\"whitespace-normal break-words\"><strong>Wysoce wydajna bateria:<\/strong> Bateria 650 mAh z szybk\u0105 \u0142adowark\u0105 typu C zapewnia minimalny czas \u0142adowania.<\/p>\n<p class=\"whitespace-normal break-words\"><strong>Maksymalna pojemno\u015b\u0107 zbiornika:<\/strong> 24 ml najwy\u017cszej klasy owocowego e-liquidu gwarantuje d\u0142ugotrwa\u0142y smak.<\/p>\n<h3 class=\"text-lg font-bold text-text-100 mt-1 -mb-1.5\">Odkryj wi\u0119cej VOZOL VAPE na vozolpuff<\/h3>\n<p class=\"whitespace-normal break-words\">Odkryj wi\u0119cej produkt\u00f3w premium do waporyzacji w naszym sklepie <strong><a class=\"underline\" href=\"https:\/\/vozolpuff.de\/pl\/\">Vozol Puff sklep internetowy<\/a><\/strong>Przejrzyj nasz\u0105 pe\u0142n\u0105 ofert\u0119 <strong><a class=\"underline\" href=\"https:\/\/vozolpuff.de\/pl\/product-category\/vozol-vape\/\">Kolekcja VOZOL VAPE<\/a><\/strong> lub zapozna\u0107 si\u0119 ze wszystkimi dost\u0119pnymi <strong><a class=\"underline\" href=\"https:\/\/vozolpuff.de\/pl\/product-category\/vozol-vape\/vozol-vista-20000\/\">Vozol Vista 20000 smak\u00f3w<\/a><\/strong>.<\/p>","protected":false},"excerpt":{"rendered":"<p>Jednorazowy waporyzator Vozol Vista 20000 Peach Mango Watermelon \u0142\u0105czy w sobie soczyste brzoskwinie, kremowe mango i orze\u017awiaj\u0105cego arbuza, tworz\u0105c harmonijn\u0105 symfoni\u0119 trzech owoc\u00f3w. Ten wyj\u0105tkowy jednorazowy e-papieros oferuje 20 000 zaci\u0105gni\u0119\u0107, bateri\u0119 650 mAh i nikotyn\u0119 5%. Sze\u015b\u0107 poziom\u00f3w mocy z technologi\u0105 podw\u00f3jnej siatki dla optymalnego rozwoju z\u0142o\u017conych smak\u00f3w owocowych.<\/p>","protected":false},"featured_media":720,"comment_status":"open","ping_status":"closed","template":"","meta":{"_acf_changed":false},"product_brand":[],"product_cat":[30],"product_tag":[],"class_list":{"0":"post-718","1":"product","2":"type-product","3":"status-publish","4":"has-post-thumbnail","6":"product_cat-vozol-vista-20000","8":"first","9":"instock","10":"shipping-taxable","11":"purchasable","12":"product-type-variable"},"acf":[],"_links":{"self":[{"href":"https:\/\/vozolpuff.de\/pl\/wp-json\/wp\/v2\/product\/718","targetHints":{"allow":["GET"]}}],"collection":[{"href":"https:\/\/vozolpuff.de\/pl\/wp-json\/wp\/v2\/product"}],"about":[{"href":"https:\/\/vozolpuff.de\/pl\/wp-json\/wp\/v2\/types\/product"}],"replies":[{"embeddable":true,"href":"https:\/\/vozolpuff.de\/pl\/wp-json\/wp\/v2\/comments?post=718"}],"wp:featuredmedia":[{"embeddable":true,"href":"https:\/\/vozolpuff.de\/pl\/wp-json\/wp\/v2\/media\/720"}],"wp:attachment":[{"href":"https:\/\/vozolpuff.de\/pl\/wp-json\/wp\/v2\/media?parent=718"}],"wp:term":[{"taxonomy":"product_brand","embeddable":true,"href":"https:\/\/vozolpuff.de\/pl\/wp-json\/wp\/v2\/product_brand?post=718"},{"taxonomy":"product_cat","embeddable":true,"href":"https:\/\/vozolpuff.de\/pl\/wp-json\/wp\/v2\/product_cat?post=718"},{"taxonomy":"product_tag","embeddable":true,"href":"https:\/\/vozolpuff.de\/pl\/wp-json\/wp\/v2\/product_tag?post=718"}],"curies":[{"name":"wp","href":"https:\/\/api.w.org\/{rel}","templated":true}]}}