{"id":7335,"date":"2025-10-27T11:06:23","date_gmt":"2025-10-27T10:06:23","guid":{"rendered":"https:\/\/vozolpuff.de\/?post_type=product&#038;p=7335"},"modified":"2025-10-27T11:06:23","modified_gmt":"2025-10-27T10:06:23","slug":"jnr-alien-10000-blue-razz-cherry","status":"publish","type":"product","link":"https:\/\/vozolpuff.de\/pl\/produkt\/jnr-alien-10000-blue-razz-cherry\/","title":{"rendered":"JNR Alien 10000 Blue Razz Cherry"},"content":{"rendered":"<h2 class=\"text-xl font-bold text-text-100 mt-1 -mb-0.5\">JNR Alien 10000 Blue Razz Cherry jednorazowy Vape<\/h2>\n<p class=\"whitespace-normal break-words\">JNR Alien 10000 Blue Razz Cherry \u0142\u0105czy w sobie s\u0142odk\u0105 intensywno\u015b\u0107 dojrza\u0142ych wi\u015bni z pikantn\u0105 nut\u0105 niebieskich malin, tworz\u0105c nieodparte doznania smakowe. Dzi\u0119ki imponuj\u0105cej wydajno\u015bci oko\u0142o 10 000 zaci\u0105gni\u0119\u0107 i zaawansowanej cewce 1,2\u03a9, ten jednorazowy e-papieros zapewnia niezmiennie pe\u0142n\u0105 par\u0119. Wytrzyma\u0142a bateria 850 mAh i du\u017ca pojemno\u015b\u0107 20 ml p\u0142ynu sprawiaj\u0105, \u017ce jest to idealny towarzysz na kilka tygodni. Dzi\u0119ki technologii \u0142adowania typu C bateria jest gotowa do ponownego u\u017cycia w mgnieniu oka.<\/p>\n<h3 class=\"text-lg font-bold text-text-100 mt-1 -mb-1.5\">Cechy i w\u0142a\u015bciwo\u015bci Blue Razz Cherry:<\/h3>\n<p class=\"whitespace-normal break-words\"><strong>Si\u0142a nikotyny:<\/strong> Nikotyna 2% zapewnia satysfakcjonuj\u0105ce i aromatyczne doznania podczas waporyzacji.<\/p>\n<p class=\"whitespace-normal break-words\"><strong>Pojemno\u015b\u0107 dmuchawy:<\/strong> Ciesz si\u0119 nawet 10 000 aromatyzowanych puff\u00f3w bez konieczno\u015bci ci\u0105g\u0142ej wymiany urz\u0105dzenia.<\/p>\n<p class=\"whitespace-normal break-words\"><strong>Obj\u0119to\u015b\u0107 e-liquidu:<\/strong> 20 ml najwy\u017cszej jako\u015bci e-liquidu o autentycznym smaku Blue Razz Cherry.<\/p>\n<p class=\"whitespace-normal break-words\"><strong>O\u015bwietlenie RGB:<\/strong> Dynamiczne, wielokolorowe o\u015bwietlenie LED nadaje stylowe akcenty.<\/p>\n<p class=\"whitespace-normal break-words\"><strong>Akumulator:<\/strong> Bateria 850 mAh z portem szybkiego \u0142adowania typu C dla maksymalnej dost\u0119pno\u015bci.<\/p>\n<p class=\"whitespace-normal break-words\"><strong>Siatkowy system cewek:<\/strong> Siatkowa cewka 1,2\u03a9 zapewnia intensywny rozw\u00f3j smaku i du\u017ce chmury pary.<\/p>\n<p class=\"whitespace-normal break-words\"><strong>Praktyczna konstrukcja:<\/strong> Smuk\u0142y, por\u0119czny format z p\u0119telk\u0105 do wygodnego transportu.<\/p>\n<p class=\"whitespace-normal break-words\"><strong>Owocowa mieszanka:<\/strong> Idealna r\u00f3wnowaga mi\u0119dzy s\u0142odkimi wi\u015bniami i cierpkimi niebieskimi malinami.<\/p>\n<h3 class=\"text-lg font-bold text-text-100 mt-1 -mb-1.5\">Szczeg\u00f3\u0142y techniczne:<\/h3>\n<p class=\"whitespace-normal break-words\">Ruchy: 10 000 ruch\u00f3w<br \/>\nIlo\u015b\u0107 p\u0142ynu: 20 ml<br \/>\nNikotyna: 2%<br \/>\nAkumulator: 1100 mAh<br \/>\nCewka: cewka siatkowa 1,2 \u03a9<br \/>\n\u0141adowanie: Typ-C<\/p>\n<h3 class=\"text-lg font-bold text-text-100 mt-1 -mb-1.5\">Odkryj wi\u0119cej JNR VAPE na vozolpuff<\/h3>\n<p class=\"whitespace-normal break-words\">Odwied\u017a nasz\u0105 stron\u0119 <strong><a class=\"underline\" href=\"https:\/\/vozolpuff.de\/pl\/\">Strona g\u0142\u00f3wna<\/a><\/strong> wi\u0119cej e-papieros\u00f3w premium i odkryj pe\u0142n\u0105 gam\u0119 <strong><a class=\"underline\" href=\"https:\/\/vozolpuff.de\/pl\/product-category\/jnr-vape\/\">Kategoria JNR VAPE<\/a><\/strong> z najwy\u017cszej klasy produktami vape. Wszystkie 14 smak\u00f3w mo\u017cna znale\u017a\u0107 w <strong><a class=\"underline\" href=\"https:\/\/vozolpuff.de\/pl\/product-category\/jnr-vape\/jnr-alien-10000\/\">Kolekcja JNR Alien 10000<\/a><\/strong>.<\/p>","protected":false},"excerpt":{"rendered":"<p class=\"whitespace-normal break-words\">JNR Alien 10000 Blue Razz Cherry \u0142\u0105czy s\u0142odkie wi\u015bnie z pikantnymi niebieskimi malinami. Dzi\u0119ki 10 000 zaci\u0105gni\u0119\u0107, 20 ml e-liquidu i cewce siatkowej 1,2\u03a9 zapewnia intensywny smak. Akumulator 850 mAh mo\u017cna \u0142adowa\u0107 przez Type-C, a o\u015bwietlenie RGB zapewnia stylowe akcenty. Idealny w podr\u00f3\u017cy!<\/p>","protected":false},"featured_media":7337,"comment_status":"open","ping_status":"closed","template":"","meta":{"_acf_changed":false},"product_brand":[],"product_cat":[87],"product_tag":[],"class_list":{"0":"post-7335","1":"product","2":"type-product","3":"status-publish","4":"has-post-thumbnail","6":"product_cat-jnr-alien-10000","8":"first","9":"instock","10":"shipping-taxable","11":"purchasable","12":"product-type-variable"},"acf":[],"_links":{"self":[{"href":"https:\/\/vozolpuff.de\/pl\/wp-json\/wp\/v2\/product\/7335","targetHints":{"allow":["GET"]}}],"collection":[{"href":"https:\/\/vozolpuff.de\/pl\/wp-json\/wp\/v2\/product"}],"about":[{"href":"https:\/\/vozolpuff.de\/pl\/wp-json\/wp\/v2\/types\/product"}],"replies":[{"embeddable":true,"href":"https:\/\/vozolpuff.de\/pl\/wp-json\/wp\/v2\/comments?post=7335"}],"wp:featuredmedia":[{"embeddable":true,"href":"https:\/\/vozolpuff.de\/pl\/wp-json\/wp\/v2\/media\/7337"}],"wp:attachment":[{"href":"https:\/\/vozolpuff.de\/pl\/wp-json\/wp\/v2\/media?parent=7335"}],"wp:term":[{"taxonomy":"product_brand","embeddable":true,"href":"https:\/\/vozolpuff.de\/pl\/wp-json\/wp\/v2\/product_brand?post=7335"},{"taxonomy":"product_cat","embeddable":true,"href":"https:\/\/vozolpuff.de\/pl\/wp-json\/wp\/v2\/product_cat?post=7335"},{"taxonomy":"product_tag","embeddable":true,"href":"https:\/\/vozolpuff.de\/pl\/wp-json\/wp\/v2\/product_tag?post=7335"}],"curies":[{"name":"wp","href":"https:\/\/api.w.org\/{rel}","templated":true}]}}