{"id":7343,"date":"2025-10-27T11:10:38","date_gmt":"2025-10-27T10:10:38","guid":{"rendered":"https:\/\/vozolpuff.de\/?post_type=product&#038;p=7343"},"modified":"2025-10-27T11:10:38","modified_gmt":"2025-10-27T10:10:38","slug":"jnr-alien-10000-blueberry-bubble-gum","status":"publish","type":"product","link":"https:\/\/vozolpuff.de\/pl\/produkt\/jnr-alien-10000-blueberry-bubble-gum\/","title":{"rendered":"JNR Alien 10000 Blueberry Bubble Gum"},"content":{"rendered":"<h2 class=\"text-xl font-bold text-text-100 mt-1 -mb-0.5\">JNR Alien 10000 Blueberry Bubble Gum Jednorazowy vape<\/h2>\n<p class=\"whitespace-normal break-words\">JNR Alien 10000 Blueberry Bubble Gum przeniesie Ci\u0119 w nostalgiczne wspomnienia z dzieci\u0144stwa dzi\u0119ki idealnemu po\u0142\u0105czeniu soczystych jag\u00f3d i s\u0142odkiego aromatu gumy balonowej. Ten innowacyjny jednorazowy e-papieros przekonuje oko\u0142o 10 000 intensywnych zaci\u0105gni\u0119\u0107, kt\u00f3re s\u0105 mo\u017cliwe dzi\u0119ki precyzyjnie dzia\u0142aj\u0105cej cewce 1,2 \u03a9. Mocny akumulator 850 mAh i pojemny zbiornik na p\u0142yn o pojemno\u015bci 20 ml gwarantuj\u0105 d\u0142ugotrwa\u0142\u0105 przyjemno\u015b\u0107 z wapowania. Dzi\u0119ki nowoczesnemu z\u0142\u0105czu \u0142adowania typu C po kr\u00f3tkim czasie \u0142adowania jeste\u015b ponownie gotowy do relaksuj\u0105cych sesji wapowania.<\/p>\n<h3 class=\"text-lg font-bold text-text-100 mt-1 -mb-1.5\">Blueberry Bubble Gum \u2013 cechy szczeg\u00f3lne i w\u0142a\u015bciwo\u015bci:<\/h3>\n<p class=\"whitespace-normal break-words\"><strong>Poziom nikotyny:<\/strong> 2% Nikotyna zapewnia harmonijne i przyjemne doznania podczas wapowania.<\/p>\n<p class=\"whitespace-normal break-words\"><strong>Liczba poci\u0105g\u00f3w:<\/strong> Imponuj\u0105ce 10 000 poci\u0105gni\u0119\u0107 zapewniaj\u0105cych wielotygodniowe u\u017cytkowanie bez konieczno\u015bci wymiany.<\/p>\n<p class=\"whitespace-normal break-words\"><strong>Zawarto\u015b\u0107 cieczy:<\/strong> 20 ml wysokiej jako\u015bci e-liquidu o autentycznym smaku jagodowej gumy balonowej.<\/p>\n<p class=\"whitespace-normal break-words\"><strong>Pokaz \u015bwiate\u0142 RGB:<\/strong> \u017bywe, zmieniaj\u0105ce kolory o\u015bwietlenie LED nadaje nowoczesny wygl\u0105d.<\/p>\n<p class=\"whitespace-normal break-words\"><strong>System akumulator\u00f3w:<\/strong> Wysokowydajny akumulator 850 mAh z technologi\u0105 szybkiego \u0142adowania typu C zapewniaj\u0105c\u0105 minimalny czas przestoju.<\/p>\n<p class=\"whitespace-normal break-words\"><strong>Technologia siatki:<\/strong> Cewka siatkowa 1,2 \u03a9 zapewniaj\u0105ca maksymalny wydobycie aromatu i g\u0119st\u0105 par\u0119.<\/p>\n<p class=\"whitespace-normal break-words\"><strong>Kompaktowy i stylowy:<\/strong> Ergonomiczna konstrukcja z wbudowanym uchwytem u\u0142atwiaj\u0105cym przenoszenie.<\/p>\n<p class=\"whitespace-normal break-words\"><strong>S\u0142odki klasyk:<\/strong> Nostalgiczna nuta gumy do \u017cucia \u0142\u0105czy si\u0119 ze \u015bwie\u017cym aromatem jag\u00f3d.<\/p>\n<h3 class=\"text-lg font-bold text-text-100 mt-1 -mb-1.5\">Specyfikacje:<\/h3>\n<p class=\"whitespace-normal break-words\">Pojemno\u015b\u0107: 10 000 poci\u0105g\u00f3w<br \/>\nPojemno\u015b\u0107: 20 ml<br \/>\nNikotyna: 2%<br \/>\nAkumulator: 1100 mAh<br \/>\nRezystancja: 1,2 \u03a9 cewka siatkowa<br \/>\n\u0141adowanie: Typ C<\/p>\n<h3 class=\"text-lg font-bold text-text-100 mt-1 -mb-1.5\">Odkryj wi\u0119cej JNR VAPE na vozolpuff<\/h3>\n<p class=\"whitespace-normal break-words\">Odkryj wi\u0119cej produkt\u00f3w premium na naszej stronie <strong><a class=\"underline\" href=\"https:\/\/vozolpuff.de\/pl\/\">Strona g\u0142\u00f3wna<\/a><\/strong> i zanurzy\u0107 si\u0119 w <strong><a class=\"underline\" href=\"https:\/\/vozolpuff.de\/pl\/product-category\/jnr-vape\/\">\u015awiat marek JNR VAPE<\/a><\/strong> z innowacyjnymi rozwi\u0105zaniami parowymi. Odkryj wszystkie warianty w <strong><a class=\"underline\" href=\"https:\/\/vozolpuff.de\/pl\/product-category\/jnr-vape\/jnr-alien-10000\/\">Seria JNR Alien 10000<\/a><\/strong> w 14 kusz\u0105cych smakach.<\/p>","protected":false},"excerpt":{"rendered":"<p class=\"whitespace-normal break-words\">JNR Alien 10000 Blueberry Bubble Gum \u0142\u0105czy soczyste jagody z aromatem s\u0142odkiej gumy balonowej, zapewniaj\u0105c nostalgiczn\u0105 przyjemno\u015b\u0107. Dzi\u0119ki 10 000 zaci\u0105gni\u0119\u0107, 20 ml e-liquidu i cewce siatkowej 1,2 \u03a9 zapewnia intensywny smak. Akumulator 850 mAh jest \u0142adowalny przez z\u0142\u0105cze typu C, a diody LED RGB dodaj\u0105 kolorowych akcent\u00f3w. S\u0142odki i owocowy!<\/p>","protected":false},"featured_media":7345,"comment_status":"open","ping_status":"closed","template":"","meta":{"_acf_changed":false},"product_brand":[],"product_cat":[87],"product_tag":[],"class_list":{"0":"post-7343","1":"product","2":"type-product","3":"status-publish","4":"has-post-thumbnail","6":"product_cat-jnr-alien-10000","8":"first","9":"instock","10":"shipping-taxable","11":"purchasable","12":"product-type-variable"},"acf":[],"_links":{"self":[{"href":"https:\/\/vozolpuff.de\/pl\/wp-json\/wp\/v2\/product\/7343","targetHints":{"allow":["GET"]}}],"collection":[{"href":"https:\/\/vozolpuff.de\/pl\/wp-json\/wp\/v2\/product"}],"about":[{"href":"https:\/\/vozolpuff.de\/pl\/wp-json\/wp\/v2\/types\/product"}],"replies":[{"embeddable":true,"href":"https:\/\/vozolpuff.de\/pl\/wp-json\/wp\/v2\/comments?post=7343"}],"wp:featuredmedia":[{"embeddable":true,"href":"https:\/\/vozolpuff.de\/pl\/wp-json\/wp\/v2\/media\/7345"}],"wp:attachment":[{"href":"https:\/\/vozolpuff.de\/pl\/wp-json\/wp\/v2\/media?parent=7343"}],"wp:term":[{"taxonomy":"product_brand","embeddable":true,"href":"https:\/\/vozolpuff.de\/pl\/wp-json\/wp\/v2\/product_brand?post=7343"},{"taxonomy":"product_cat","embeddable":true,"href":"https:\/\/vozolpuff.de\/pl\/wp-json\/wp\/v2\/product_cat?post=7343"},{"taxonomy":"product_tag","embeddable":true,"href":"https:\/\/vozolpuff.de\/pl\/wp-json\/wp\/v2\/product_tag?post=7343"}],"curies":[{"name":"wp","href":"https:\/\/api.w.org\/{rel}","templated":true}]}}