{"id":7347,"date":"2025-10-27T11:12:44","date_gmt":"2025-10-27T10:12:44","guid":{"rendered":"https:\/\/vozolpuff.de\/?post_type=product&#038;p=7347"},"modified":"2025-10-27T11:12:44","modified_gmt":"2025-10-27T10:12:44","slug":"jnr-alien-10000-blueberry-cherry-cranberry","status":"publish","type":"product","link":"https:\/\/vozolpuff.de\/pl\/produkt\/jnr-alien-10000-blueberry-cherry-cranberry\/","title":{"rendered":"JNR Alien 10000 Blueberry Cherry Cranberry"},"content":{"rendered":"<h2 class=\"text-xl font-bold text-text-100 mt-1 -mb-0.5\">JNR Alien 10000 Blueberry Cherry Cranberry Jednorazowy vape<\/h2>\n<p class=\"whitespace-normal break-words\">Odkryj JNR Alien 10000 Blueberry Cherry Cranberry \u2013 wyj\u0105tkow\u0105 kompozycj\u0119 trzech jag\u00f3d, kt\u00f3ra harmonijnie \u0142\u0105czy s\u0142odkie bor\u00f3wki, soczyste wi\u015bnie i cierpkie, owocowe \u017curawiny. Ten jednorazowy vape klasy premium zapewnia do 10 000 intensywnych zaci\u0105gni\u0119\u0107 dzi\u0119ki innowacyjnej technologii cewki siatkowej 1,2 \u03a9. Wytrzyma\u0142a bateria 850 mAh w po\u0142\u0105czeniu z 20 ml najwy\u017cszej jako\u015bci e-liquidu sprawia, \u017ce urz\u0105dzenie to jest idealnym towarzyszem na d\u0142ugi czas. Praktyczne z\u0142\u0105cze typu C umo\u017cliwia b\u0142yskawiczne \u0142adowanie, zapewniaj\u0105c nieprzerwan\u0105 przyjemno\u015b\u0107 z vapowania.<\/p>\n<h3 class=\"text-lg font-bold text-text-100 mt-1 -mb-1.5\">Blueberry Cherry Cranberry W\u0142a\u015bciwo\u015bci produktu:<\/h3>\n<p class=\"whitespace-normal break-words\"><strong>Dawka nikotyny:<\/strong> Nikotyna 2% zapewnia zr\u00f3wnowa\u017con\u0105 moc, zapewniaj\u0105c\u0105 przyjemne doznania podczas wapowania.<\/p>\n<p class=\"whitespace-normal break-words\"><strong>Maksymalny okres u\u017cytkowania:<\/strong> Do 10 000 zaci\u0105gni\u0119\u0107 zapewnia d\u0142ugotrwa\u0142\u0105 przyjemno\u015b\u0107 bez konieczno\u015bci cz\u0119stego kupowania nowych produkt\u00f3w.<\/p>\n<p class=\"whitespace-normal break-words\"><strong>Pojemno\u015b\u0107 cieczy:<\/strong> 20 ml wysokiej jako\u015bci e-liquidu o z\u0142o\u017conym smaku jag\u00f3d, wi\u015bni i \u017curawiny.<\/p>\n<p class=\"whitespace-normal break-words\"><strong>Efekty wizualne:<\/strong> Spektakularna technologia RGB LED z dynamicznymi przej\u015bciami kolor\u00f3w.<\/p>\n<p class=\"whitespace-normal break-words\"><strong>Dostawa energii:<\/strong> Wydajny akumulator o pojemno\u015bci 850 mAh z funkcj\u0105 szybkiego \u0142adowania typu C zapewniaj\u0105c\u0105 szybk\u0105 gotowo\u015b\u0107 do pracy.<\/p>\n<p class=\"whitespace-normal break-words\"><strong>System waporyzatora:<\/strong> Cewka siatkowa 1,2 \u03a9 optymalizuje rozk\u0142ad ciep\u0142a, zapewniaj\u0105c idealne uwolnienie aromatu.<\/p>\n<p class=\"whitespace-normal break-words\"><strong>Przeno\u015bno\u015b\u0107:<\/strong> Smuk\u0142a konstrukcja z paskiem do przenoszenia u\u0142atwia transport w dowolne miejsce.<\/p>\n<p class=\"whitespace-normal break-words\"><strong>Trylogia jagodowa:<\/strong> Potr\u00f3jna moc jag\u00f3d \u0142\u0105czy w sobie s\u0142odycz, soczysto\u015b\u0107 i cierpk\u0105 \u015bwie\u017co\u015b\u0107.<\/p>\n<h3 class=\"text-lg font-bold text-text-100 mt-1 -mb-1.5\">Dane techniczne:<\/h3>\n<p class=\"whitespace-normal break-words\">Liczba zaci\u0105gni\u0119\u0107: 10 000 zaci\u0105gni\u0119\u0107<br \/>\nIlo\u015b\u0107 e-liquidu: 20 ml<br \/>\nMoc nikotynowa: 2%<br \/>\nBateria: 1100 mAh<br \/>\nTyp cewki: cewka siatkowa 1,2 \u03a9<br \/>\nInterfejs \u0142adowania: Type-C<\/p>\n<h3 class=\"text-lg font-bold text-text-100 mt-1 -mb-1.5\">Odkryj wi\u0119cej JNR VAPE na vozolpuff<\/h3>\n<p class=\"whitespace-normal break-words\">Odwied\u017a nasz\u0105 stron\u0119 <strong><a class=\"underline\" href=\"https:\/\/vozolpuff.de\/pl\/\">Strona g\u0142\u00f3wna<\/a><\/strong> , aby zapozna\u0107 si\u0119 z pe\u0142n\u0105 ofert\u0105 wysokiej jako\u015bci e-papieros\u00f3w i odkryj <strong><a class=\"underline\" href=\"https:\/\/vozolpuff.de\/pl\/product-category\/jnr-vape\/\">Kolekcja JNR VAPE<\/a><\/strong> z przysz\u0142o\u015bciowymi urz\u0105dzeniami do wapowania. Ca\u0142a <strong><a class=\"underline\" href=\"https:\/\/vozolpuff.de\/pl\/product-category\/jnr-vape\/jnr-alien-10000\/\">JNR Alien 10000 \u015awiat aromat\u00f3w<\/a><\/strong> przedstawia 14 niezwyk\u0142ych wariant\u00f3w smakowych.<\/p>","protected":false},"excerpt":{"rendered":"<p class=\"whitespace-normal break-words\">JNR Alien 10000 Blueberry Cherry Cranberry oferuje wykwintn\u0105 kompozycj\u0119 trzech jag\u00f3d: s\u0142odkich bor\u00f3wek, soczystych wi\u015bni i cierpkich \u017curawin. Dzi\u0119ki 10 000 zaci\u0105gni\u0119\u0107, 20 ml p\u0142ynu premium i cewce siatkowej 1,2 \u03a9 mo\u017cesz cieszy\u0107 si\u0119 intensywnym smakiem. W zestawie znajduje si\u0119 akumulator 850 mAh z \u0142adowaniem typu C i pod\u015bwietleniem RGB.<\/p>","protected":false},"featured_media":7349,"comment_status":"open","ping_status":"closed","template":"","meta":{"_acf_changed":false},"product_brand":[],"product_cat":[87],"product_tag":[],"class_list":{"0":"post-7347","1":"product","2":"type-product","3":"status-publish","4":"has-post-thumbnail","6":"product_cat-jnr-alien-10000","8":"first","9":"instock","10":"shipping-taxable","11":"purchasable","12":"product-type-variable"},"acf":[],"_links":{"self":[{"href":"https:\/\/vozolpuff.de\/pl\/wp-json\/wp\/v2\/product\/7347","targetHints":{"allow":["GET"]}}],"collection":[{"href":"https:\/\/vozolpuff.de\/pl\/wp-json\/wp\/v2\/product"}],"about":[{"href":"https:\/\/vozolpuff.de\/pl\/wp-json\/wp\/v2\/types\/product"}],"replies":[{"embeddable":true,"href":"https:\/\/vozolpuff.de\/pl\/wp-json\/wp\/v2\/comments?post=7347"}],"wp:featuredmedia":[{"embeddable":true,"href":"https:\/\/vozolpuff.de\/pl\/wp-json\/wp\/v2\/media\/7349"}],"wp:attachment":[{"href":"https:\/\/vozolpuff.de\/pl\/wp-json\/wp\/v2\/media?parent=7347"}],"wp:term":[{"taxonomy":"product_brand","embeddable":true,"href":"https:\/\/vozolpuff.de\/pl\/wp-json\/wp\/v2\/product_brand?post=7347"},{"taxonomy":"product_cat","embeddable":true,"href":"https:\/\/vozolpuff.de\/pl\/wp-json\/wp\/v2\/product_cat?post=7347"},{"taxonomy":"product_tag","embeddable":true,"href":"https:\/\/vozolpuff.de\/pl\/wp-json\/wp\/v2\/product_tag?post=7347"}],"curies":[{"name":"wp","href":"https:\/\/api.w.org\/{rel}","templated":true}]}}