{"id":735,"date":"2025-08-23T18:07:13","date_gmt":"2025-08-23T16:07:13","guid":{"rendered":"https:\/\/vozolpuff.de\/?post_type=product&#038;p=735"},"modified":"2026-04-15T17:33:04","modified_gmt":"2026-04-15T15:33:04","slug":"vozol-vista-20000-dragon-fruit-banana-cherry","status":"publish","type":"product","link":"https:\/\/vozolpuff.de\/pl\/produkt\/vozol-vista-20000-dragon-fruit-banana-cherry\/","title":{"rendered":"Vozol Vista 20000 Dragon Fruit Banana Cherry"},"content":{"rendered":"<h2 class=\"text-xl font-bold text-text-100 mt-1 -mb-0.5\">Vozol Vista 20000 Dragon Fruit Banana Cherry Vape jednorazowego u\u017cytku<\/h2>\n<p class=\"whitespace-normal break-words\">Wyrusz w egzotyczn\u0105 podr\u00f3\u017c smakow\u0105 z Vozol VISTA 20000 Dragon Fruit Banana Cherry. Ten wyj\u0105tkowy jednorazowy e-papieros \u0142\u0105czy w sobie mistyczn\u0105 s\u0142odycz smoczego owocu, kremow\u0105 \u0142agodno\u015b\u0107 banana i \u017cyw\u0105 \u015bwie\u017co\u015b\u0107 wi\u015bni, tworz\u0105c niezwyk\u0142e trio z nawet 20 000 odwa\u017cnych zaci\u0105gni\u0119\u0107.<\/p>\n<h3 class=\"text-lg font-bold text-text-100 mt-1 -mb-1.5\">Cechy szczeg\u00f3lne wersji Dragon Fruit Banana Cherry:<\/h3>\n<p class=\"whitespace-normal break-words\"><strong>Precyzyjna modulacja mocy:<\/strong> Sze\u015b\u0107 indywidualnie wybieranych poziom\u00f3w mocy pozwala na optymalne rozwini\u0119cie tej z\u0142o\u017conej, tr\u00f3jowocowej harmonii.<\/p>\n<p class=\"whitespace-normal break-words\"><strong>Awangardowy system cewek siatkowych:<\/strong> Zaawansowana technologia podw\u00f3jnej cewki zapewnia doskona\u0142e po\u0142\u0105czenie egzotycznych i klasycznych smak\u00f3w owocowych.<\/p>\n<p class=\"whitespace-normal break-words\"><strong>Dynamiczny kolorowy wy\u015bwietlacz:<\/strong> Responsywny interfejs zapewnia kompleksowe informacje o wszystkich funkcjach urz\u0105dzenia i znacznie upraszcza korzystanie z niego.<\/p>\n<p class=\"whitespace-normal break-words\"><strong>Nowoczesny wygl\u0105d szk\u0142a kryszta\u0142owego:<\/strong> Ca\u0142kowicie przezroczysta konstrukcja zapewnia wgl\u0105d w wysokiej jako\u015bci technologi\u0119 i pokazuje stojak na e-liquid.<\/p>\n<p class=\"whitespace-normal break-words\"><strong>Rekordowa liczba poci\u0105g\u00f3w:<\/strong> 20 000 zaci\u0105gni\u0119\u0107 obiecuje miesi\u0105ce przyjemno\u015bci z tej niezwyk\u0142ej mieszanki smak\u00f3w.<\/p>\n<p class=\"whitespace-normal break-words\"><strong>Idealna r\u00f3wnowaga nikotyny:<\/strong> Nikotyna 5% zapewnia doskona\u0142\u0105 satysfakcj\u0119 z g\u0142adkim uderzeniem w gard\u0142o.<\/p>\n<p class=\"whitespace-normal break-words\"><strong>Akumulator o du\u017cej pojemno\u015bci:<\/strong> Magazyn energii 650 mAh z technologi\u0105 Type-C do szybkiego \u0142adowania.<\/p>\n<p class=\"whitespace-normal break-words\"><strong>Najwy\u017csza pojemno\u015b\u0107 cieczy:<\/strong> 24 ml wy\u015bmienitego e-liquidu gwarantuje d\u0142ugotrwa\u0142\u0105 r\u00f3\u017cnorodno\u015b\u0107 smak\u00f3w.<\/p>\n<h3 class=\"text-lg font-bold text-text-100 mt-1 -mb-1.5\">Odkryj wi\u0119cej VOZOL VAPE na vozolpuff<\/h3>\n<p class=\"whitespace-normal break-words\">Odkryj wi\u0119cej produkt\u00f3w premium do waporyzacji w naszym sklepie <strong><a class=\"underline\" href=\"https:\/\/vozolpuff.de\/pl\/\">Vozol Puff sklep internetowy<\/a><\/strong>Przejrzyj nasz\u0105 pe\u0142n\u0105 ofert\u0119 <strong><a class=\"underline\" href=\"https:\/\/vozolpuff.de\/pl\/product-category\/vozol-vape\/\">Kolekcja VOZOL VAPE<\/a><\/strong> lub zapozna\u0107 si\u0119 ze wszystkimi dost\u0119pnymi <strong><a class=\"underline\" href=\"https:\/\/vozolpuff.de\/pl\/product-category\/vozol-vape\/vozol-vista-20000\/\">Vozol Vista 20000 smak\u00f3w<\/a><\/strong>.<\/p>","protected":false},"excerpt":{"rendered":"<p>Jednorazowy vape Vozol Vista 20000 Dragon Fruit Banana Cherry \u0142\u0105czy w sobie mistyczn\u0105 s\u0142odycz smoczego owocu, kremowego banana i \u017cywej wi\u015bni, tworz\u0105c niezwyk\u0142e egzotyczne trio. Ten wyj\u0105tkowy jednorazowy e-papieros oferuje 20 000 zaci\u0105gni\u0119\u0107, bateri\u0119 650 mAh i nikotyn\u0119 5%. Sze\u015b\u0107 poziom\u00f3w mocy z systemem podw\u00f3jnej siatki zapewnia idealne po\u0142\u0105czenie egzotycznych i klasycznych smak\u00f3w owocowych.<\/p>","protected":false},"featured_media":737,"comment_status":"open","ping_status":"closed","template":"","meta":{"_acf_changed":false},"product_brand":[],"product_cat":[30],"product_tag":[],"class_list":{"0":"post-735","1":"product","2":"type-product","3":"status-publish","4":"has-post-thumbnail","6":"product_cat-vozol-vista-20000","8":"first","9":"instock","10":"shipping-taxable","11":"purchasable","12":"product-type-variable"},"acf":[],"_links":{"self":[{"href":"https:\/\/vozolpuff.de\/pl\/wp-json\/wp\/v2\/product\/735","targetHints":{"allow":["GET"]}}],"collection":[{"href":"https:\/\/vozolpuff.de\/pl\/wp-json\/wp\/v2\/product"}],"about":[{"href":"https:\/\/vozolpuff.de\/pl\/wp-json\/wp\/v2\/types\/product"}],"replies":[{"embeddable":true,"href":"https:\/\/vozolpuff.de\/pl\/wp-json\/wp\/v2\/comments?post=735"}],"wp:featuredmedia":[{"embeddable":true,"href":"https:\/\/vozolpuff.de\/pl\/wp-json\/wp\/v2\/media\/737"}],"wp:attachment":[{"href":"https:\/\/vozolpuff.de\/pl\/wp-json\/wp\/v2\/media?parent=735"}],"wp:term":[{"taxonomy":"product_brand","embeddable":true,"href":"https:\/\/vozolpuff.de\/pl\/wp-json\/wp\/v2\/product_brand?post=735"},{"taxonomy":"product_cat","embeddable":true,"href":"https:\/\/vozolpuff.de\/pl\/wp-json\/wp\/v2\/product_cat?post=735"},{"taxonomy":"product_tag","embeddable":true,"href":"https:\/\/vozolpuff.de\/pl\/wp-json\/wp\/v2\/product_tag?post=735"}],"curies":[{"name":"wp","href":"https:\/\/api.w.org\/{rel}","templated":true}]}}