{"id":7355,"date":"2025-10-27T11:16:50","date_gmt":"2025-10-27T10:16:50","guid":{"rendered":"https:\/\/vozolpuff.de\/?post_type=product&#038;p=7355"},"modified":"2025-10-27T11:16:51","modified_gmt":"2025-10-27T10:16:51","slug":"jnr-alien-10000-blueberry-sour-raspberry","status":"publish","type":"product","link":"https:\/\/vozolpuff.de\/pl\/produkt\/jnr-alien-10000-blueberry-sour-raspberry\/","title":{"rendered":"JNR Alien 10000 Blueberry Sour Raspberry"},"content":{"rendered":"<h2 class=\"text-xl font-bold text-text-100 mt-1 -mb-0.5\">JNR Alien 10000 Blueberry Sour Raspberry Jednorazowy vape<\/h2>\n<p class=\"whitespace-normal break-words\">Ciesz si\u0119 ekscytuj\u0105cym po\u0142\u0105czeniem s\u0142odkich jag\u00f3d i kwa\u015bnych malin, kt\u00f3re oczaruj\u0105 Twoje kubki smakowe, dzi\u0119ki JNR Alien 10000 Blueberry Sour Raspberry. Ten wysokiej jako\u015bci jednorazowy vape zapewnia oko\u0142o 10 000 aromatycznych zaci\u0105gni\u0119\u0107 dzi\u0119ki precyzyjnie wykonanej cewce 1,2 \u03a9. Wydajny akumulator 850 mAh i pojemny zbiornik na p\u0142yn o pojemno\u015bci 20 ml sprawiaj\u0105, \u017ce jest to idealny wyb\u00f3r dla wymagaj\u0105cych u\u017cytkownik\u00f3w. Technologia \u0142adowania typu C gwarantuje szybkie \u0142adowanie, dzi\u0119ki czemu nie musisz d\u0142ugo czeka\u0107.<\/p>\n<h3 class=\"text-lg font-bold text-text-100 mt-1 -mb-1.5\">Blueberry Sour Raspberry Najwa\u017cniejsze cechy produktu:<\/h3>\n<p class=\"whitespace-normal break-words\"><strong>st\u0119\u017cenie nikotyny:<\/strong> 2% Nikotyna zapewniaj\u0105ca pe\u0142n\u0105 satysfakcj\u0119 z vapowania bez przyt\u0142aczaj\u0105cego dzia\u0142ania.<\/p>\n<p class=\"whitespace-normal break-words\"><strong>Okres u\u017cytkowania:<\/strong> Imponuj\u0105ca liczba 10 000 zaci\u0105gni\u0119\u0107 pozwala cieszy\u0107 si\u0119 produktem przez wiele tygodni bez konieczno\u015bci dokonywania kolejnych zakup\u00f3w.<\/p>\n<p class=\"whitespace-normal break-words\"><strong>Obj\u0119to\u015b\u0107 nape\u0142niania:<\/strong> 20 ml wysokiej jako\u015bci e-liquidu o wyrazistym smaku jag\u00f3d i kwa\u015bnych malin.<\/p>\n<p class=\"whitespace-normal break-words\"><strong>O\u015bwietlenie LED:<\/strong> Dynamiczne diody LED RGB o zmieniaj\u0105cych si\u0119 kolorach zapewniaj\u0105ce nowoczesn\u0105 estetyk\u0119.<\/p>\n<p class=\"whitespace-normal break-words\"><strong>Wyposa\u017cenie baterii:<\/strong> Akumulator o du\u017cej pojemno\u015bci 850 mAh z funkcj\u0105 szybkiego \u0142adowania typu C zapewniaj\u0105c\u0105 kr\u00f3tki czas \u0142adowania.<\/p>\n<p class=\"whitespace-normal break-words\"><strong>Jako\u015b\u0107 cewki:<\/strong> Cewka siatkowa 1,2 \u03a9 zapewnia r\u00f3wnomierne rozprowadzanie ciep\u0142a i maksymalne uwalnianie aromatu.<\/p>\n<p class=\"whitespace-normal break-words\"><strong>Koncepcja projektu:<\/strong> Kompaktowe wymiary i praktyczny pasek do noszenia zapewniaj\u0105 wygod\u0119 u\u017cytkowania w ka\u017cdej sytuacji.<\/p>\n<p class=\"whitespace-normal break-words\"><strong>S\u0142odko-kwa\u015bny kontrast:<\/strong> Harmonia mi\u0119dzy s\u0142odkimi jagodami a kwaskowatymi malinami zapewnia r\u00f3\u017cnorodno\u015b\u0107 smak\u00f3w w ka\u017cdym \u0142yku.<\/p>\n<h3 class=\"text-lg font-bold text-text-100 mt-1 -mb-1.5\">Cechy techniczne:<\/h3>\n<p class=\"whitespace-normal break-words\">Ruchy: 10 000 ruch\u00f3w<br \/>\nP\u0142yn: 20 ml<br \/>\nZawarto\u015b\u0107 nikotyny: 2%<br \/>\nAkumulator: 1100 mAh<br \/>\nG\u0142owica parownika: cewka siatkowa 1,2 \u03a9<br \/>\nPort \u0142adowania: Type-C<\/p>\n<h3 class=\"text-lg font-bold text-text-100 mt-1 -mb-1.5\">Odkryj wi\u0119cej JNR VAPE na vozolpuff<\/h3>\n<p class=\"whitespace-normal break-words\">Zapoznaj si\u0119 z nasz\u0105 ofert\u0105 <strong><a class=\"underline\" href=\"https:\/\/vozolpuff.de\/pl\/\">Strona g\u0142\u00f3wna<\/a><\/strong> przejd\u017a do innych najlepszych e-papieros\u00f3w i odkryj <strong><a class=\"underline\" href=\"https:\/\/vozolpuff.de\/pl\/product-category\/jnr-vape\/\">Wyb\u00f3r JNR VAPE<\/a><\/strong> z prze\u0142omowymi systemami jednorazowego u\u017cytku. Kompletna <strong><a class=\"underline\" href=\"https:\/\/vozolpuff.de\/pl\/product-category\/jnr-vape\/jnr-alien-10000\/\">Linia smakowa JNR Alien 10000<\/a><\/strong> obejmuje 14 ekskluzywnych wariant\u00f3w smakowych.<\/p>","protected":false},"excerpt":{"rendered":"<p class=\"whitespace-normal break-words\">JNR Alien 10000 Blueberry Sour Raspberry \u0142\u0105czy s\u0142odkie jagody z kwaskowatymi malinami, zapewniaj\u0105c ekscytuj\u0105ce doznania smakowe. Dzi\u0119ki 10 000 zaci\u0105gni\u0119\u0107, 20 ml p\u0142ynu premium i cewce siatkowej 1,2 \u03a9 mo\u017cesz cieszy\u0107 si\u0119 intensywn\u0105 par\u0105. Akumulator 850 mAh jest \u0142adowalny przez z\u0142\u0105cze typu C, a diody LED RGB dodaj\u0105 kolorowych akcent\u00f3w. Idealna s\u0142odko-kwa\u015bna mieszanka!<\/p>","protected":false},"featured_media":7357,"comment_status":"open","ping_status":"closed","template":"","meta":{"_acf_changed":false},"product_brand":[],"product_cat":[87],"product_tag":[],"class_list":{"0":"post-7355","1":"product","2":"type-product","3":"status-publish","4":"has-post-thumbnail","6":"product_cat-jnr-alien-10000","8":"first","9":"instock","10":"shipping-taxable","11":"purchasable","12":"product-type-variable"},"acf":[],"_links":{"self":[{"href":"https:\/\/vozolpuff.de\/pl\/wp-json\/wp\/v2\/product\/7355","targetHints":{"allow":["GET"]}}],"collection":[{"href":"https:\/\/vozolpuff.de\/pl\/wp-json\/wp\/v2\/product"}],"about":[{"href":"https:\/\/vozolpuff.de\/pl\/wp-json\/wp\/v2\/types\/product"}],"replies":[{"embeddable":true,"href":"https:\/\/vozolpuff.de\/pl\/wp-json\/wp\/v2\/comments?post=7355"}],"wp:featuredmedia":[{"embeddable":true,"href":"https:\/\/vozolpuff.de\/pl\/wp-json\/wp\/v2\/media\/7357"}],"wp:attachment":[{"href":"https:\/\/vozolpuff.de\/pl\/wp-json\/wp\/v2\/media?parent=7355"}],"wp:term":[{"taxonomy":"product_brand","embeddable":true,"href":"https:\/\/vozolpuff.de\/pl\/wp-json\/wp\/v2\/product_brand?post=7355"},{"taxonomy":"product_cat","embeddable":true,"href":"https:\/\/vozolpuff.de\/pl\/wp-json\/wp\/v2\/product_cat?post=7355"},{"taxonomy":"product_tag","embeddable":true,"href":"https:\/\/vozolpuff.de\/pl\/wp-json\/wp\/v2\/product_tag?post=7355"}],"curies":[{"name":"wp","href":"https:\/\/api.w.org\/{rel}","templated":true}]}}