{"id":7375,"date":"2025-10-27T11:28:01","date_gmt":"2025-10-27T10:28:01","guid":{"rendered":"https:\/\/vozolpuff.de\/?post_type=product&#038;p=7375"},"modified":"2025-10-27T11:28:02","modified_gmt":"2025-10-27T10:28:02","slug":"jnr-alien-10000-mixed-berry","status":"publish","type":"product","link":"https:\/\/vozolpuff.de\/pl\/produkt\/jnr-alien-10000-mixed-berry\/","title":{"rendered":"JNR Alien 10000 Mixed Berry"},"content":{"rendered":"<hr class=\"border-border-300 my-2\" \/>\n<h2 class=\"text-xl font-bold text-text-100 mt-1 -mb-0.5\">JNR Alien 10000 Mixed Berry Jednorazowy vape<\/h2>\n<p class=\"whitespace-normal break-words\">JNR Alien 10000 Mixed Berry \u0142\u0105czy w sobie pyszne r\u00f3\u017cnorodne jagody, tworz\u0105c harmonijn\u0105 symfoni\u0119 smak\u00f3w. Ten jednorazowy vape klasy premium zapewnia oko\u0142o 10 000 intensywnych zaci\u0105gni\u0119\u0107 dzi\u0119ki precyzyjnie wykonanej cewce 1,2 \u03a9. Wydajny akumulator 850 mAh i pojemny zbiornik na e-liquid o pojemno\u015bci 20 ml sprawiaj\u0105, \u017ce jest to idealny produkt dla mi\u0142o\u015bnik\u00f3w jag\u00f3d. Technologia \u0142adowania typu C gwarantuje b\u0142yskawiczne \u0142adowanie, dzi\u0119ki czemu nie musisz robi\u0107 d\u0142ugich przerw.<\/p>\n<h3 class=\"text-lg font-bold text-text-100 mt-1 -mb-1.5\">Najwa\u017cniejsze cechy i funkcje Mixed Berry:<\/h3>\n<p class=\"whitespace-normal break-words\"><strong>st\u0119\u017cenie nikotyny:<\/strong> Nikotyna 2% zapewnia idealnie dobran\u0105 moc, gwarantuj\u0105c\u0105 przyjemno\u015b\u0107 z wapowania.<\/p>\n<p class=\"whitespace-normal break-words\"><strong>Okres u\u017cytkowania:<\/strong> Imponuj\u0105ca liczba 10 000 zaci\u0105gni\u0119\u0107 pozwala cieszy\u0107 si\u0119 piwem przez kilka tygodni z kompaktowego urz\u0105dzenia.<\/p>\n<p class=\"whitespace-normal break-words\"><strong>Obj\u0119to\u015b\u0107 nape\u0142niania:<\/strong> 20 ml najwy\u017cszej jako\u015bci e-liquidu o z\u0142o\u017conym profilu smakowym mieszanki jag\u00f3d.<\/p>\n<p class=\"whitespace-normal break-words\"><strong>O\u015bwietlenie LED:<\/strong> Spektakularne diody LED RGB z automatyczn\u0105 zmian\u0105 kolor\u00f3w zapewniaj\u0105ce nowoczesn\u0105 estetyk\u0119.<\/p>\n<p class=\"whitespace-normal break-words\"><strong>Wyposa\u017cenie baterii:<\/strong> Akumulator o du\u017cej pojemno\u015bci 850 mAh z funkcj\u0105 szybkiego \u0142adowania typu C zapewniaj\u0105cy szybk\u0105 gotowo\u015b\u0107 do pracy.<\/p>\n<p class=\"whitespace-normal break-words\"><strong>Jako\u015b\u0107 cewki:<\/strong> Cewka siatkowa 1,2 \u03a9 zapewnia r\u00f3wnomierne rozprowadzanie ciep\u0142a i maksymalne wydobycie smaku.<\/p>\n<p class=\"whitespace-normal break-words\"><strong>Przeno\u015bno\u015b\u0107:<\/strong> Lekka konstrukcja z praktycznym paskiem do noszenia, u\u0142atwiaj\u0105cym transport.<\/p>\n<p class=\"whitespace-normal break-words\"><strong>Mieszanka jag\u00f3d:<\/strong> Harmonijna mieszanka r\u00f3\u017cnych rodzaj\u00f3w jag\u00f3d zapewniaj\u0105ca z\u0142o\u017con\u0105 g\u0142\u0119bi\u0119 smaku w ka\u017cdym zaci\u0105gni\u0119ciu.<\/p>\n<h3 class=\"text-lg font-bold text-text-100 mt-1 -mb-1.5\">Przegl\u0105d specyfikacji:<\/h3>\n<p class=\"whitespace-normal break-words\">Pojemno\u015b\u0107: 10 000 poci\u0105g\u00f3w<br \/>\nPojemno\u015b\u0107 zbiornika: 20 ml<br \/>\nZawarto\u015b\u0107 nikotyny: 2%<br \/>\nMoc akumulatora: 1100 mAh<br \/>\nDrut grzejny: cewka siatkowa 1,2 \u03a9<br \/>\nMo\u017cliwo\u015b\u0107 \u0142adowania: Typ C<\/p>\n<h3 class=\"text-lg font-bold text-text-100 mt-1 -mb-1.5\">Odkryj wi\u0119cej JNR VAPE na vozolpuff<\/h3>\n<p class=\"whitespace-normal break-words\">Zapoznaj si\u0119 z nasz\u0105 ofert\u0105 <strong><a class=\"underline\" href=\"https:\/\/vozolpuff.de\/pl\/\">Strona g\u0142\u00f3wna<\/a><\/strong> przejd\u017a do r\u00f3\u017cnorodnych rozwi\u0105za\u0144 dla vaper\u00f3w i odkryj <strong><a class=\"underline\" href=\"https:\/\/vozolpuff.de\/pl\/product-category\/jnr-vape\/\">Asortyment produkt\u00f3w JNR VAPE<\/a><\/strong> dzi\u0119ki przemy\u015blanym systemom jednorazowego u\u017cytku. Kompletna <strong><a class=\"underline\" href=\"https:\/\/vozolpuff.de\/pl\/product-category\/jnr-vape\/jnr-alien-10000\/\">JNR Alien 10000 Paleta smak\u00f3w<\/a><\/strong> obejmuje 14 ekskluzywnych wariant\u00f3w smakowych.<\/p>","protected":false},"excerpt":{"rendered":"<p class=\"whitespace-normal break-words\">JNR Alien 10000 Mixed Berry \u0142\u0105czy w sobie pyszne r\u00f3\u017cnorodne smaki r\u00f3\u017cnych rodzaj\u00f3w jag\u00f3d, tworz\u0105c harmonijn\u0105 kompozycj\u0119 smakow\u0105. Dzi\u0119ki 10 000 zaci\u0105gni\u0119\u0107, 20 ml p\u0142ynu premium i cewce siatkowej 1,2 \u03a9 mo\u017cesz cieszy\u0107 si\u0119 intensywnym smakiem jag\u00f3d. Akumulator 850 mAh jest \u0142adowalny przez z\u0142\u0105cze typu C, a diody LED RGB zapewniaj\u0105 kolorowy wygl\u0105d. Wielowarstwowy owocowy smak!<\/p>","protected":false},"featured_media":7377,"comment_status":"open","ping_status":"closed","template":"","meta":{"_acf_changed":false},"product_brand":[],"product_cat":[87],"product_tag":[],"class_list":{"0":"post-7375","1":"product","2":"type-product","3":"status-publish","4":"has-post-thumbnail","6":"product_cat-jnr-alien-10000","8":"first","9":"instock","10":"shipping-taxable","11":"purchasable","12":"product-type-variable"},"acf":[],"_links":{"self":[{"href":"https:\/\/vozolpuff.de\/pl\/wp-json\/wp\/v2\/product\/7375","targetHints":{"allow":["GET"]}}],"collection":[{"href":"https:\/\/vozolpuff.de\/pl\/wp-json\/wp\/v2\/product"}],"about":[{"href":"https:\/\/vozolpuff.de\/pl\/wp-json\/wp\/v2\/types\/product"}],"replies":[{"embeddable":true,"href":"https:\/\/vozolpuff.de\/pl\/wp-json\/wp\/v2\/comments?post=7375"}],"wp:featuredmedia":[{"embeddable":true,"href":"https:\/\/vozolpuff.de\/pl\/wp-json\/wp\/v2\/media\/7377"}],"wp:attachment":[{"href":"https:\/\/vozolpuff.de\/pl\/wp-json\/wp\/v2\/media?parent=7375"}],"wp:term":[{"taxonomy":"product_brand","embeddable":true,"href":"https:\/\/vozolpuff.de\/pl\/wp-json\/wp\/v2\/product_brand?post=7375"},{"taxonomy":"product_cat","embeddable":true,"href":"https:\/\/vozolpuff.de\/pl\/wp-json\/wp\/v2\/product_cat?post=7375"},{"taxonomy":"product_tag","embeddable":true,"href":"https:\/\/vozolpuff.de\/pl\/wp-json\/wp\/v2\/product_tag?post=7375"}],"curies":[{"name":"wp","href":"https:\/\/api.w.org\/{rel}","templated":true}]}}