{"id":753,"date":"2025-08-23T18:13:50","date_gmt":"2025-08-23T16:13:50","guid":{"rendered":"https:\/\/vozolpuff.de\/?post_type=product&#038;p=753"},"modified":"2026-04-15T17:32:26","modified_gmt":"2026-04-15T15:32:26","slug":"vozol-vista-20000-watermelon-bubblegum","status":"publish","type":"product","link":"https:\/\/vozolpuff.de\/pl\/produkt\/vozol-vista-20000-watermelon-bubblegum\/","title":{"rendered":"Vozol Vista 20000 Watermelon Bubblegum"},"content":{"rendered":"<h2 class=\"text-xl font-bold text-text-100 mt-1 -mb-0.5\">Vozol Vista 20000 Watermelon Bubblegum Vape jednorazowego u\u017cytku<\/h2>\n<p class=\"whitespace-normal break-words\">Do\u015bwiadcz nostalgicznej s\u0142odyczy z Vozol VISTA 20000 Watermelon Bubblegum. Ten zabawny jednorazowy e-papieros \u0142\u0105czy orze\u017awiaj\u0105c\u0105 s\u0142odycz arbuza z charakterystycznym smakiem gumy balonowej, tworz\u0105c wyj\u0105tkowe doznania smakowe z nawet 20 000 s\u0142odkich zaci\u0105gni\u0119\u0107.<\/p>\n<h3 class=\"text-lg font-bold text-text-100 mt-1 -mb-1.5\">Funkcje specjalne wersji Watermelon Bubblegum:<\/h3>\n<p class=\"whitespace-normal break-words\"><strong>Wszechstronne sterowanie zasilaniem:<\/strong> Sze\u015b\u0107 precyzyjnie regulowanych poziom\u00f3w mocy zapewnia idealn\u0105 r\u00f3wnowag\u0119 mi\u0119dzy owocow\u0105 \u015bwie\u017co\u015bci\u0105 arbuza a s\u0142odkim smakiem gumy do \u017cucia.<\/p>\n<p class=\"whitespace-normal break-words\"><strong>Rewolucyjna technologia podw\u00f3jnej siatki:<\/strong> Innowacyjna konstrukcja cewki zapewnia harmonijne po\u0142\u0105czenie kontrastuj\u0105cych s\u0142odkich smak\u00f3w z maksymalnym rozwojem pary.<\/p>\n<p class=\"whitespace-normal break-words\"><strong>Doskona\u0142y kolorowy wy\u015bwietlacz:<\/strong> Pod\u015bwietlany interfejs wyra\u017anie wy\u015bwietla wszystkie istotne informacje i sprawia, \u017ce obs\u0142uga jest dziecinnie prosta.<\/p>\n<p class=\"whitespace-normal break-words\"><strong>Elegancki szklany wygl\u0105d:<\/strong> Ca\u0142kowicie przezroczysta obudowa zapewnia stylow\u0105 przejrzysto\u015b\u0107 i umo\u017cliwia sta\u0142e monitorowanie poziomu e-cieczy.<\/p>\n<p class=\"whitespace-normal break-words\"><strong>Wyj\u0105tkowa wydajno\u015b\u0107:<\/strong> Dzi\u0119ki 20 000 zaci\u0105gni\u0119\u0107 ta s\u0142odka kombinacja zapewnia d\u0142ugotrwa\u0142\u0105 przyjemno\u015b\u0107 bez przerwy.<\/p>\n<p class=\"whitespace-normal break-words\"><strong>Zr\u00f3wnowa\u017cone st\u0119\u017cenie nikotyny:<\/strong> Nikotyna 5% zapewnia doskona\u0142\u0105 satysfakcj\u0119 i g\u0142adkie uczucie w gardle.<\/p>\n<p class=\"whitespace-normal break-words\"><strong>Najnowocze\u015bniejsza technologia akumulator\u00f3w:<\/strong> Wydajna bateria 650 mAh z szybkim \u0142adowaniem typu C zapewnia niezawodn\u0105 wydajno\u015b\u0107.<\/p>\n<p class=\"whitespace-normal break-words\"><strong>Zbiornik o du\u017cej pojemno\u015bci:<\/strong> 24 ml najwy\u017cszej jako\u015bci Sweet-E-Liquid gwarantuje d\u0142ugotrwa\u0142\u0105 przyjemno\u015b\u0107 smaku.<\/p>\n<h3 class=\"text-lg font-bold text-text-100 mt-1 -mb-1.5\">Odkryj wi\u0119cej VOZOL VAPE na vozolpuff<\/h3>\n<p class=\"whitespace-normal break-words\">Odkryj wi\u0119cej produkt\u00f3w premium do waporyzacji w naszym sklepie <strong><a class=\"underline\" href=\"https:\/\/vozolpuff.de\/pl\/\">Vozol Puff sklep internetowy<\/a><\/strong>Przejrzyj nasz\u0105 pe\u0142n\u0105 ofert\u0119 <strong><a class=\"underline\" href=\"https:\/\/vozolpuff.de\/pl\/product-category\/vozol-vape\/\">Kolekcja VOZOL VAPE<\/a><\/strong> lub zapozna\u0107 si\u0119 ze wszystkimi dost\u0119pnymi <strong><a class=\"underline\" href=\"https:\/\/vozolpuff.de\/pl\/product-category\/vozol-vape\/vozol-vista-20000\/\">Vozol Vista 20000 smak\u00f3w<\/a><\/strong>.<\/p>","protected":false},"excerpt":{"rendered":"<p>Jednorazowy vape Vozol Vista 20000 Watermelon Bubblegum \u0142\u0105czy orze\u017awiaj\u0105c\u0105 s\u0142odycz arbuza z charakterystycznym smakiem gumy balonowej, zapewniaj\u0105c nostalgiczne doznania smakowe. Ten zabawny jednorazowy e-papieros oferuje 20 000 zaci\u0105gni\u0119\u0107, bateri\u0119 650 mAh i nikotyn\u0119 5%. Sze\u015b\u0107 poziom\u00f3w mocy z technologi\u0105 podw\u00f3jnej siatki zapewnia harmonijn\u0105 r\u00f3wnowag\u0119 mi\u0119dzy owocow\u0105 \u015bwie\u017co\u015bci\u0105 a s\u0142odkim smakiem gumy do \u017cucia.<\/p>","protected":false},"featured_media":755,"comment_status":"open","ping_status":"closed","template":"","meta":{"_acf_changed":false},"product_brand":[],"product_cat":[30],"product_tag":[],"class_list":{"0":"post-753","1":"product","2":"type-product","3":"status-publish","4":"has-post-thumbnail","6":"product_cat-vozol-vista-20000","8":"first","9":"instock","10":"shipping-taxable","11":"purchasable","12":"product-type-variable"},"acf":[],"_links":{"self":[{"href":"https:\/\/vozolpuff.de\/pl\/wp-json\/wp\/v2\/product\/753","targetHints":{"allow":["GET"]}}],"collection":[{"href":"https:\/\/vozolpuff.de\/pl\/wp-json\/wp\/v2\/product"}],"about":[{"href":"https:\/\/vozolpuff.de\/pl\/wp-json\/wp\/v2\/types\/product"}],"replies":[{"embeddable":true,"href":"https:\/\/vozolpuff.de\/pl\/wp-json\/wp\/v2\/comments?post=753"}],"wp:featuredmedia":[{"embeddable":true,"href":"https:\/\/vozolpuff.de\/pl\/wp-json\/wp\/v2\/media\/755"}],"wp:attachment":[{"href":"https:\/\/vozolpuff.de\/pl\/wp-json\/wp\/v2\/media?parent=753"}],"wp:term":[{"taxonomy":"product_brand","embeddable":true,"href":"https:\/\/vozolpuff.de\/pl\/wp-json\/wp\/v2\/product_brand?post=753"},{"taxonomy":"product_cat","embeddable":true,"href":"https:\/\/vozolpuff.de\/pl\/wp-json\/wp\/v2\/product_cat?post=753"},{"taxonomy":"product_tag","embeddable":true,"href":"https:\/\/vozolpuff.de\/pl\/wp-json\/wp\/v2\/product_tag?post=753"}],"curies":[{"name":"wp","href":"https:\/\/api.w.org\/{rel}","templated":true}]}}