{"id":767,"date":"2025-08-24T09:33:43","date_gmt":"2025-08-24T07:33:43","guid":{"rendered":"https:\/\/vozolpuff.de\/?post_type=product&#038;p=767"},"modified":"2026-01-15T12:17:36","modified_gmt":"2026-01-15T11:17:36","slug":"vozol-vista-40000-blueberry-ice","status":"publish","type":"product","link":"https:\/\/vozolpuff.de\/pl\/produkt\/vozol-vista-40000-blueberry-ice\/","title":{"rendered":"Vozol Vista 40000 Blueberry Ice"},"content":{"rendered":"<h2 class=\"text-2xl font-bold mt-1 text-text-100\">Vozol Vista 40000 Blueberry Ice Jednorazowy vape<\/h2>\n<p class=\"whitespace-normal break-words\">The <strong>Vozol Vista 40000 Blueberry Ice<\/strong> na nowo definiuje premium vaping dzi\u0119ki autentycznemu aromatowi jag\u00f3d i orze\u017awiaj\u0105cemu ch\u0142odzeniu. Ten ultranowoczesny, jednorazowy e-papieros z mo\u017cliwo\u015bci\u0105 ponownego \u0142adowania posiada wytrzyma\u0142y akumulator o pojemno\u015bci 1000 mAh z funkcj\u0105 szybkiego \u0142adowania USB-C. Ciesz si\u0119 nawet <strong>40 000 intensywnych smakowo zaci\u0105gni\u0119\u0107<\/strong> dzi\u0119ki rewolucyjnemu systemowi Dual Mesh Coil z technologi\u0105 S.i.L.C, w po\u0142\u0105czeniu z 4-stopniow\u0105 regulacj\u0105 mocy i podw\u00f3jn\u0105 regulacj\u0105 przep\u0142ywu powietrza.<\/p>\n<h3 class=\"text-xl font-bold text-text-100 mt-1 -mb-0.5\">Blueberry Ice Vista 40000 Specyfikacje:<\/h3>\n<p class=\"whitespace-normal break-words\"><strong>Bateria o du\u017cej pojemno\u015bci 1000 mAh:<\/strong> D\u0142ugotrwa\u0142a moc dzi\u0119ki szybkiemu \u0142adowaniu typu C zapewniaj\u0105cemu maksymalny czas u\u017cytkowania<\/p>\n<p class=\"whitespace-normal break-words\"><strong>Dwustopniowy regulator przep\u0142ywu powietrza:<\/strong> P\u0142ynne przej\u015bcie mi\u0119dzy mocnymi zaci\u0105gni\u0119ciami MTL a bardziej przewiewnymi chmurami pary<\/p>\n<p class=\"whitespace-normal break-words\"><strong>Sterowanie moc\u0105 czterech wat\u00f3w:<\/strong> Indywidualna regulacja intensywno\u015bci pary zgodnie z osobistymi preferencjami<\/p>\n<p class=\"whitespace-normal break-words\"><strong>Wy\u015bwietlacz LED o k\u0105cie widzenia 270\u00b0:<\/strong> Pe\u0142ny przegl\u0105d liczby poci\u0105g\u00f3w, stanu akumulatora i trybu mocy<\/p>\n<p class=\"whitespace-normal break-words\"><strong>Podw\u00f3jna siateczka z technologi\u0105 S.i.L.C:<\/strong> Zaawansowana technologia grzewcza zapewniaj\u0105ca r\u00f3wnomiern\u0105 przyjemno\u015b\u0107 z Blueberry Ice<\/p>\n<p class=\"whitespace-normal break-words\"><strong>Interaktywne efekty \u015bwietlne:<\/strong> Stylowa animacja LED reaguje na ka\u017cdy ruch<\/p>\n<p class=\"whitespace-normal break-words\"><strong>Zawarto\u015b\u0107 nikotyny 50 mg\/ml (5%):<\/strong> Optymalne dostarczanie nikotyny na codzienne zapotrzebowanie<\/p>\n<h3 class=\"text-xl font-bold text-text-100 mt-1 -mb-0.5\">Odkryj wi\u0119cej VOZOL VAPE na vozolpuff<\/h3>\n<p class=\"whitespace-normal break-words\">Kup Vozol Vista 40000 Blueberry Ice w wiod\u0105cym niemieckim sklepie z produktami do wapowania. Odwied\u017a nasz\u0105 stron\u0119 internetow\u0105. <a class=\"underline\" href=\"https:\/\/vozolpuff.de\/pl\/\"><strong>Strona g\u0142\u00f3wna<\/strong><\/a> Aby uzyska\u0107 wi\u0119cej produkt\u00f3w premium, odkryj kompletne <a class=\"underline\" href=\"https:\/\/vozolpuff.de\/pl\/product-category\/vozol-vape\/\"><strong>VOZOL VAPE<\/strong><\/a> kolekcj\u0119 lub przegl\u0105da\u0107 wszystkie <a class=\"underline\" href=\"https:\/\/vozolpuff.de\/pl\/product-category\/vozol-vape\/vozol-vista-40000\/\"><strong>Vozol Vista 40000<\/strong><\/a> Smaki.<\/p>","protected":false},"excerpt":{"rendered":"<p>The <strong>Vozol Vista 40000 Blueberry Ice Jednorazowy vape<\/strong> Oferuje autentyczny aromat jag\u00f3d z orze\u017awiaj\u0105cym ch\u0142odzeniem, zapewniaj\u0105cym do 40 000 intensywnych zaci\u0105gni\u0119\u0107. Wyposa\u017cony w wytrzyma\u0142y akumulator o pojemno\u015bci 1000 mAh, funkcj\u0119 szybkiego \u0142adowania USB-C oraz technologi\u0119 Dual-Mesh S.i.L.C. 4-stopniowa regulacja mocy, podw\u00f3jny przep\u0142yw powietrza i wy\u015bwietlacz LED 270\u00b0. Zawarto\u015b\u0107 nikotyny: 50 mg\/ml (5%).<\/p>","protected":false},"featured_media":770,"comment_status":"open","ping_status":"closed","template":"","meta":{"_acf_changed":false},"product_brand":[],"product_cat":[31],"product_tag":[],"class_list":{"0":"post-767","1":"product","2":"type-product","3":"status-publish","4":"has-post-thumbnail","6":"product_cat-vozol-vista-40000","8":"first","9":"instock","10":"shipping-taxable","11":"purchasable","12":"product-type-variable"},"acf":[],"_links":{"self":[{"href":"https:\/\/vozolpuff.de\/pl\/wp-json\/wp\/v2\/product\/767","targetHints":{"allow":["GET"]}}],"collection":[{"href":"https:\/\/vozolpuff.de\/pl\/wp-json\/wp\/v2\/product"}],"about":[{"href":"https:\/\/vozolpuff.de\/pl\/wp-json\/wp\/v2\/types\/product"}],"replies":[{"embeddable":true,"href":"https:\/\/vozolpuff.de\/pl\/wp-json\/wp\/v2\/comments?post=767"}],"wp:featuredmedia":[{"embeddable":true,"href":"https:\/\/vozolpuff.de\/pl\/wp-json\/wp\/v2\/media\/770"}],"wp:attachment":[{"href":"https:\/\/vozolpuff.de\/pl\/wp-json\/wp\/v2\/media?parent=767"}],"wp:term":[{"taxonomy":"product_brand","embeddable":true,"href":"https:\/\/vozolpuff.de\/pl\/wp-json\/wp\/v2\/product_brand?post=767"},{"taxonomy":"product_cat","embeddable":true,"href":"https:\/\/vozolpuff.de\/pl\/wp-json\/wp\/v2\/product_cat?post=767"},{"taxonomy":"product_tag","embeddable":true,"href":"https:\/\/vozolpuff.de\/pl\/wp-json\/wp\/v2\/product_tag?post=767"}],"curies":[{"name":"wp","href":"https:\/\/api.w.org\/{rel}","templated":true}]}}