{"id":779,"date":"2025-08-24T09:41:19","date_gmt":"2025-08-24T07:41:19","guid":{"rendered":"https:\/\/vozolpuff.de\/?post_type=product&#038;p=779"},"modified":"2026-01-15T12:17:13","modified_gmt":"2026-01-15T11:17:13","slug":"vozol-vista-40000-cool-mint","status":"publish","type":"product","link":"https:\/\/vozolpuff.de\/pl\/produkt\/vozol-vista-40000-cool-mint\/","title":{"rendered":"Vozol Vista 40000 Cool Mint"},"content":{"rendered":"<h2 class=\"text-2xl font-bold mt-1 text-text-100\">Vozol Vista 40000 Cool Mint jednorazowy Vape<\/h2>\n<p class=\"whitespace-normal break-words\">The <strong>Vozol Vista 40000 Cool Mint<\/strong> oferuje najwy\u017csz\u0105 \u015bwie\u017co\u015b\u0107 dzi\u0119ki intensywnemu mi\u0119towemu smakowi i efektowi ch\u0142odzenia. Ten zaawansowany technologicznie jednorazowy e-papieros jest wyposa\u017cony w pot\u0119\u017cn\u0105 bateri\u0119 1000 mAh i szybkie \u0142adowanie USB-C. Do\u015bwiadczenie do <strong>40 000 orze\u017awiaj\u0105cych zaci\u0105gni\u0119\u0107<\/strong> dzi\u0119ki zaawansowanej podw\u00f3jnej cewce siatkowej z technologi\u0105 S.i.L.C, uzupe\u0142nionej 4-stopniow\u0105 regulacj\u0105 mocy i podw\u00f3jnymi ustawieniami przep\u0142ywu powietrza.<\/p>\n<h3 class=\"text-xl font-bold text-text-100 mt-1 -mb-0.5\">Cool Mint Vista 40000 Funkcje:<\/h3>\n<p class=\"whitespace-normal break-words\"><strong>Wytrzyma\u0142a bateria o pojemno\u015bci 1000 mAh:<\/strong> Ci\u0105g\u0142e zasilanie z funkcj\u0105 ekspresowego \u0142adowania typu C dla nieprzerwanej przyjemno\u015bci z waporyzacji<\/p>\n<p class=\"whitespace-normal break-words\"><strong>Dwupoziomowa odporno\u015b\u0107 na wyci\u0105ganie:<\/strong> Elastyczne prze\u0142\u0105czanie mi\u0119dzy skoncentrowanymi zaci\u0105gni\u0119ciami MTL i bardziej otwartymi do\u015bwiadczeniami z waporyzacji<\/p>\n<p class=\"whitespace-normal break-words\"><strong>Poczw\u00f3rna modulacja mocy:<\/strong> Precyzyjne dostosowanie rozwoju pary w celu uzyskania idealnego aromatu ch\u0142odnej mi\u0119ty<\/p>\n<p class=\"whitespace-normal break-words\"><strong>Monitor LED z pe\u0142nym ko\u0142em 270\u00b0:<\/strong> Szczeg\u00f3\u0142owe wy\u015bwietlanie statystyk poci\u0105gu, poziomu na\u0142adowania baterii i trybu pracy<\/p>\n<p class=\"whitespace-normal break-words\"><strong>S.i.L.C Dual-Mesh Innovation:<\/strong> Najnowocze\u015bniejsza technologia cewki zapewniaj\u0105ca sta\u0142y, ch\u0142odny, mi\u0119towy smak.<\/p>\n<p class=\"whitespace-normal break-words\"><strong>Responsywne efekty LED:<\/strong> Atrakcyjne animacje \u015bwietlne aktywuj\u0105 si\u0119 przy ka\u017cdym u\u017cyciu<\/p>\n<p class=\"whitespace-normal break-words\"><strong>Standardowe st\u0119\u017cenie nikotyny 50mg\/ml (5%):<\/strong> Zadowalaj\u0105cy zapas nikotyny dla regularnych u\u017cytkownik\u00f3w<\/p>\n<h3 class=\"text-xl font-bold text-text-100 mt-1 -mb-0.5\">Odkryj wi\u0119cej VOZOL VAPE na vozolpuff<\/h3>\n<p class=\"whitespace-normal break-words\">Kup Vozol Vista 40000 Cool Mint w wiod\u0105cym sklepie vape w Niemczech. Odwied\u017a nasz <a class=\"underline\" href=\"https:\/\/vozolpuff.de\/pl\/\"><strong>Strona g\u0142\u00f3wna<\/strong><\/a> Aby uzyska\u0107 wi\u0119cej produkt\u00f3w premium, odkryj kompletne <a class=\"underline\" href=\"https:\/\/vozolpuff.de\/pl\/product-category\/vozol-vape\/\"><strong>VOZOL VAPE<\/strong><\/a> kolekcj\u0119 lub przegl\u0105da\u0107 wszystkie <a class=\"underline\" href=\"https:\/\/vozolpuff.de\/pl\/product-category\/vozol-vape\/vozol-vista-40000\/\"><strong>Vozol Vista 40000<\/strong><\/a> Smaki.<\/p>","protected":false},"excerpt":{"rendered":"<p>The <strong>Vozol Vista 40000 Cool Mint jednorazowy Vape<\/strong> oferuje najwy\u017csz\u0105 \u015bwie\u017co\u015b\u0107 z intensywnym mi\u0119towym smakiem i efektem ch\u0142odzenia do 40 000 orze\u017awiaj\u0105cych zaci\u0105gni\u0119\u0107. Z pot\u0119\u017cn\u0105 bateri\u0105 1000 mAh, szybkim \u0142adowaniem USB-C i technologi\u0105 S.i.L.C z podw\u00f3jn\u0105 siatk\u0105. 4-stopniowa regulacja mocy, podw\u00f3jne ustawienia przep\u0142ywu powietrza i monitor LED 270\u00b0. St\u0119\u017cenie nikotyny: 50 mg\/ml (5%).<\/p>","protected":false},"featured_media":782,"comment_status":"open","ping_status":"closed","template":"","meta":{"_acf_changed":false},"product_brand":[],"product_cat":[31],"product_tag":[],"class_list":{"0":"post-779","1":"product","2":"type-product","3":"status-publish","4":"has-post-thumbnail","6":"product_cat-vozol-vista-40000","8":"first","9":"instock","10":"shipping-taxable","11":"purchasable","12":"product-type-variable"},"acf":[],"_links":{"self":[{"href":"https:\/\/vozolpuff.de\/pl\/wp-json\/wp\/v2\/product\/779","targetHints":{"allow":["GET"]}}],"collection":[{"href":"https:\/\/vozolpuff.de\/pl\/wp-json\/wp\/v2\/product"}],"about":[{"href":"https:\/\/vozolpuff.de\/pl\/wp-json\/wp\/v2\/types\/product"}],"replies":[{"embeddable":true,"href":"https:\/\/vozolpuff.de\/pl\/wp-json\/wp\/v2\/comments?post=779"}],"wp:featuredmedia":[{"embeddable":true,"href":"https:\/\/vozolpuff.de\/pl\/wp-json\/wp\/v2\/media\/782"}],"wp:attachment":[{"href":"https:\/\/vozolpuff.de\/pl\/wp-json\/wp\/v2\/media?parent=779"}],"wp:term":[{"taxonomy":"product_brand","embeddable":true,"href":"https:\/\/vozolpuff.de\/pl\/wp-json\/wp\/v2\/product_brand?post=779"},{"taxonomy":"product_cat","embeddable":true,"href":"https:\/\/vozolpuff.de\/pl\/wp-json\/wp\/v2\/product_cat?post=779"},{"taxonomy":"product_tag","embeddable":true,"href":"https:\/\/vozolpuff.de\/pl\/wp-json\/wp\/v2\/product_tag?post=779"}],"curies":[{"name":"wp","href":"https:\/\/api.w.org\/{rel}","templated":true}]}}