{"id":786,"date":"2025-08-24T09:53:00","date_gmt":"2025-08-24T07:53:00","guid":{"rendered":"https:\/\/vozolpuff.de\/?post_type=product&#038;p=786"},"modified":"2026-01-15T12:17:01","modified_gmt":"2026-01-15T11:17:01","slug":"vozol-vista-40000-double-apple","status":"publish","type":"product","link":"https:\/\/vozolpuff.de\/pl\/produkt\/vozol-vista-40000-double-apple\/","title":{"rendered":"Vozol Vista 40000 Double Apple"},"content":{"rendered":"<h2 class=\"text-2xl font-bold mt-1 text-text-100\">Vozol Vista 40000 Double Apple jednorazowy vape<\/h2>\n<p class=\"whitespace-normal break-words\">Odkryj <strong>Vozol Vista 40000 Double Apple<\/strong> - to wyj\u0105tkowy jednorazowy e-papieros z mo\u017cliwo\u015bci\u0105 wielokrotnego \u0142adowania o podw\u00f3jnym jab\u0142kowym smaku z nutami s\u0142odkiego i cierpkiego jab\u0142ka. Wyposa\u017cony w niezawodn\u0105 bateri\u0119 1000 mAh i \u0142adowanie turbo USB-C, ten innowacyjny vape oferuje do <strong>40 000 poci\u0105g\u00f3w z owocami<\/strong>. Zaawansowana podw\u00f3jna cewka siatkowa z technologi\u0105 S.i.L.C gwarantuje optymalny transfer smaku, a 4-stopniowa regulacja mocy i dwa tryby przep\u0142ywu powietrza pozwalaj\u0105 na indywidualne preferencje.<\/p>\n<h3 class=\"text-xl font-bold text-text-100 mt-1 -mb-0.5\">Podw\u00f3jny Apple Vista 40000 Cechy:<\/h3>\n<p class=\"whitespace-normal break-words\"><strong>D\u0142ugotrwa\u0142a bateria 1000 mAh o wysokiej wydajno\u015bci:<\/strong> Ci\u0105g\u0142e zasilanie dzi\u0119ki ultraszybkiemu systemowi \u0142adowania typu C<\/p>\n<p class=\"whitespace-normal break-words\"><strong>Podw\u00f3jne zarz\u0105dzanie przep\u0142ywem powietrza:<\/strong> \u0141atwe przej\u015bcie mi\u0119dzy ciasnymi zaci\u0105gni\u0119ciami MTL i lu\u017anymi chmurami pary<\/p>\n<p class=\"whitespace-normal break-words\"><strong>Sterowanie o mocy czterech wat\u00f3w:<\/strong> Produkcja pary dostosowana do indywidualnych potrzeb zapewnia autentyczne doznania smakowe podw\u00f3jnego jab\u0142ka<\/p>\n<p class=\"whitespace-normal break-words\"><strong>Wszechstronny ekran LED o k\u0105cie widzenia 270\u00b0:<\/strong> Wszechstronny wy\u015bwietlacz numeru dmuchawy, stanu baterii i ustawie\u0144 zasilania<\/p>\n<p class=\"whitespace-normal break-words\"><strong>S.i.L.C Dual-Mesh System:<\/strong> Najnowocze\u015bniejsza technologia cewek zapewniaj\u0105ca sta\u0142\u0105 przyjemno\u015b\u0107 z podw\u00f3jnego jab\u0142ka<\/p>\n<p class=\"whitespace-normal break-words\"><strong>Adaptacyjne o\u015bwietlenie LED:<\/strong> Stylowa gra \u015bwiate\u0142 reaguje na ka\u017cdy ruch pary<\/p>\n<p class=\"whitespace-normal break-words\"><strong>Sprawdzona moc nikotyny 50 mg\/ml (5%):<\/strong> Zr\u00f3wnowa\u017cone spo\u017cycie nikotyny do codziennego u\u017cytku<\/p>\n<h3 class=\"text-xl font-bold text-text-100 mt-1 -mb-0.5\">Odkryj wi\u0119cej VOZOL VAPE na vozolpuff<\/h3>\n<p class=\"whitespace-normal break-words\">Kup Vozol Vista 40000 Double Apple w wiod\u0105cym sklepie vape w Niemczech. Odwied\u017a nasz <a class=\"underline\" href=\"https:\/\/vozolpuff.de\/pl\/\"><strong>Strona g\u0142\u00f3wna<\/strong><\/a> Aby uzyska\u0107 wi\u0119cej produkt\u00f3w premium, odkryj kompletne <a class=\"underline\" href=\"https:\/\/vozolpuff.de\/pl\/product-category\/vozol-vape\/\"><strong>VOZOL VAPE<\/strong><\/a> kolekcj\u0119 lub przegl\u0105da\u0107 wszystkie <a class=\"underline\" href=\"https:\/\/vozolpuff.de\/pl\/product-category\/vozol-vape\/vozol-vista-40000\/\"><strong>Vozol Vista 40000<\/strong><\/a> Smaki.<\/p>","protected":false},"excerpt":{"rendered":"<p>The <strong>Vozol Vista 40000 Double Apple jednorazowy vape<\/strong> oferuje wy\u015bmienit\u0105 podw\u00f3jn\u0105 przyjemno\u015b\u0107 ze s\u0142odkich i cierpkich smak\u00f3w jab\u0142kowych do 40 000 intensywnych owocowych zaci\u0105gni\u0119\u0107. Z niezawodn\u0105 bateri\u0105 1000 mAh, \u0142adowaniem turbo USB-C i technologi\u0105 S.i.L.C z podw\u00f3jn\u0105 siatk\u0105. 4-stopniowa regulacja mocy, dwa tryby przep\u0142ywu powietrza i ekran LED 270\u00b0. Moc nikotyny: 50 mg\/ml (5%).<\/p>","protected":false},"featured_media":789,"comment_status":"open","ping_status":"closed","template":"","meta":{"_acf_changed":false},"product_brand":[],"product_cat":[31],"product_tag":[],"class_list":{"0":"post-786","1":"product","2":"type-product","3":"status-publish","4":"has-post-thumbnail","6":"product_cat-vozol-vista-40000","8":"first","9":"instock","10":"shipping-taxable","11":"purchasable","12":"product-type-variable"},"acf":[],"_links":{"self":[{"href":"https:\/\/vozolpuff.de\/pl\/wp-json\/wp\/v2\/product\/786","targetHints":{"allow":["GET"]}}],"collection":[{"href":"https:\/\/vozolpuff.de\/pl\/wp-json\/wp\/v2\/product"}],"about":[{"href":"https:\/\/vozolpuff.de\/pl\/wp-json\/wp\/v2\/types\/product"}],"replies":[{"embeddable":true,"href":"https:\/\/vozolpuff.de\/pl\/wp-json\/wp\/v2\/comments?post=786"}],"wp:featuredmedia":[{"embeddable":true,"href":"https:\/\/vozolpuff.de\/pl\/wp-json\/wp\/v2\/media\/789"}],"wp:attachment":[{"href":"https:\/\/vozolpuff.de\/pl\/wp-json\/wp\/v2\/media?parent=786"}],"wp:term":[{"taxonomy":"product_brand","embeddable":true,"href":"https:\/\/vozolpuff.de\/pl\/wp-json\/wp\/v2\/product_brand?post=786"},{"taxonomy":"product_cat","embeddable":true,"href":"https:\/\/vozolpuff.de\/pl\/wp-json\/wp\/v2\/product_cat?post=786"},{"taxonomy":"product_tag","embeddable":true,"href":"https:\/\/vozolpuff.de\/pl\/wp-json\/wp\/v2\/product_tag?post=786"}],"curies":[{"name":"wp","href":"https:\/\/api.w.org\/{rel}","templated":true}]}}