{"id":791,"date":"2025-08-24T09:59:47","date_gmt":"2025-08-24T07:59:47","guid":{"rendered":"https:\/\/vozolpuff.de\/?post_type=product&#038;p=791"},"modified":"2026-01-15T12:16:50","modified_gmt":"2026-01-15T11:16:50","slug":"vozol-vista-40000-grape-ice","status":"publish","type":"product","link":"https:\/\/vozolpuff.de\/pl\/produkt\/vozol-vista-40000-grape-ice\/","title":{"rendered":"Vozol Vista 40000 Grape Ice"},"content":{"rendered":"<h2 class=\"text-2xl font-bold mt-1 text-text-100\">Vozol Vista 40000 Grape Ice jednorazowy vape<\/h2>\n<p class=\"whitespace-normal break-words\">The <strong>Vozol Vista 40000 Grape Ice<\/strong> \u0142\u0105czy soczysty smak winogron z orze\u017awiaj\u0105cym ch\u0142odzeniem, zapewniaj\u0105c niezr\u00f3wnane doznania podczas waporyzacji. Ten wysokiej jako\u015bci jednorazowy e-papieros z mo\u017cliwo\u015bci\u0105 wielokrotnego \u0142adowania posiada pot\u0119\u017cn\u0105 bateri\u0119 1000 mAh z funkcj\u0105 szybkiego \u0142adowania przez USB-C. Ciesz si\u0119 nawet <strong>40 000 intensywnie owocowych ptysi\u00f3w<\/strong> dzi\u0119ki rewolucyjnemu systemowi Dual-Mesh-Coil-System z technologi\u0105 S.i.L.C, wspieranemu przez 4-stopniow\u0105 regulacj\u0119 mocy i elastyczn\u0105 regulacj\u0119 przep\u0142ywu powietrza.<\/p>\n<h3 class=\"text-xl font-bold text-text-100 mt-1 -mb-0.5\">Grape Ice Vista 40000 Najwa\u017cniejsze cechy:<\/h3>\n<p class=\"whitespace-normal break-words\"><strong>Wydajny akumulator o pojemno\u015bci 1000 mAh:<\/strong> Stabilne zasilanie z technologi\u0105 \u0142adowania Blitz Type-C<\/p>\n<p class=\"whitespace-normal break-words\"><strong>Podw\u00f3jna regulacja ci\u0105gu:<\/strong> P\u0142ynna zmiana mi\u0119dzy skoncentrowanymi do\u015bwiadczeniami MTL i bardziej otwartymi rodzajami zanurzenia<\/p>\n<p class=\"whitespace-normal break-words\"><strong>Kontrola opar\u00f3w na poziomie Quattro:<\/strong> Indywidualne dostosowanie produkcji pary dla optymalnej przyjemno\u015bci z lodu winogronowego<\/p>\n<p class=\"whitespace-normal break-words\"><strong>Wy\u015bwietlacz LED z pe\u0142nym widokiem 270\u00b0:<\/strong> Pe\u0142ne informacje o numerach poci\u0105g\u00f3w, pojemno\u015bci baterii i trybie pracy<\/p>\n<p class=\"whitespace-normal break-words\"><strong>Technologia S.i.L.C Dual-Mesh:<\/strong> Innowacyjne elementy grzewcze zapewniaj\u0105 sp\u00f3jny smak lodu winogronowego<\/p>\n<p class=\"whitespace-normal break-words\"><strong>Interaktywne funkcje o\u015bwietlenia:<\/strong> Dynamiczne wska\u017aniki LED aktywuj\u0105 si\u0119 przy ka\u017cdym wdechu<\/p>\n<p class=\"whitespace-normal break-words\"><strong>Wysokiej jako\u015bci zawarto\u015b\u0107 nikotyny 50mg\/ml (5%):<\/strong> Zadowalaj\u0105ce dostarczanie nikotyny do codziennego u\u017cytku<\/p>\n<h3 class=\"text-xl font-bold text-text-100 mt-1 -mb-0.5\">Odkryj wi\u0119cej VOZOL VAPE na vozolpuff<\/h3>\n<p class=\"whitespace-normal break-words\">Kup Vozol Vista 40000 Grape Ice w wiod\u0105cym sklepie vape w Niemczech. Odwied\u017a nasz\u0105 stron\u0119 <a class=\"underline\" href=\"https:\/\/vozolpuff.de\/pl\/\"><strong>Strona g\u0142\u00f3wna<\/strong><\/a> Aby uzyska\u0107 wi\u0119cej produkt\u00f3w premium, odkryj kompletne <a class=\"underline\" href=\"https:\/\/vozolpuff.de\/pl\/product-category\/vozol-vape\/\"><strong>VOZOL VAPE<\/strong><\/a> kolekcj\u0119 lub przegl\u0105da\u0107 wszystkie <a class=\"underline\" href=\"https:\/\/vozolpuff.de\/pl\/product-category\/vozol-vape\/vozol-vista-40000\/\"><strong>Vozol Vista 40000<\/strong><\/a> Smaki.<\/p>","protected":false},"excerpt":{"rendered":"<p>The <strong>Vozol Vista 40000 Grape Ice jednorazowy vape<\/strong> \u0142\u0105czy soczysty smak winogron z od\u015bwie\u017caj\u0105cym ch\u0142odzeniem, zapewniaj\u0105c do 40 000 intensywnie owocowych zaci\u0105gni\u0119\u0107. Z wydajn\u0105 bateri\u0105 1000 mAh, funkcj\u0105 szybkiego \u0142adowania USB-C i technologi\u0105 S.i.L.C. z podw\u00f3jn\u0105 siatk\u0105. 4-stopniowa regulacja mocy, elastyczna regulacja przep\u0142ywu powietrza i wy\u015bwietlacz LED 270\u00b0. Zawarto\u015b\u0107 nikotyny: 50 mg\/ml (5%).<\/p>","protected":false},"featured_media":794,"comment_status":"open","ping_status":"closed","template":"","meta":{"_acf_changed":false},"product_brand":[],"product_cat":[31],"product_tag":[],"class_list":{"0":"post-791","1":"product","2":"type-product","3":"status-publish","4":"has-post-thumbnail","6":"product_cat-vozol-vista-40000","8":"first","9":"instock","10":"shipping-taxable","11":"purchasable","12":"product-type-variable"},"acf":[],"_links":{"self":[{"href":"https:\/\/vozolpuff.de\/pl\/wp-json\/wp\/v2\/product\/791","targetHints":{"allow":["GET"]}}],"collection":[{"href":"https:\/\/vozolpuff.de\/pl\/wp-json\/wp\/v2\/product"}],"about":[{"href":"https:\/\/vozolpuff.de\/pl\/wp-json\/wp\/v2\/types\/product"}],"replies":[{"embeddable":true,"href":"https:\/\/vozolpuff.de\/pl\/wp-json\/wp\/v2\/comments?post=791"}],"wp:featuredmedia":[{"embeddable":true,"href":"https:\/\/vozolpuff.de\/pl\/wp-json\/wp\/v2\/media\/794"}],"wp:attachment":[{"href":"https:\/\/vozolpuff.de\/pl\/wp-json\/wp\/v2\/media?parent=791"}],"wp:term":[{"taxonomy":"product_brand","embeddable":true,"href":"https:\/\/vozolpuff.de\/pl\/wp-json\/wp\/v2\/product_brand?post=791"},{"taxonomy":"product_cat","embeddable":true,"href":"https:\/\/vozolpuff.de\/pl\/wp-json\/wp\/v2\/product_cat?post=791"},{"taxonomy":"product_tag","embeddable":true,"href":"https:\/\/vozolpuff.de\/pl\/wp-json\/wp\/v2\/product_tag?post=791"}],"curies":[{"name":"wp","href":"https:\/\/api.w.org\/{rel}","templated":true}]}}