{"id":798,"date":"2025-08-24T10:03:52","date_gmt":"2025-08-24T08:03:52","guid":{"rendered":"https:\/\/vozolpuff.de\/?post_type=product&#038;p=798"},"modified":"2026-01-15T12:16:37","modified_gmt":"2026-01-15T11:16:37","slug":"vozol-vista-40000-love-777","status":"publish","type":"product","link":"https:\/\/vozolpuff.de\/pl\/produkt\/vozol-vista-40000-love-777\/","title":{"rendered":"Vozol Vista 40000 Love 777"},"content":{"rendered":"<h2 class=\"text-2xl font-bold mt-1 text-text-100\">Vozol Vista 40000 Love 777 jednorazowy vape<\/h2>\n<p class=\"whitespace-normal break-words\">Do\u015bwiadczenie <strong>Vozol Vista 40000 Love 777<\/strong> - to mistyczny e-papieros wielokrotnego \u0142adowania o wyj\u0105tkowej kompozycji smakowej, kt\u00f3ra przyspiesza bicie serca. Zasilany wytrzyma\u0142\u0105 bateri\u0105 1000 mAh z ekspresowym \u0142adowaniem USB-C, ten niezwyk\u0142y vape umo\u017cliwia nawet <strong>40 000 czaruj\u0105cych poci\u0105g\u00f3w<\/strong>. Najnowocze\u015bniejszy system cewek z podw\u00f3jn\u0105 siatk\u0105 i technologi\u0105 S.i.L.C. zapewnia idealn\u0105 harmoni\u0119 smaku, a 4-stopniowa regulacja mocy i podw\u00f3jne opcje przep\u0142ywu powietrza zapewniaj\u0105 pe\u0142n\u0105 personalizacj\u0119.<\/p>\n<h3 class=\"text-xl font-bold text-text-100 mt-1 -mb-0.5\">Love 777 Vista 40000 Cechy szczeg\u00f3lne:<\/h3>\n<p class=\"whitespace-normal break-words\"><strong>Energetyzuj\u0105cy akumulator litowy o pojemno\u015bci 1000 mAh:<\/strong> Niezawodne zasilanie z superszybkim procesem \u0142adowania typu C<\/p>\n<p class=\"whitespace-normal break-words\"><strong>Dwustrumieniowa regulacja powietrza:<\/strong> P\u0142ynne przechodzenie mi\u0119dzy w\u0105skimi poci\u0105gami MTL i innymi poci\u0105gami parowymi<\/p>\n<p class=\"whitespace-normal break-words\"><strong>4-stopniowa modulacja mocy:<\/strong> Precyzyjna kontrola nad obj\u0119to\u015bci\u0105 pary zapewnia doskona\u0142e doznania smakowe Love 777<\/p>\n<p class=\"whitespace-normal break-words\"><strong>Interfejs LED Panorama 270\u00b0:<\/strong> Szczeg\u00f3\u0142owy przegl\u0105d stanu dmuchania, poziomu na\u0142adowania baterii i mocy wyj\u015bciowej<\/p>\n<p class=\"whitespace-normal break-words\"><strong>S.i.L.C Dual-Mesh Innovation:<\/strong> Pionierska architektura cewki zapewniaj\u0105ca sp\u00f3jny smak Love 777<\/p>\n<p class=\"whitespace-normal break-words\"><strong>System Smart Response LED:<\/strong> Eleganckie efekty \u015bwietlne zsynchronizowane z ka\u017cd\u0105 akcj\u0105 parow\u0105<\/p>\n<p class=\"whitespace-normal break-words\"><strong>Poziom nikotyny Premium 50mg\/ml (5%):<\/strong> Optymalna poda\u017c nikotyny dla wymagaj\u0105cych vaper\u00f3w<\/p>\n<h3 class=\"text-xl font-bold text-text-100 mt-1 -mb-0.5\">Odkryj wi\u0119cej VOZOL VAPE na vozolpuff<\/h3>\n<p class=\"whitespace-normal break-words\">Kup Vozol Vista 40000 Love 777 w wiod\u0105cym sklepie vape w Niemczech. Odwied\u017a nasz <a class=\"underline\" href=\"https:\/\/vozolpuff.de\/pl\/\"><strong>Strona g\u0142\u00f3wna<\/strong><\/a> Aby uzyska\u0107 wi\u0119cej produkt\u00f3w premium, odkryj kompletne <a class=\"underline\" href=\"https:\/\/vozolpuff.de\/pl\/product-category\/vozol-vape\/\"><strong>VOZOL VAPE<\/strong><\/a> kolekcj\u0119 lub przegl\u0105da\u0107 wszystkie <a class=\"underline\" href=\"https:\/\/vozolpuff.de\/pl\/product-category\/vozol-vape\/vozol-vista-40000\/\"><strong>Vozol Vista 40000<\/strong><\/a> Smaki.<\/p>","protected":false},"excerpt":{"rendered":"<p>The <strong>Vozol Vista 40000 Love 777 jednorazowy vape<\/strong> oferuje mistyczn\u0105 kompozycj\u0119 smakow\u0105 z unikaln\u0105 harmoni\u0105 aromat\u00f3w do 40 000 czaruj\u0105cych zaci\u0105gni\u0119\u0107. Z wytrzyma\u0142\u0105 bateri\u0105 1000 mAh, ekspresowym \u0142adowaniem USB-C i technologi\u0105 S.i.L.C z podw\u00f3jn\u0105 siatk\u0105. 4-stopniowa regulacja mocy, opcje podw\u00f3jnego przep\u0142ywu powietrza i interfejs LED 270\u00b0. Poziom nikotyny: 50 mg\/ml (5%).<\/p>","protected":false},"featured_media":800,"comment_status":"open","ping_status":"closed","template":"","meta":{"_acf_changed":false},"product_brand":[],"product_cat":[31],"product_tag":[],"class_list":{"0":"post-798","1":"product","2":"type-product","3":"status-publish","4":"has-post-thumbnail","6":"product_cat-vozol-vista-40000","8":"first","9":"instock","10":"shipping-taxable","11":"purchasable","12":"product-type-variable"},"acf":[],"_links":{"self":[{"href":"https:\/\/vozolpuff.de\/pl\/wp-json\/wp\/v2\/product\/798","targetHints":{"allow":["GET"]}}],"collection":[{"href":"https:\/\/vozolpuff.de\/pl\/wp-json\/wp\/v2\/product"}],"about":[{"href":"https:\/\/vozolpuff.de\/pl\/wp-json\/wp\/v2\/types\/product"}],"replies":[{"embeddable":true,"href":"https:\/\/vozolpuff.de\/pl\/wp-json\/wp\/v2\/comments?post=798"}],"wp:featuredmedia":[{"embeddable":true,"href":"https:\/\/vozolpuff.de\/pl\/wp-json\/wp\/v2\/media\/800"}],"wp:attachment":[{"href":"https:\/\/vozolpuff.de\/pl\/wp-json\/wp\/v2\/media?parent=798"}],"wp:term":[{"taxonomy":"product_brand","embeddable":true,"href":"https:\/\/vozolpuff.de\/pl\/wp-json\/wp\/v2\/product_brand?post=798"},{"taxonomy":"product_cat","embeddable":true,"href":"https:\/\/vozolpuff.de\/pl\/wp-json\/wp\/v2\/product_cat?post=798"},{"taxonomy":"product_tag","embeddable":true,"href":"https:\/\/vozolpuff.de\/pl\/wp-json\/wp\/v2\/product_tag?post=798"}],"curies":[{"name":"wp","href":"https:\/\/api.w.org\/{rel}","templated":true}]}}