{"id":827,"date":"2025-08-24T10:19:22","date_gmt":"2025-08-24T08:19:22","guid":{"rendered":"https:\/\/vozolpuff.de\/?post_type=product&#038;p=827"},"modified":"2026-01-15T12:15:40","modified_gmt":"2026-01-15T11:15:40","slug":"vozol-vista-40000-peach-berry","status":"publish","type":"product","link":"https:\/\/vozolpuff.de\/pl\/produkt\/vozol-vista-40000-peach-berry\/","title":{"rendered":"Vozol Vista 40000 Peach Berry"},"content":{"rendered":"<h2 class=\"text-2xl font-bold mt-1 text-text-100\">Vozol Vista 40000 Peach Berry Jednorazowy vape<\/h2>\n<p class=\"whitespace-normal break-words\">The <strong>Vozol Vista 40000 Peach Berry<\/strong> \u0142\u0105czy soczyste brzoskwinie z aromatycznymi jagodami, tworz\u0105c nieodparty koktajl owocowy. Ten zaawansowany technologicznie, jednorazowy e-papieros z mo\u017cliwo\u015bci\u0105 ponownego \u0142adowania jest wyposa\u017cony w wytrzyma\u0142\u0105 bateri\u0119 1000 mAh i funkcj\u0119 szybkiego \u0142adowania USB-C. Ciesz si\u0119 nawet <strong>40 000 intensywnych, owocowych zaci\u0105gni\u0119\u0107<\/strong> dzi\u0119ki rewolucyjnej cewce Dual Mesh Coil z technologi\u0105 S.i.L.C, uzupe\u0142nionej 4-stopniow\u0105 regulacj\u0105 mocy i podw\u00f3jn\u0105 regulacj\u0105 przep\u0142ywu powietrza.<\/p>\n<h3 class=\"text-xl font-bold text-text-100 mt-1 -mb-0.5\">Peach Berry Vista 40000 Cechy:<\/h3>\n<p class=\"whitespace-normal break-words\"><strong>Wysokowydajny system akumulator\u00f3w o pojemno\u015bci 1000 mAh:<\/strong> Trwa\u0142a moc dzi\u0119ki szybkiemu \u0142adowaniu typu C zapewniaj\u0105cemu nieprzerwan\u0105 przyjemno\u015b\u0107 z wapowania<\/p>\n<p class=\"whitespace-normal break-words\"><strong>Dwupoziomowa odporno\u015b\u0107 na wyci\u0105ganie:<\/strong> Elastyczne przej\u015bcie mi\u0119dzy intensywnymi zaci\u0105gni\u0119ciami MTL a bardziej relaksuj\u0105cymi inhalacjami<\/p>\n<p class=\"whitespace-normal break-words\"><strong>Sterowanie Quattro-Watt:<\/strong> Indywidualna intensywno\u015b\u0107 pary dla doskona\u0142ego smaku brzoskwiniowo-jagodowego<\/p>\n<p class=\"whitespace-normal break-words\"><strong>Widok panoramiczny 270\u00b0 Monitor LED:<\/strong> Kompletne informacje o liczniku przebiegu, stanie akumulatora i trybie pracy<\/p>\n<p class=\"whitespace-normal break-words\"><strong>S.i.L.C Dual-Mesh System:<\/strong> Najnowocze\u015bniejsza technologia nawijania zapewniaj\u0105ca r\u00f3wnomiern\u0105 przyjemno\u015b\u0107 z palenia Peach Berry<\/p>\n<p class=\"whitespace-normal break-words\"><strong>Funkcje o\u015bwietlenia reaktywnego:<\/strong> Atrakcyjne pokazy LED aktywowane przy ka\u017cdym u\u017cyciu<\/p>\n<p class=\"whitespace-normal break-words\"><strong>Standardowa zawarto\u015b\u0107 nikotyny 50 mg\/ml (5%):<\/strong> Zadowalaj\u0105ce dostarczanie nikotyny dla regularnych u\u017cytkownik\u00f3w e-papieros\u00f3w<\/p>\n<h3 class=\"text-xl font-bold text-text-100 mt-1 -mb-0.5\">Odkryj wi\u0119cej VOZOL VAPE na vozolpuff<\/h3>\n<p class=\"whitespace-normal break-words\">Kup Vozol Vista 40000 Peach Berry w wiod\u0105cym niemieckim sklepie z produktami do wapowania. Odwied\u017a nasz\u0105 stron\u0119 internetow\u0105. <a class=\"underline\" href=\"https:\/\/vozolpuff.de\/pl\/\"><strong>Strona g\u0142\u00f3wna<\/strong><\/a> Aby uzyska\u0107 wi\u0119cej produkt\u00f3w premium, odkryj kompletne <a class=\"underline\" href=\"https:\/\/vozolpuff.de\/pl\/product-category\/vozol-vape\/\"><strong>VOZOL VAPE<\/strong><\/a> kolekcj\u0119 lub przegl\u0105da\u0107 wszystkie <a class=\"underline\" href=\"https:\/\/vozolpuff.de\/pl\/product-category\/vozol-vape\/vozol-vista-40000\/\"><strong>Vozol Vista 40000<\/strong><\/a> Smaki.<\/p>","protected":false},"excerpt":{"rendered":"<p>The <strong>Vozol Vista 40000 Peach Berry Jednorazowy vape<\/strong> \u0142\u0105czy soczyste brzoskwinie z aromatycznymi jagodami, tworz\u0105c nieodparty koktajl owocowy zapewniaj\u0105cy do 40 000 intensywnych owocowych zaci\u0105gni\u0119\u0107. Z wytrzyma\u0142\u0105 bateri\u0105 1000 mAh, funkcj\u0105 szybkiego \u0142adowania USB-C i technologi\u0105 Dual-Mesh S.i.L.C. 4-stopniowa regulacja mocy, podw\u00f3jna regulacja przep\u0142ywu powietrza i monitor LED 270\u00b0. Zawarto\u015b\u0107 nikotyny: 50 mg\/ml (5%).<\/p>","protected":false},"featured_media":830,"comment_status":"open","ping_status":"closed","template":"","meta":{"_acf_changed":false},"product_brand":[],"product_cat":[31],"product_tag":[],"class_list":{"0":"post-827","1":"product","2":"type-product","3":"status-publish","4":"has-post-thumbnail","6":"product_cat-vozol-vista-40000","8":"first","9":"instock","10":"shipping-taxable","11":"purchasable","12":"product-type-variable"},"acf":[],"_links":{"self":[{"href":"https:\/\/vozolpuff.de\/pl\/wp-json\/wp\/v2\/product\/827","targetHints":{"allow":["GET"]}}],"collection":[{"href":"https:\/\/vozolpuff.de\/pl\/wp-json\/wp\/v2\/product"}],"about":[{"href":"https:\/\/vozolpuff.de\/pl\/wp-json\/wp\/v2\/types\/product"}],"replies":[{"embeddable":true,"href":"https:\/\/vozolpuff.de\/pl\/wp-json\/wp\/v2\/comments?post=827"}],"wp:featuredmedia":[{"embeddable":true,"href":"https:\/\/vozolpuff.de\/pl\/wp-json\/wp\/v2\/media\/830"}],"wp:attachment":[{"href":"https:\/\/vozolpuff.de\/pl\/wp-json\/wp\/v2\/media?parent=827"}],"wp:term":[{"taxonomy":"product_brand","embeddable":true,"href":"https:\/\/vozolpuff.de\/pl\/wp-json\/wp\/v2\/product_brand?post=827"},{"taxonomy":"product_cat","embeddable":true,"href":"https:\/\/vozolpuff.de\/pl\/wp-json\/wp\/v2\/product_cat?post=827"},{"taxonomy":"product_tag","embeddable":true,"href":"https:\/\/vozolpuff.de\/pl\/wp-json\/wp\/v2\/product_tag?post=827"}],"curies":[{"name":"wp","href":"https:\/\/api.w.org\/{rel}","templated":true}]}}